{"id":1022,"date":"2024-04-17T10:54:29","date_gmt":"2024-04-17T13:54:29","guid":{"rendered":"https:\/\/www.acquavici.com.br\/?post_type=product&#038;p=1022"},"modified":"2025-08-18T14:35:46","modified_gmt":"2025-08-18T17:35:46","slug":"motor-para-ventilador-de-parede-60-cm-ventisol-200w-bivolt","status":"publish","type":"product","link":"https:\/\/www.acquavici.com.br\/en\/motor-para-ventilador-de-parede-60-cm-ventisol-200w-bivolt\/","title":{"rendered":"Motor para Ventilador De Parede 60 Cm Ventisol 200w Bivolt"},"content":{"rendered":"<p>Motor para Ventilador De Parede 60 Cm Ventisol 200w Bivolt<\/p>\n<p>C\u00f3digos do Fabricante Ventisol: 030723<br \/>\nMarca: Ventisol<br \/>\nProced\u00eancia: Original &#8211; Comprado Diretamente com a Ventisol<br \/>\nProduto de Aplica\u00e7\u00e3o: Ventilador<\/p>\n<p>Compat\u00edvel com os Modelos de Ventiladores:<br \/>\n6161 &#8211; VENTILADOR OSC PAREDE STELL 50CM CH HH<br \/>\n92.50.604 &#8211; VENT OSC PAREDE 60CM PRETO GR PRETO 127V<br \/>\n92.50.605 &#8211; VENT OSC PAREDE 60CM PRETO GR PRETO 220V<br \/>\n92.50.609 &#8211; VENT OSC PAREDE 60CM PRETO GR CROMA CH HH<br \/>\n92.50.610 &#8211; VENT OSC PAREDE 60CM PRETO GR CROMA 127V<br \/>\n92.50.611 &#8211; VENT OSC PAREDE 60CM PRETO GR CROMA 220V<\/p>\n<p>Itens inclusos:<br \/>\n1 Motor para Ventilador De Parede 60 Cm Ventisol 200w Bivolt;<\/p>\n<p>ATEN\u00c7\u00c3O<br \/>\nEnviado com Nota Fiscal.<\/p>\n<p>SOMOS ASSIST\u00caNCIA T\u00c9CNICA AUTORIZADA VENTISOL.<\/p>","protected":false},"excerpt":{"rendered":"<p>Motor para Ventilador De Parede 60 Cm Ventisol 200w Bivolt C\u00f3digos do Fabricante Ventisol: 030723 Marca: Ventisol Proced\u00eancia: Original &#8211; Comprado Diretamente com a Ventisol Produto de Aplica\u00e7\u00e3o: Ventilador Compat\u00edvel com os Modelos de Ventiladores: 6161 &#8211; VENTILADOR OSC PAREDE STELL 50CM CH HH 92.50.604 &#8211; VENT OSC PAREDE 60CM PRETO GR PRETO 127V 92.50.605 [&hellip;]<\/p>","protected":false},"featured_media":1979,"comment_status":"open","ping_status":"closed","template":"","meta":[],"product_brand":[],"product_cat":[20],"product_tag":[],"class_list":{"0":"post-1022","1":"product","2":"type-product","3":"status-publish","4":"has-post-thumbnail","6":"product_cat-ventilador-de-teto","8":"first","9":"instock","10":"shipping-taxable","11":"purchasable","12":"product-type-simple"},"_links":{"self":[{"href":"https:\/\/www.acquavici.com.br\/en\/wp-json\/wp\/v2\/product\/1022","targetHints":{"allow":["GET"]}}],"collection":[{"href":"https:\/\/www.acquavici.com.br\/en\/wp-json\/wp\/v2\/product"}],"about":[{"href":"https:\/\/www.acquavici.com.br\/en\/wp-json\/wp\/v2\/types\/product"}],"replies":[{"embeddable":true,"href":"https:\/\/www.acquavici.com.br\/en\/wp-json\/wp\/v2\/comments?post=1022"}],"wp:featuredmedia":[{"embeddable":true,"href":"https:\/\/www.acquavici.com.br\/en\/wp-json\/wp\/v2\/media\/1979"}],"wp:attachment":[{"href":"https:\/\/www.acquavici.com.br\/en\/wp-json\/wp\/v2\/media?parent=1022"}],"wp:term":[{"taxonomy":"product_brand","embeddable":true,"href":"https:\/\/www.acquavici.com.br\/en\/wp-json\/wp\/v2\/product_brand?post=1022"},{"taxonomy":"product_cat","embeddable":true,"href":"https:\/\/www.acquavici.com.br\/en\/wp-json\/wp\/v2\/product_cat?post=1022"},{"taxonomy":"product_tag","embeddable":true,"href":"https:\/\/www.acquavici.com.br\/en\/wp-json\/wp\/v2\/product_tag?post=1022"}],"curies":[{"name":"wp","href":"https:\/\/api.w.org\/{rel}","templated":true}]}}