{"id":1067,"date":"2024-04-17T10:54:53","date_gmt":"2024-04-17T13:54:53","guid":{"rendered":"https:\/\/www.acquavici.com.br\/?post_type=product&#038;p=1067"},"modified":"2024-07-12T16:00:15","modified_gmt":"2024-07-12T19:00:15","slug":"castelo-reparo-registro-p-torneira-eletrica-3t-fame","status":"publish","type":"product","link":"https:\/\/www.acquavici.com.br\/en\/castelo-reparo-registro-p-torneira-eletrica-3t-fame\/","title":{"rendered":"CASTELO REPARO REGISTO TORNEITA BICA RETA\/BICA ALTA 3T FAME &#8211; 2463"},"content":{"rendered":"<p>Castelo Reparo Registro P\/Torneira Eletrica 3T Fame.<\/p>\n<p>Por se tratar de pe\u00e7a de reposi\u00e7\u00e3o destinada a assist\u00eancia t\u00e9cnica, a mesma n\u00e3o acompanha embalagem com descri\u00e7\u00e3o e manual de instala\u00e7\u00e3o.<\/p>\n<p>Marca: Fame<br \/>\nmodelo: 010.2463.0<\/p>\n<p>Serve Para:<br \/>\nTorneira el\u00e9trica 3 Temperaturas;<\/p>\n<p>Itens inclusos:<br \/>\n1 CASTELO REPARO REGISTO TORNEITA BICA RETA\/BICA ALTA 3T FAME &#8211; 2463;<\/p>\n<p>ATEN\u00c7\u00c3O<br \/>\nEnviado com Nota Fiscal<\/p>\n<p>SOMOS ASSIST\u00caNCIA T\u00c9CNICA AUTORIZADA FAME.<\/p>","protected":false},"excerpt":{"rendered":"<p>Castelo Reparo Registro P\/Torneira Eletrica 3T Fame. Por se tratar de pe\u00e7a de reposi\u00e7\u00e3o destinada a assist\u00eancia t\u00e9cnica, a mesma n\u00e3o acompanha embalagem com descri\u00e7\u00e3o e manual de instala\u00e7\u00e3o. Marca: Fame modelo: 010.2463.0 Serve Para: Torneira el\u00e9trica 3 Temperaturas; Itens inclusos: 1 CASTELO REPARO REGISTO TORNEITA BICA RETA\/BICA ALTA 3T FAME &#8211; 2463; ATEN\u00c7\u00c3O Enviado [&hellip;]<\/p>","protected":false},"featured_media":1135,"comment_status":"open","ping_status":"closed","template":"","meta":[],"product_brand":[],"product_cat":[17,19],"product_tag":[],"class_list":{"0":"post-1067","1":"product","2":"type-product","3":"status-publish","4":"has-post-thumbnail","6":"product_cat-pecas-em-geral","7":"product_cat-torneiras","9":"first","10":"instock","11":"shipping-taxable","12":"purchasable","13":"product-type-simple"},"_links":{"self":[{"href":"https:\/\/www.acquavici.com.br\/en\/wp-json\/wp\/v2\/product\/1067","targetHints":{"allow":["GET"]}}],"collection":[{"href":"https:\/\/www.acquavici.com.br\/en\/wp-json\/wp\/v2\/product"}],"about":[{"href":"https:\/\/www.acquavici.com.br\/en\/wp-json\/wp\/v2\/types\/product"}],"replies":[{"embeddable":true,"href":"https:\/\/www.acquavici.com.br\/en\/wp-json\/wp\/v2\/comments?post=1067"}],"wp:featuredmedia":[{"embeddable":true,"href":"https:\/\/www.acquavici.com.br\/en\/wp-json\/wp\/v2\/media\/1135"}],"wp:attachment":[{"href":"https:\/\/www.acquavici.com.br\/en\/wp-json\/wp\/v2\/media?parent=1067"}],"wp:term":[{"taxonomy":"product_brand","embeddable":true,"href":"https:\/\/www.acquavici.com.br\/en\/wp-json\/wp\/v2\/product_brand?post=1067"},{"taxonomy":"product_cat","embeddable":true,"href":"https:\/\/www.acquavici.com.br\/en\/wp-json\/wp\/v2\/product_cat?post=1067"},{"taxonomy":"product_tag","embeddable":true,"href":"https:\/\/www.acquavici.com.br\/en\/wp-json\/wp\/v2\/product_tag?post=1067"}],"curies":[{"name":"wp","href":"https:\/\/api.w.org\/{rel}","templated":true}]}}