{"id":1068,"date":"2024-04-17T10:54:53","date_gmt":"2024-04-17T13:54:53","guid":{"rendered":"https:\/\/www.acquavici.com.br\/?post_type=product&#038;p=1068"},"modified":"2024-07-15T10:54:11","modified_gmt":"2024-07-15T13:54:11","slug":"porca-fixadora-do-bojo-p-torneira-eletrica-elegance-4t-fame","status":"publish","type":"product","link":"https:\/\/www.acquavici.com.br\/en\/porca-fixadora-do-bojo-p-torneira-eletrica-elegance-4t-fame\/","title":{"rendered":"PORCA FIXADORA DO BOJO TORNEIRA EL\u00c9TRICA ELEGANCE 4T FAMA 3488"},"content":{"rendered":"<p>Porca Fixadora do Bojo P\/Torneira El\u00e9trica Elegance 4T Fame.<\/p>\n<p>Por se tratar de pe\u00e7a de reposi\u00e7\u00e3o destinada a assist\u00eancia t\u00e9cnica, a mesma n\u00e3o acompanha embalagem com descri\u00e7\u00e3o e manual de instala\u00e7\u00e3o.<\/p>\n<p>Marca: Fame<br \/>\nmodelo: 017.3488.0<\/p>\n<p>Serve Para:<br \/>\nTorneira Elegance 4T;<\/p>\n<p>Itens inclusos:<br \/>\n1 Porca Fixadora do Bojo P\/Torneira El\u00e9trica Elegance 4T Fame.;<\/p>\n<p>ATEN\u00c7\u00c3O<br \/>\nEnviado com Nota Fiscal<\/p>\n<p>SOMOS ASSIST\u00caNCIA T\u00c9CNICA AUTORIZADA FAME.<\/p>","protected":false},"excerpt":{"rendered":"<p>Porca Fixadora do Bojo P\/Torneira El\u00e9trica Elegance 4T Fame. Por se tratar de pe\u00e7a de reposi\u00e7\u00e3o destinada a assist\u00eancia t\u00e9cnica, a mesma n\u00e3o acompanha embalagem com descri\u00e7\u00e3o e manual de instala\u00e7\u00e3o. Marca: Fame modelo: 017.3488.0 Serve Para: Torneira Elegance 4T; Itens inclusos: 1 Porca Fixadora do Bojo P\/Torneira El\u00e9trica Elegance 4T Fame.; ATEN\u00c7\u00c3O Enviado com [&hellip;]<\/p>","protected":false},"featured_media":1137,"comment_status":"open","ping_status":"closed","template":"","meta":[],"product_brand":[],"product_cat":[17,19],"product_tag":[],"class_list":{"0":"post-1068","1":"product","2":"type-product","3":"status-publish","4":"has-post-thumbnail","6":"product_cat-pecas-em-geral","7":"product_cat-torneiras","9":"first","10":"instock","11":"shipping-taxable","12":"purchasable","13":"product-type-simple"},"_links":{"self":[{"href":"https:\/\/www.acquavici.com.br\/en\/wp-json\/wp\/v2\/product\/1068","targetHints":{"allow":["GET"]}}],"collection":[{"href":"https:\/\/www.acquavici.com.br\/en\/wp-json\/wp\/v2\/product"}],"about":[{"href":"https:\/\/www.acquavici.com.br\/en\/wp-json\/wp\/v2\/types\/product"}],"replies":[{"embeddable":true,"href":"https:\/\/www.acquavici.com.br\/en\/wp-json\/wp\/v2\/comments?post=1068"}],"wp:featuredmedia":[{"embeddable":true,"href":"https:\/\/www.acquavici.com.br\/en\/wp-json\/wp\/v2\/media\/1137"}],"wp:attachment":[{"href":"https:\/\/www.acquavici.com.br\/en\/wp-json\/wp\/v2\/media?parent=1068"}],"wp:term":[{"taxonomy":"product_brand","embeddable":true,"href":"https:\/\/www.acquavici.com.br\/en\/wp-json\/wp\/v2\/product_brand?post=1068"},{"taxonomy":"product_cat","embeddable":true,"href":"https:\/\/www.acquavici.com.br\/en\/wp-json\/wp\/v2\/product_cat?post=1068"},{"taxonomy":"product_tag","embeddable":true,"href":"https:\/\/www.acquavici.com.br\/en\/wp-json\/wp\/v2\/product_tag?post=1068"}],"curies":[{"name":"wp","href":"https:\/\/api.w.org\/{rel}","templated":true}]}}