{"id":1071,"date":"2024-04-17T10:54:53","date_gmt":"2024-04-17T13:54:53","guid":{"rendered":"https:\/\/www.acquavici.com.br\/?post_type=product&#038;p=1071"},"modified":"2025-08-19T10:15:41","modified_gmt":"2025-08-19T13:15:41","slug":"chuveiro-eletronico-aqua-duo-ultra-lorenzetti-black-220v-7800w","status":"publish","type":"product","link":"https:\/\/www.acquavici.com.br\/en\/chuveiro-eletronico-aqua-duo-ultra-lorenzetti-black-220v-7800w\/","title":{"rendered":"CHUVEIRO ACQUA DUO BLACK\/CR 220V\/7800W LORENZETTI"},"content":{"rendered":"<p>Chuveiro Eletr\u00f4nico Aqua Duo Ultra Lorenzetti Preto e CR 220v 7800w.<\/p>\n<p>E para dar continuidade ao grande sucesso da Linha Acqua Ultra, a Lorenzetti surpreende mais uma vez com um produto sofisticado que possui acabamento moderno com linhas quadradas, design compacto, \u201cSimilar ao design de duchas Frias\u201d e que integra\u00a0ducha e chuveiro em um \u00fanico produto.<\/p>\n<p>Na op\u00e7\u00e3o de banho com ducha, o jato \u00e9 direcion\u00e1vel e concentrado, inclinando-se na dire\u00e7\u00e3o desejada, enquanto o chuveiro proporciona um jato mais espa\u00e7ado, por meio de um espalhador de grande propor\u00e7\u00e3o.<\/p>\n<p>A Linha Acqua Ultra conta com a exclusiva Resist\u00eancia Loren Ultra, a primeira resist\u00eancia plana do mercado. Trata-se de um desenvolvimento com mais de cinco anos de estudos, que garante alta performance e longa dura\u00e7\u00e3o.<\/p>\n<p>Ducha e Chuveiro em um s\u00f3 produto: Escolha a op\u00e7\u00e3o do seu banho.<br \/>\nTecnologia Press Plus: Jatos de alta performance mesmo com baixa press\u00e3o.<br \/>\nExclusiva resist\u00eancia Loren Ultra: Longa dura\u00e7\u00e3o em compara\u00e7\u00e3o as resist\u00eancias comuns.<br \/>\nResist\u00eancia de troca r\u00e1pida Loren Ultra: Exclusivo cartucho que garante uma troca r\u00e1pida e segura.<br \/>\nComando eletr\u00f4nico:\u00a0Permite a escolha gradual e precisa da temperatura.<br \/>\nHaste de comando:\u00a0Controle de temperaturas e sele\u00e7\u00e3o do tipo de jato ao alcance das m\u00e3os (uso opcional).<br \/>\nD.R.I.: Dispositivo de Regulagem de Inclina\u00e7\u00e3o.<br \/>\nDucha manual com design exclusivo.<br \/>\nCompat\u00edvel com aquecimento solar e outros sistemas de aquecimento.<\/p>\n<p>Caracter\u00edsticas do produto:<br \/>\nMarca: Lorenzetti<br \/>\nMaterial: Pl\u00e1stico<br \/>\nCor: Preto\/Cromado<br \/>\nVoltagem: 220V<br \/>\nDisjuntor (A): 40A (220V)<br \/>\nFios (mm2): 6mm (220V)<br \/>\nPot\u00eancia: 7800W (220V)<br \/>\nCompat\u00edvel com DR: Sim<br \/>\nCompat\u00edvel com Sistemas de Aquecimento: Sim<br \/>\nPress\u00e3o de Funcionamento: 10 a 400kPa (1 a 40mca)<br \/>\nGrau de Prote\u00e7\u00e3o: IP 24<br \/>\nSistema de Aterramento: Sim<br \/>\nComando Eletr\u00f4nico de Temperaturas: Sim<br \/>\nTipo: Eletr\u00f4nicos<br \/>\nLocal de Uso: Parede<\/p>\n<p>Dimens\u00f5es<br \/>\nAxLxP (mm): 228x210x520<\/p>\n<p>Acompanha o produto:<br \/>\n01 Chuveiro Eletr\u00f4nico Aqua Duo Ultra Black\/CR 220v 7800w Lorenzetti;<br \/>\n01 Haste de Comando;<br \/>\n01 Mangueira com Ducha Manual;<br \/>\n01 Redutor de Press\u00e3o;<br \/>\n01 Manual de Instala\u00e7\u00e3o;<br \/>\nATEN\u00c7\u00c3O<br \/>\nEnviado com Nota Fiscal.<\/p>\n<p>SOMOS ASSIST\u00caNCIA T\u00c9CNICA AUTORIZADA LORENZETTI.<\/p>","protected":false},"excerpt":{"rendered":"<p>Chuveiro Eletr\u00f4nico Aqua Duo Ultra Lorenzetti Preto e CR 220v 7800w. E para dar continuidade ao grande sucesso da Linha Acqua Ultra, a Lorenzetti surpreende mais uma vez com um produto sofisticado que possui acabamento moderno com linhas quadradas, design compacto, \u201cSimilar ao design de duchas Frias\u201d e que integra\u00a0ducha e chuveiro em um \u00fanico [&hellip;]<\/p>","protected":false},"featured_media":1146,"comment_status":"open","ping_status":"closed","template":"","meta":[],"product_brand":[],"product_cat":[24],"product_tag":[],"class_list":{"0":"post-1071","1":"product","2":"type-product","3":"status-publish","4":"has-post-thumbnail","6":"product_cat-duchas-chuveiros","8":"first","9":"instock","10":"shipping-taxable","11":"purchasable","12":"product-type-simple"},"_links":{"self":[{"href":"https:\/\/www.acquavici.com.br\/en\/wp-json\/wp\/v2\/product\/1071","targetHints":{"allow":["GET"]}}],"collection":[{"href":"https:\/\/www.acquavici.com.br\/en\/wp-json\/wp\/v2\/product"}],"about":[{"href":"https:\/\/www.acquavici.com.br\/en\/wp-json\/wp\/v2\/types\/product"}],"replies":[{"embeddable":true,"href":"https:\/\/www.acquavici.com.br\/en\/wp-json\/wp\/v2\/comments?post=1071"}],"wp:featuredmedia":[{"embeddable":true,"href":"https:\/\/www.acquavici.com.br\/en\/wp-json\/wp\/v2\/media\/1146"}],"wp:attachment":[{"href":"https:\/\/www.acquavici.com.br\/en\/wp-json\/wp\/v2\/media?parent=1071"}],"wp:term":[{"taxonomy":"product_brand","embeddable":true,"href":"https:\/\/www.acquavici.com.br\/en\/wp-json\/wp\/v2\/product_brand?post=1071"},{"taxonomy":"product_cat","embeddable":true,"href":"https:\/\/www.acquavici.com.br\/en\/wp-json\/wp\/v2\/product_cat?post=1071"},{"taxonomy":"product_tag","embeddable":true,"href":"https:\/\/www.acquavici.com.br\/en\/wp-json\/wp\/v2\/product_tag?post=1071"}],"curies":[{"name":"wp","href":"https:\/\/api.w.org\/{rel}","templated":true}]}}