{"id":1072,"date":"2024-04-17T10:54:53","date_gmt":"2024-04-17T13:54:53","guid":{"rendered":"https:\/\/www.acquavici.com.br\/?post_type=product&#038;p=1072"},"modified":"2024-07-11T08:39:39","modified_gmt":"2024-07-11T11:39:39","slug":"chuveiro-tradicao-4-temperaturas-lorenzetti-220v-6800w","status":"publish","type":"product","link":"https:\/\/www.acquavici.com.br\/en\/chuveiro-tradicao-4-temperaturas-lorenzetti-220v-6800w\/","title":{"rendered":"CHUVEIRO TRADI\u00c7AO 4 TEMPERATURAS 220v 6800w LORENZETTI"},"content":{"rendered":"<p>O Chuveiro Tradi\u00e7\u00e3o \u00e9 um \u00edcone da categoria de chuveiros. \u00c9 sin\u00f4nimo de banho.<\/p>\n<p>Dispon\u00edvel no acabamento cromado, ele \u00e9 perfeito para combinar com os metais de seu banheiro. Seu espalhador moderno valoriza o design do chuveiro, proporcionando um banho vigoroso aliado a bom gosto e funcionalidade.<\/p>\n<div id=\"collapseDetail\" class=\"collapse show\" aria-labelledby=\"headingDetail\" data-parent=\"#detailContainer\">\n<div class=\"card-body\">\n<div class=\"selected-product__description-container--content\">\n<p>Detalhe:<br \/>\nDurabilidade e Seguran\u00e7a<br \/>\nQualidade aprimorada ao longo dos anos.<\/p>\n<p>Comando Multitemperaturas<br \/>\nMais conforto e economia.<\/p>\n<p>Espalhador Diferenciado<br \/>\nMais prazer no seu banho.<\/p>\n<p>Detalhes do produto:<br \/>\nMarca: Lorenzetti<br \/>\nModelo: Tradi\u00e7\u00e3o<br \/>\nVoltagem: 220V<br \/>\nPot\u00eancia: 6800W<br \/>\nFio: 4mm (At\u00e9 30m do disjuntor).<br \/>\nPress\u00e3o de Funcionamento: 10 a 400 kPa.<br \/>\nDisjuntor: 32a (4mm) 35a (6mm).<br \/>\nGrau de Prote\u00e7\u00e3o: IP24.<br \/>\nSistema de Aterramento: Sim.<br \/>\nAcabamento: Cromado<br \/>\nMaterial: Termopl\u00e1stico<br \/>\nTipo de chuveiro: Convencionais<\/p>\n<p>***************N\u00c3O ACOMPANHA CANO*************<\/p>\n<p>Itens inclusos:<br \/>\n1 Ducha Tradi\u00e7\u00e3o 4 TemperaturasLorenzetti 220v 6800w;<br \/>\n1 Chuveirinho;<br \/>\n1 Mangueira;<br \/>\n1 Suporte;<br \/>\n1 Manual de Instru\u00e7\u00f5es;<\/p>\n<p>ATEN\u00c7\u00c3O<br \/>\nEnviado com Nota Fiscal.<\/p>\n<p>SOMOS ASSIST\u00caNCIA T\u00c9CNICA AUTORIZADA LORENZETTI.<\/p>\n<\/div>\n<\/div>\n<\/div>","protected":false},"excerpt":{"rendered":"<p>O Chuveiro Tradi\u00e7\u00e3o \u00e9 um \u00edcone da categoria de chuveiros. \u00c9 sin\u00f4nimo de banho. Dispon\u00edvel no acabamento cromado, ele \u00e9 perfeito para combinar com os metais de seu banheiro. Seu espalhador moderno valoriza o design do chuveiro, proporcionando um banho vigoroso aliado a bom gosto e funcionalidade. Detalhe: Durabilidade e Seguran\u00e7a Qualidade aprimorada ao longo [&hellip;]<\/p>","protected":false},"featured_media":1153,"comment_status":"open","ping_status":"closed","template":"","meta":[],"product_brand":[],"product_cat":[24],"product_tag":[],"class_list":{"0":"post-1072","1":"product","2":"type-product","3":"status-publish","4":"has-post-thumbnail","6":"product_cat-duchas-chuveiros","8":"first","9":"instock","10":"shipping-taxable","11":"purchasable","12":"product-type-simple"},"_links":{"self":[{"href":"https:\/\/www.acquavici.com.br\/en\/wp-json\/wp\/v2\/product\/1072","targetHints":{"allow":["GET"]}}],"collection":[{"href":"https:\/\/www.acquavici.com.br\/en\/wp-json\/wp\/v2\/product"}],"about":[{"href":"https:\/\/www.acquavici.com.br\/en\/wp-json\/wp\/v2\/types\/product"}],"replies":[{"embeddable":true,"href":"https:\/\/www.acquavici.com.br\/en\/wp-json\/wp\/v2\/comments?post=1072"}],"wp:featuredmedia":[{"embeddable":true,"href":"https:\/\/www.acquavici.com.br\/en\/wp-json\/wp\/v2\/media\/1153"}],"wp:attachment":[{"href":"https:\/\/www.acquavici.com.br\/en\/wp-json\/wp\/v2\/media?parent=1072"}],"wp:term":[{"taxonomy":"product_brand","embeddable":true,"href":"https:\/\/www.acquavici.com.br\/en\/wp-json\/wp\/v2\/product_brand?post=1072"},{"taxonomy":"product_cat","embeddable":true,"href":"https:\/\/www.acquavici.com.br\/en\/wp-json\/wp\/v2\/product_cat?post=1072"},{"taxonomy":"product_tag","embeddable":true,"href":"https:\/\/www.acquavici.com.br\/en\/wp-json\/wp\/v2\/product_tag?post=1072"}],"curies":[{"name":"wp","href":"https:\/\/api.w.org\/{rel}","templated":true}]}}