{"id":1074,"date":"2024-04-17T10:54:53","date_gmt":"2024-04-17T13:54:53","guid":{"rendered":"https:\/\/www.acquavici.com.br\/?post_type=product&#038;p=1074"},"modified":"2025-08-19T11:16:10","modified_gmt":"2025-08-19T14:16:10","slug":"resistencia-ducha-futura-lorenzetti-220v-7500w-3060-c","status":"publish","type":"product","link":"https:\/\/www.acquavici.com.br\/en\/resistencia-ducha-futura-lorenzetti-220v-7500w-3060-c\/","title":{"rendered":"Resistencia Ducha Futura Lorenzetti  220V 7500W 3060-C"},"content":{"rendered":"<p>Resistencia Ducha Futura Lorenzetti 220V 7500W &#8211; 3060-C<\/p>\n<p>Descri\u00e7\u00e3o do produto: Cada produto e desenvolvido com fia\u00e7\u00e3o interna para suportar uma determinada Voltagem e Potencia.<br \/>\nNunca coloque uma resist\u00eancia que tenha caracter\u00edsticas diferentes do padr\u00e3o desenvolvido para seu produto.<\/p>\n<p>Detalhes do produto:<br \/>\nC\u00f3digo de referencia: 3060-C<br \/>\nVoltagem: 220V<br \/>\nPotencia: 7500W<br \/>\nComponentes: Ligas de cobre e a\u00e7o.<\/p>\n<p>Modelos compat\u00edveis:<br \/>\nDuo Shower Turbo Eletr\u00f4nica Plus;<br \/>\nDuo Shower Turbo Eletr\u00f4nica;<br \/>\nDuo Shower Turbo Multitemperaturas;<br \/>\nDuo Shower Eletr\u00f4nica Plus;<br \/>\nDuo Shower Eletr\u00f4nica;<br \/>\nDuo Shower Multitemperaturas;<br \/>\nDucha Futura Multitemperaturas;<br \/>\nDucha Futura Eletr\u00f4nica.<\/p>\n<p>Aten\u00e7\u00e3o: Antes de efetuar a troca da resist\u00eancia, leia o manual de instru\u00e7\u00f5es, fornecido junto da resist\u00eancia nova e siga as recomenda\u00e7\u00f5es espec\u00edficas para o seu produto.<\/p>\n<p>Itens inclusos:<br \/>\n01 Resistencia Ducha Futura Lorenzetti 220V 7500W &#8211; 3060-C;<br \/>\n01 Manual de Instru\u00e7\u00f5es;<\/p>\n<p>ATEN\u00c7\u00c3O<br \/>\nEnviado com Nota Fiscal.<\/p>\n<p>SOMOS ASSIST\u00caNCIA T\u00c9CNICA AUTORIZADA LORENZETTI.<\/p>","protected":false},"excerpt":{"rendered":"<p>Resistencia Ducha Futura Lorenzetti 220V 7500W &#8211; 3060-C Descri\u00e7\u00e3o do produto: Cada produto e desenvolvido com fia\u00e7\u00e3o interna para suportar uma determinada Voltagem e Potencia. Nunca coloque uma resist\u00eancia que tenha caracter\u00edsticas diferentes do padr\u00e3o desenvolvido para seu produto. Detalhes do produto: C\u00f3digo de referencia: 3060-C Voltagem: 220V Potencia: 7500W Componentes: Ligas de cobre e [&hellip;]<\/p>","protected":false},"featured_media":1178,"comment_status":"open","ping_status":"closed","template":"","meta":[],"product_brand":[],"product_cat":[24],"product_tag":[],"class_list":{"0":"post-1074","1":"product","2":"type-product","3":"status-publish","4":"has-post-thumbnail","6":"product_cat-duchas-chuveiros","8":"first","9":"instock","10":"shipping-taxable","11":"purchasable","12":"product-type-simple"},"_links":{"self":[{"href":"https:\/\/www.acquavici.com.br\/en\/wp-json\/wp\/v2\/product\/1074","targetHints":{"allow":["GET"]}}],"collection":[{"href":"https:\/\/www.acquavici.com.br\/en\/wp-json\/wp\/v2\/product"}],"about":[{"href":"https:\/\/www.acquavici.com.br\/en\/wp-json\/wp\/v2\/types\/product"}],"replies":[{"embeddable":true,"href":"https:\/\/www.acquavici.com.br\/en\/wp-json\/wp\/v2\/comments?post=1074"}],"wp:featuredmedia":[{"embeddable":true,"href":"https:\/\/www.acquavici.com.br\/en\/wp-json\/wp\/v2\/media\/1178"}],"wp:attachment":[{"href":"https:\/\/www.acquavici.com.br\/en\/wp-json\/wp\/v2\/media?parent=1074"}],"wp:term":[{"taxonomy":"product_brand","embeddable":true,"href":"https:\/\/www.acquavici.com.br\/en\/wp-json\/wp\/v2\/product_brand?post=1074"},{"taxonomy":"product_cat","embeddable":true,"href":"https:\/\/www.acquavici.com.br\/en\/wp-json\/wp\/v2\/product_cat?post=1074"},{"taxonomy":"product_tag","embeddable":true,"href":"https:\/\/www.acquavici.com.br\/en\/wp-json\/wp\/v2\/product_tag?post=1074"}],"curies":[{"name":"wp","href":"https:\/\/api.w.org\/{rel}","templated":true}]}}