{"id":1075,"date":"2024-04-17T10:54:53","date_gmt":"2024-04-17T13:54:53","guid":{"rendered":"https:\/\/www.acquavici.com.br\/?post_type=product&#038;p=1075"},"modified":"2025-08-19T13:38:26","modified_gmt":"2025-08-19T16:38:26","slug":"resistencia-maxi-ducha-lorenzetti-220v-5500w-055-a","status":"publish","type":"product","link":"https:\/\/www.acquavici.com.br\/en\/resistencia-maxi-ducha-lorenzetti-220v-5500w-055-a\/","title":{"rendered":"RESISTENCIA MAXI, BELLA, RELAX, JETSET DUCHA 220V 5500W LORENZETTI 055 A"},"content":{"rendered":"<p>Resist\u00eancia Maxi Ducha Lorenzetti 220v 5500w 055 A<\/p>\n<p>Descri\u00e7\u00e3o do produto: Cada produto e desenvolvido com fia\u00e7\u00e3o interna para suportar uma determinada Voltagem e Potencia.<br \/>\nNunca coloque uma resist\u00eancia que tenha caracter\u00edsticas diferentes do padr\u00e3o desenvolvido para seu produto.<\/p>\n<p>Detalhes do produto:<br \/>\nC\u00f3digo de referencia: 055 A<br \/>\nVoltagem: 220V<br \/>\nPot\u00eancia: 5500W<br \/>\nComponentes: Ligas de cobre e a\u00e7o.<\/p>\n<p>Compat\u00edvel com os modelos:<br \/>\nMaxi Ducha;<br \/>\nBello Banho;<br \/>\nMaxi Torneira;<br \/>\nMaxi e Big Banho;<br \/>\nBella Ducha Relax Luxo;<br \/>\nRelax e Jet Set;<br \/>\nTorneira Clean;<br \/>\nNova Maxi;<br \/>\nTorneira T-43;<br \/>\nTorneira Vers\u00e1til;<\/p>\n<p>Aten\u00e7\u00e3o: Antes de efetuar a troca da resist\u00eancia, leia o manual de instru\u00e7\u00f5es, fornecido junto da resist\u00eancia nova e siga as recomenda\u00e7\u00f5es espec\u00edficas para o seu produto.<\/p>\n<p>Itens inclusos:<br \/>\n01 Resist\u00eancia Maxi Ducha Lorenzetti 220v 5500w 055 A;<br \/>\n01 Manual de Instru\u00e7\u00f5es;<\/p>\n<p>ATEN\u00c7\u00c3O<br \/>\nEnviado com Nota Fiscal.<\/p>\n<p>SOMOS ASSIST\u00caNCIA T\u00c9CNICA AUTORIZADA LORENZETTI.<\/p>","protected":false},"excerpt":{"rendered":"<p>Resist\u00eancia Maxi Ducha Lorenzetti 220v 5500w 055 A Descri\u00e7\u00e3o do produto: Cada produto e desenvolvido com fia\u00e7\u00e3o interna para suportar uma determinada Voltagem e Potencia. Nunca coloque uma resist\u00eancia que tenha caracter\u00edsticas diferentes do padr\u00e3o desenvolvido para seu produto. Detalhes do produto: C\u00f3digo de referencia: 055 A Voltagem: 220V Pot\u00eancia: 5500W Componentes: Ligas de cobre [&hellip;]<\/p>","protected":false},"featured_media":1180,"comment_status":"open","ping_status":"closed","template":"","meta":[],"product_brand":[],"product_cat":[24],"product_tag":[],"class_list":{"0":"post-1075","1":"product","2":"type-product","3":"status-publish","4":"has-post-thumbnail","6":"product_cat-duchas-chuveiros","8":"first","9":"instock","10":"shipping-taxable","11":"purchasable","12":"product-type-simple"},"_links":{"self":[{"href":"https:\/\/www.acquavici.com.br\/en\/wp-json\/wp\/v2\/product\/1075","targetHints":{"allow":["GET"]}}],"collection":[{"href":"https:\/\/www.acquavici.com.br\/en\/wp-json\/wp\/v2\/product"}],"about":[{"href":"https:\/\/www.acquavici.com.br\/en\/wp-json\/wp\/v2\/types\/product"}],"replies":[{"embeddable":true,"href":"https:\/\/www.acquavici.com.br\/en\/wp-json\/wp\/v2\/comments?post=1075"}],"wp:featuredmedia":[{"embeddable":true,"href":"https:\/\/www.acquavici.com.br\/en\/wp-json\/wp\/v2\/media\/1180"}],"wp:attachment":[{"href":"https:\/\/www.acquavici.com.br\/en\/wp-json\/wp\/v2\/media?parent=1075"}],"wp:term":[{"taxonomy":"product_brand","embeddable":true,"href":"https:\/\/www.acquavici.com.br\/en\/wp-json\/wp\/v2\/product_brand?post=1075"},{"taxonomy":"product_cat","embeddable":true,"href":"https:\/\/www.acquavici.com.br\/en\/wp-json\/wp\/v2\/product_cat?post=1075"},{"taxonomy":"product_tag","embeddable":true,"href":"https:\/\/www.acquavici.com.br\/en\/wp-json\/wp\/v2\/product_tag?post=1075"}],"curies":[{"name":"wp","href":"https:\/\/api.w.org\/{rel}","templated":true}]}}