{"id":1107,"date":"2024-04-17T10:55:15","date_gmt":"2024-04-17T13:55:15","guid":{"rendered":"https:\/\/www.acquavici.com.br\/?post_type=product&#038;p=1107"},"modified":"2024-06-27T15:12:14","modified_gmt":"2024-06-27T18:12:14","slug":"controle-parede-de-ventilador-teto-com-capacitor-ventisol-127v","status":"publish","type":"product","link":"https:\/\/www.acquavici.com.br\/en\/controle-parede-de-ventilador-teto-com-capacitor-ventisol-127v\/","title":{"rendered":"Controle Parede de Ventilador Teto com Capacitor\u00a0 Ventisol 127V"},"content":{"rendered":"<p>Controle Parede de Ventilador Teto com Capacitor\u00a0 Ventisol 127V<\/p>\n<p>FUN\u00c7\u00d5ES DA CHAVE DE CONTROLE:<br \/>\nLiga, desliga e reverte a ventila\u00e7\u00e3o;<br \/>\nTr\u00eas n\u00edveis de velocidade;<br \/>\nLiga e desliga a ilumina\u00e7\u00e3o.<\/p>\n<p>Compat\u00edvel com os seguintes Modelos: Wind, Wind light, Aires, F\u00eanix, Sunny, Prisma, Petit, 3 p\u00e1s<\/p>\n<p>Itens inclusos:<br \/>\n1 Controle Parede de Ventilador Teto com Capacitor\u00a0 Ventisol 127V;<br \/>\n1 Manual de Instru\u00e7\u00f5es;<\/p>\n<p>ATEN\u00c7\u00c3O<br \/>\nEnviado com Nota Fiscal.<\/p>\n<p>SOMOS ASSIST\u00caNCIA T\u00c9CNICA AUTORIZADA VENTISOL.<\/p>","protected":false},"excerpt":{"rendered":"<p>Controle Parede de Ventilador Teto com Capacitor\u00a0 Ventisol 127V FUN\u00c7\u00d5ES DA CHAVE DE CONTROLE: Liga, desliga e reverte a ventila\u00e7\u00e3o; Tr\u00eas n\u00edveis de velocidade; Liga e desliga a ilumina\u00e7\u00e3o. Compat\u00edvel com os seguintes Modelos: Wind, Wind light, Aires, F\u00eanix, Sunny, Prisma, Petit, 3 p\u00e1s Itens inclusos: 1 Controle Parede de Ventilador Teto com Capacitor\u00a0 Ventisol [&hellip;]<\/p>","protected":false},"featured_media":1974,"comment_status":"open","ping_status":"closed","template":"","meta":[],"product_brand":[],"product_cat":[20],"product_tag":[],"class_list":{"0":"post-1107","1":"product","2":"type-product","3":"status-publish","4":"has-post-thumbnail","6":"product_cat-ventilador-de-teto","8":"first","9":"instock","10":"shipping-taxable","11":"purchasable","12":"product-type-simple"},"_links":{"self":[{"href":"https:\/\/www.acquavici.com.br\/en\/wp-json\/wp\/v2\/product\/1107","targetHints":{"allow":["GET"]}}],"collection":[{"href":"https:\/\/www.acquavici.com.br\/en\/wp-json\/wp\/v2\/product"}],"about":[{"href":"https:\/\/www.acquavici.com.br\/en\/wp-json\/wp\/v2\/types\/product"}],"replies":[{"embeddable":true,"href":"https:\/\/www.acquavici.com.br\/en\/wp-json\/wp\/v2\/comments?post=1107"}],"wp:featuredmedia":[{"embeddable":true,"href":"https:\/\/www.acquavici.com.br\/en\/wp-json\/wp\/v2\/media\/1974"}],"wp:attachment":[{"href":"https:\/\/www.acquavici.com.br\/en\/wp-json\/wp\/v2\/media?parent=1107"}],"wp:term":[{"taxonomy":"product_brand","embeddable":true,"href":"https:\/\/www.acquavici.com.br\/en\/wp-json\/wp\/v2\/product_brand?post=1107"},{"taxonomy":"product_cat","embeddable":true,"href":"https:\/\/www.acquavici.com.br\/en\/wp-json\/wp\/v2\/product_cat?post=1107"},{"taxonomy":"product_tag","embeddable":true,"href":"https:\/\/www.acquavici.com.br\/en\/wp-json\/wp\/v2\/product_tag?post=1107"}],"curies":[{"name":"wp","href":"https:\/\/api.w.org\/{rel}","templated":true}]}}