{"id":1108,"date":"2024-04-17T10:55:15","date_gmt":"2024-04-17T13:55:15","guid":{"rendered":"https:\/\/www.acquavici.com.br\/?post_type=product&#038;p=1108"},"modified":"2025-08-04T14:30:43","modified_gmt":"2025-08-04T17:30:43","slug":"controle-remoto-para-ventilador-teto-ic55-aliseu-220v","status":"publish","type":"product","link":"https:\/\/www.acquavici.com.br\/en\/controle-remoto-para-ventilador-teto-ic55-aliseu-220v\/","title":{"rendered":"Controle Remoto Para Ventilador Teto IC55 Aliseu 220v"},"content":{"rendered":"<p>***KIT CONTROLE REMOTO ALISEU C\/RECEPTOR*** 220V UNIVERSAL<\/p>\n<p>N\u00c3O SUPORTA PARA A LINHA ECO<\/p>\n<p>O Controle Remoto IC55 conta com tecnologia capacitava pura, patenteada da Aliseu, evita roncos e zumbidos no motor, al\u00e9m de interfer\u00eancias eletromagn\u00e9ticas, deixando o produto ainda mais silencioso e eficiente. Traz mais praticidade e comodidade e pode ser usado em qualquer ventilador do mercado.<\/p>\n<p>Controle Remoto de Ventilador de teto Aliseu IC55 220v \u00e9 de f\u00e1cil instala\u00e7\u00e3o \u00e9 compat\u00edvel com modelos Aliseu Duo, Aliseu Geo, Aliseu Inspire Nano, Aliseu Jet, Aliseu Chapado, Aliseu Slim, Aliseu Smart e Aliseu Wave.<\/p>\n<p>Esse KIT Controle Remoto instalado \u00e9 poss\u00edvel comandar seu ventilador de 2 formas,<br \/>\n&gt; controle de parede tipo A (vendido separado),<br \/>\n&gt;&gt; controle remoto (Incluido),<\/p>\n<p>Sincronize quantos ventiladores desejar e tenha todos os controles \u00e0 sua m\u00e3o. V\u00e1lido somente para produtos Aliseu.<\/p>\n<p>Conte\u00fado na embalagem:<br \/>\n1 controle;<br \/>\n1 suporte controle;<br \/>\n1 receptor;<br \/>\n1 bateria;<br \/>\n1 Manual de Instru\u00e7\u00f5es;<\/p>\n<p>ATEN\u00c7\u00c3O<br \/>\nEnviado com Nota Fiscal.<\/p>\n<p>SOMOS ASSIST\u00caNCIA T\u00c9CNICA AUTORIZADA ALISEU.<\/p>","protected":false},"excerpt":{"rendered":"<p>***KIT CONTROLE REMOTO ALISEU C\/RECEPTOR*** 220V UNIVERSAL N\u00c3O SUPORTA PARA A LINHA ECO O Controle Remoto IC55 conta com tecnologia capacitava pura, patenteada da Aliseu, evita roncos e zumbidos no motor, al\u00e9m de interfer\u00eancias eletromagn\u00e9ticas, deixando o produto ainda mais silencioso e eficiente. Traz mais praticidade e comodidade e pode ser usado em qualquer ventilador [&hellip;]<\/p>","protected":false},"featured_media":1964,"comment_status":"open","ping_status":"closed","template":"","meta":[],"product_brand":[],"product_cat":[20],"product_tag":[],"class_list":{"0":"post-1108","1":"product","2":"type-product","3":"status-publish","4":"has-post-thumbnail","6":"product_cat-ventilador-de-teto","8":"first","9":"instock","10":"shipping-taxable","11":"purchasable","12":"product-type-simple"},"_links":{"self":[{"href":"https:\/\/www.acquavici.com.br\/en\/wp-json\/wp\/v2\/product\/1108","targetHints":{"allow":["GET"]}}],"collection":[{"href":"https:\/\/www.acquavici.com.br\/en\/wp-json\/wp\/v2\/product"}],"about":[{"href":"https:\/\/www.acquavici.com.br\/en\/wp-json\/wp\/v2\/types\/product"}],"replies":[{"embeddable":true,"href":"https:\/\/www.acquavici.com.br\/en\/wp-json\/wp\/v2\/comments?post=1108"}],"wp:featuredmedia":[{"embeddable":true,"href":"https:\/\/www.acquavici.com.br\/en\/wp-json\/wp\/v2\/media\/1964"}],"wp:attachment":[{"href":"https:\/\/www.acquavici.com.br\/en\/wp-json\/wp\/v2\/media?parent=1108"}],"wp:term":[{"taxonomy":"product_brand","embeddable":true,"href":"https:\/\/www.acquavici.com.br\/en\/wp-json\/wp\/v2\/product_brand?post=1108"},{"taxonomy":"product_cat","embeddable":true,"href":"https:\/\/www.acquavici.com.br\/en\/wp-json\/wp\/v2\/product_cat?post=1108"},{"taxonomy":"product_tag","embeddable":true,"href":"https:\/\/www.acquavici.com.br\/en\/wp-json\/wp\/v2\/product_tag?post=1108"}],"curies":[{"name":"wp","href":"https:\/\/api.w.org\/{rel}","templated":true}]}}