{"id":1109,"date":"2024-04-17T10:55:16","date_gmt":"2024-04-17T13:55:16","guid":{"rendered":"https:\/\/www.acquavici.com.br\/?post_type=product&#038;p=1109"},"modified":"2025-07-23T15:39:07","modified_gmt":"2025-07-23T18:39:07","slug":"controle-remoto-p-vent-teto-aliseu-ic55-220v-bluetooth","status":"publish","type":"product","link":"https:\/\/www.acquavici.com.br\/en\/controle-remoto-p-vent-teto-aliseu-ic55-220v-bluetooth\/","title":{"rendered":"Controle Remoto P\/vent Teto Aliseu IC55 220v Bluetooth"},"content":{"rendered":"<p>Cont Remoto P\/vent Teto Aliseu Universal IC55 220v Bluetooth<\/p>\n<p>O Controle Remoto p\/Ventilador de teto Aliseu Universal IC55 220v Bluetooth \u00e9 de f\u00e1cil instala\u00e7\u00e3o, \u00e9 compat\u00edvel com modelos Jet, Nano, Duo, Double, Smart, Alisclean, Iceberg, Geo, Slim, Wave, Vime e Flow.<br \/>\nTamb\u00e9m serve para maioria das marcas do mercado.<br \/>\nExclusividade tecnologia Aliseu esse controle remoto evita roncos e zumbidos no motor, produzindo conforto.<\/p>\n<p>Caracter\u00edsticas:<br \/>\nVoltagem: 220v<br \/>\nMaterial: Pl\u00e1stico<br \/>\nCor: Branco<\/p>\n<p>Garantia de 03 meses, contra defeitos de fabrica\u00e7\u00e3o.<br \/>\nOBS.: Controle N\u00c3O funciona para o modelo TERRAL.<\/p>\n<p>Conte\u00fado na embalagem:<br \/>\n1 controle;<br \/>\n1 suporte controle;<br \/>\n1 receptor;<br \/>\n1 bateria;<br \/>\n1 Manual de Instru\u00e7\u00f5es;<\/p>\n<p>ATEN\u00c7\u00c3O<br \/>\nEnviado com Nota Fiscal<\/p>\n<p>SOMOS ASSIST\u00caNCIA T\u00c9CNICA AUTORIZADA ALISEU.<\/p>","protected":false},"excerpt":{"rendered":"<p>Cont Remoto P\/vent Teto Aliseu Universal IC55 220v Bluetooth O Controle Remoto p\/Ventilador de teto Aliseu Universal IC55 220v Bluetooth \u00e9 de f\u00e1cil instala\u00e7\u00e3o, \u00e9 compat\u00edvel com modelos Jet, Nano, Duo, Double, Smart, Alisclean, Iceberg, Geo, Slim, Wave, Vime e Flow. Tamb\u00e9m serve para maioria das marcas do mercado. Exclusividade tecnologia Aliseu esse controle remoto [&hellip;]<\/p>","protected":false},"featured_media":934,"comment_status":"open","ping_status":"closed","template":"","meta":[],"product_brand":[],"product_cat":[20],"product_tag":[],"class_list":{"0":"post-1109","1":"product","2":"type-product","3":"status-publish","4":"has-post-thumbnail","6":"product_cat-ventilador-de-teto","8":"first","9":"instock","10":"shipping-taxable","11":"purchasable","12":"product-type-simple"},"_links":{"self":[{"href":"https:\/\/www.acquavici.com.br\/en\/wp-json\/wp\/v2\/product\/1109","targetHints":{"allow":["GET"]}}],"collection":[{"href":"https:\/\/www.acquavici.com.br\/en\/wp-json\/wp\/v2\/product"}],"about":[{"href":"https:\/\/www.acquavici.com.br\/en\/wp-json\/wp\/v2\/types\/product"}],"replies":[{"embeddable":true,"href":"https:\/\/www.acquavici.com.br\/en\/wp-json\/wp\/v2\/comments?post=1109"}],"wp:featuredmedia":[{"embeddable":true,"href":"https:\/\/www.acquavici.com.br\/en\/wp-json\/wp\/v2\/media\/934"}],"wp:attachment":[{"href":"https:\/\/www.acquavici.com.br\/en\/wp-json\/wp\/v2\/media?parent=1109"}],"wp:term":[{"taxonomy":"product_brand","embeddable":true,"href":"https:\/\/www.acquavici.com.br\/en\/wp-json\/wp\/v2\/product_brand?post=1109"},{"taxonomy":"product_cat","embeddable":true,"href":"https:\/\/www.acquavici.com.br\/en\/wp-json\/wp\/v2\/product_cat?post=1109"},{"taxonomy":"product_tag","embeddable":true,"href":"https:\/\/www.acquavici.com.br\/en\/wp-json\/wp\/v2\/product_tag?post=1109"}],"curies":[{"name":"wp","href":"https:\/\/api.w.org\/{rel}","templated":true}]}}