{"id":1112,"date":"2024-04-17T10:55:16","date_gmt":"2024-04-17T13:55:16","guid":{"rendered":"https:\/\/www.acquavici.com.br\/?post_type=product&#038;p=1112"},"modified":"2024-04-17T10:55:53","modified_gmt":"2024-04-17T13:55:53","slug":"aquecedor-de-agua-a-gas-gn-lorenzetti-lz-1600de-controle-eletronico-digital-15-l-min","status":"publish","type":"product","link":"https:\/\/www.acquavici.com.br\/en\/aquecedor-de-agua-a-gas-gn-lorenzetti-lz-1600de-controle-eletronico-digital-15-l-min\/","title":{"rendered":"Aquecedor de \u00c1gua a G\u00e1s GN Lorenzetti LZ 1600DE &#8211; Controle Eletr\u00f4nico Digital 15 L\/Min"},"content":{"rendered":"<p>Econ\u00f4mico e compacto, o aquecedor de \u00e1gua a g\u00e1s LZ 1600DE GN da Lorenzetti, garante uma decora\u00e7\u00e3o mais sofisticada e moderna para compor o ambiente de instala\u00e7\u00e3o.<br \/>\nSeu sistema digital permite que a temperatura seja programada de acordo com a temperatura desejada pelo consumidor.<br \/>\nO LZ 1600DE GN tem capacidade para aquecer at\u00e9 duas duchas simultaneamente, 15 L\/Min. de vaz\u00e3o, possui sistema de Exaust\u00e3o For\u00e7ada, Chama Modulante, painel com controle eletr\u00f4nico digital, al\u00e9m de todos os requisitos de seguran\u00e7a de um aquecedor a g\u00e1s moderno.<\/p>\n<p>N\u00c3O ESQUE\u00c7A DE SELECIONAR O TIPO DE G\u00c1S:<\/p>\n<p>GN (G\u00e1s Natural encanado)<br \/>\nGLP ( G\u00e1s de Botij\u00e3o)<\/p>\n<p>Aque\u00e7a a \u00e1gua da sua casa de forma simples e r\u00e1pida, para desfrutar de um banho agrad\u00e1vel ou utiliz\u00e1-la para a limpeza e higiene da sua cozinha.<\/p>\n<p>\u00c1gua quente ilimitada<br \/>\nOs aquecedores a g\u00e1s permitem maior economia em compara\u00e7\u00e3o com o consumo dos aquecedores el\u00e9tricos. Eles s\u00e3o ideais para fam\u00edlias ou grupos grandes, pois podem aquecer mais \u00e1gua por hora do que os sistemas el\u00e9tricos.<\/p>\n<p>Conveniente e pr\u00e1tico<br \/>\nSendo capazes de se conectar \u00e0 rede dom\u00e9stica, os aquecedores a g\u00e1s natural dependem de conex\u00f5es feitas anteriormente, o que normalmente n\u00e3o envolve um grande investimento em m\u00e3o de obra. Al\u00e9m disso, eles est\u00e3o dispon\u00edveis em v\u00e1rios tamanhos, o que os torna muito vers\u00e1teis na hora de instal\u00e1-los.<\/p>\n<p>Caracter\u00edsticas:<br \/>\nExaust\u00e3o For\u00e7ada;<br \/>\nControle Eletr\u00f4nico Digital;<br \/>\nModula\u00e7\u00e3o Autom\u00e1tica da Chama;<br \/>\nSistemas de Seguran\u00e7a Integrados;<\/p>\n<p>Mais moderno e Tecnol\u00f3gico:<br \/>\nSistema de Exaust\u00e3o Inteligente;<br \/>\nBivolt Autom\u00e1tico;<\/p>\n<p>Programa\u00e7\u00e3o para enchimento de banheira<br \/>\nCompat\u00edvel com aquecimento solar e boiler<\/p>\n<p>Dimens\u00f5es para instala\u00e7\u00e3o<br \/>\nAltura: 515mm<br \/>\nLargura: 330mm<br \/>\nProfundidade: 140mm<\/p>\n<p>Itens inclusos:<br \/>\n1 Aquecedor de \u00c1gua a G\u00e1s GN Lorenzetti LZ 1600DE &#8211; Controle Eletr\u00f4nico Digital 15 L\/Min;<br \/>\n1 Manual de Instru\u00e7\u00f5es;<\/p>\n<p>ATEN\u00c7\u00c3O<br \/>\nEnviado com Nota Fiscal.<\/p>\n<p>SOMOS ASSIST\u00caNCIA T\u00c9CNICA AUTORIZADA LORENZETTI.<\/p>","protected":false},"excerpt":{"rendered":"<p>Econ\u00f4mico e compacto, o aquecedor de \u00e1gua a g\u00e1s LZ 1600DE GN da Lorenzetti, garante uma decora\u00e7\u00e3o mais sofisticada e moderna para compor o ambiente de instala\u00e7\u00e3o. Seu sistema digital permite que a temperatura seja programada de acordo com a temperatura desejada pelo consumidor. O LZ 1600DE GN tem capacidade para aquecer at\u00e9 duas duchas [&hellip;]<\/p>","protected":false},"featured_media":1202,"comment_status":"open","ping_status":"closed","template":"","meta":[],"product_brand":[],"product_cat":[22],"product_tag":[],"class_list":{"0":"post-1112","1":"product","2":"type-product","3":"status-publish","4":"has-post-thumbnail","6":"product_cat-aquecedor-a-gas","8":"first","9":"instock","10":"shipping-taxable","11":"purchasable","12":"product-type-simple"},"_links":{"self":[{"href":"https:\/\/www.acquavici.com.br\/en\/wp-json\/wp\/v2\/product\/1112","targetHints":{"allow":["GET"]}}],"collection":[{"href":"https:\/\/www.acquavici.com.br\/en\/wp-json\/wp\/v2\/product"}],"about":[{"href":"https:\/\/www.acquavici.com.br\/en\/wp-json\/wp\/v2\/types\/product"}],"replies":[{"embeddable":true,"href":"https:\/\/www.acquavici.com.br\/en\/wp-json\/wp\/v2\/comments?post=1112"}],"wp:featuredmedia":[{"embeddable":true,"href":"https:\/\/www.acquavici.com.br\/en\/wp-json\/wp\/v2\/media\/1202"}],"wp:attachment":[{"href":"https:\/\/www.acquavici.com.br\/en\/wp-json\/wp\/v2\/media?parent=1112"}],"wp:term":[{"taxonomy":"product_brand","embeddable":true,"href":"https:\/\/www.acquavici.com.br\/en\/wp-json\/wp\/v2\/product_brand?post=1112"},{"taxonomy":"product_cat","embeddable":true,"href":"https:\/\/www.acquavici.com.br\/en\/wp-json\/wp\/v2\/product_cat?post=1112"},{"taxonomy":"product_tag","embeddable":true,"href":"https:\/\/www.acquavici.com.br\/en\/wp-json\/wp\/v2\/product_tag?post=1112"}],"curies":[{"name":"wp","href":"https:\/\/api.w.org\/{rel}","templated":true}]}}