{"id":1113,"date":"2024-04-17T10:55:16","date_gmt":"2024-04-17T13:55:16","guid":{"rendered":"https:\/\/www.acquavici.com.br\/?post_type=product&#038;p=1113"},"modified":"2024-07-15T13:10:53","modified_gmt":"2024-07-15T16:10:53","slug":"aquecedor-flex-ducha-fame-220v-4000w","status":"publish","type":"product","link":"https:\/\/www.acquavici.com.br\/en\/aquecedor-flex-ducha-fame-220v-4000w\/","title":{"rendered":"AQUECEDOR FLEX DUCHA 220V 4000W FAME"},"content":{"rendered":"<div id=\"description\" class=\"ui-pdp-container__row ui-pdp-container__row--description\">\n<div class=\"ui-pdp-description\">\n<p>Aquecedor Flex Ducha Fame C\/ Ducha Higi\u00eanica 220v 4000w<\/p>\n<p>A Flex Ducha FAME, possui a temperatura ideal, proporcionando conforto e seguran\u00e7a para a higiene \u00edntima.<\/p>\n<p>Informa\u00e7\u00f5es t\u00e9cnicas:<br \/>\nMarca: Fame<br \/>\nCor: Branco<br \/>\nModelo: Flex Ducha<br \/>\nEnergia de Alimenta\u00e7\u00e3o: 220 Volts<br \/>\nPot\u00eancia: 4000 Watts<br \/>\nFia\u00e7\u00e3o M\u00ednima: 6mm\u00b2 (127v) \/ 2,5mm\u00b2 (220v)<br \/>\nDisjuntor: 35A (127v) \/ 20 A (220v)<br \/>\nPress\u00e3o m\u00ednima: 2 m.c.a.<br \/>\nPress\u00e3o m\u00e1xima: 20 m.c.a.<\/p>\n<p>Recursos:<br \/>\nPossui mangueira de 1,20m de extens\u00e3o<br \/>\nIndicado para Sal\u00f5es de Beleza e Pet Shops<br \/>\n\u00c9 a melhor op\u00e7\u00e3o para higiene \u00edntima di\u00e1ria<br \/>\nChave seletora liga-desliga<br \/>\nDucha Manual com 3 est\u00e1gios de funcionamento<br \/>\nResist\u00eancias independentes<br \/>\nAprovado pelo INMETRO<br \/>\nBaixo consumo de energia<br \/>\nCompat\u00edvel com dispositivo D.R.<br \/>\nCompat\u00edvel com sistema de Aquecimento Solar<\/p>\n<p>Itens inclusos:<br \/>\n01 Aquecedor Flex ducha Fame 4000w 220v;<br \/>\n01 Manual de Instru\u00e7\u00f5es;<\/p>\n<p>ATEN\u00c7\u00c3O<br \/>\nEnviado com nota fiscal<\/p>\n<p>SOMOS ASSIST\u00caNCIA T\u00c9CNICA AUTORIZADA FAME.<\/p>\n<\/div>\n<\/div>","protected":false},"excerpt":{"rendered":"<p>Aquecedor Flex Ducha Fame C\/ Ducha Higi\u00eanica 220v 4000w A Flex Ducha FAME, possui a temperatura ideal, proporcionando conforto e seguran\u00e7a para a higiene \u00edntima. Informa\u00e7\u00f5es t\u00e9cnicas: Marca: Fame Cor: Branco Modelo: Flex Ducha Energia de Alimenta\u00e7\u00e3o: 220 Volts Pot\u00eancia: 4000 Watts Fia\u00e7\u00e3o M\u00ednima: 6mm\u00b2 (127v) \/ 2,5mm\u00b2 (220v) Disjuntor: 35A (127v) \/ 20 A [&hellip;]<\/p>","protected":false},"featured_media":1205,"comment_status":"open","ping_status":"closed","template":"","meta":[],"product_brand":[],"product_cat":[21],"product_tag":[],"class_list":{"0":"post-1113","1":"product","2":"type-product","3":"status-publish","4":"has-post-thumbnail","6":"product_cat-aquecedor-eletrico","8":"first","9":"instock","10":"shipping-taxable","11":"purchasable","12":"product-type-simple"},"_links":{"self":[{"href":"https:\/\/www.acquavici.com.br\/en\/wp-json\/wp\/v2\/product\/1113","targetHints":{"allow":["GET"]}}],"collection":[{"href":"https:\/\/www.acquavici.com.br\/en\/wp-json\/wp\/v2\/product"}],"about":[{"href":"https:\/\/www.acquavici.com.br\/en\/wp-json\/wp\/v2\/types\/product"}],"replies":[{"embeddable":true,"href":"https:\/\/www.acquavici.com.br\/en\/wp-json\/wp\/v2\/comments?post=1113"}],"wp:featuredmedia":[{"embeddable":true,"href":"https:\/\/www.acquavici.com.br\/en\/wp-json\/wp\/v2\/media\/1205"}],"wp:attachment":[{"href":"https:\/\/www.acquavici.com.br\/en\/wp-json\/wp\/v2\/media?parent=1113"}],"wp:term":[{"taxonomy":"product_brand","embeddable":true,"href":"https:\/\/www.acquavici.com.br\/en\/wp-json\/wp\/v2\/product_brand?post=1113"},{"taxonomy":"product_cat","embeddable":true,"href":"https:\/\/www.acquavici.com.br\/en\/wp-json\/wp\/v2\/product_cat?post=1113"},{"taxonomy":"product_tag","embeddable":true,"href":"https:\/\/www.acquavici.com.br\/en\/wp-json\/wp\/v2\/product_tag?post=1113"}],"curies":[{"name":"wp","href":"https:\/\/api.w.org\/{rel}","templated":true}]}}