{"id":1114,"date":"2024-04-17T10:55:16","date_gmt":"2024-04-17T13:55:16","guid":{"rendered":"https:\/\/www.acquavici.com.br\/?post_type=product&#038;p=1114"},"modified":"2024-07-15T14:53:33","modified_gmt":"2024-07-15T17:53:33","slug":"aquecedor-eletrico-automatico-pia-cozinha-e-banheiro-5400w-220v-fame","status":"publish","type":"product","link":"https:\/\/www.acquavici.com.br\/en\/aquecedor-eletrico-automatico-pia-cozinha-e-banheiro-5400w-220v-fame\/","title":{"rendered":"AQUECEDOR EL\u00c9TRICO AUTOM\u00c1TICO PIA, COZINHA E BANHEIRO 220V 5400W FAME"},"content":{"rendered":"<p>O Aquecedor El\u00e9trico FAME \u00e9 ideal para pias, lavat\u00f3rios de cozinhas e banheiros.<\/p>\n<p>Aque\u00e7a a \u00e1gua da sua casa de forma simples e r\u00e1pida, para desfrutar de um banho agrad\u00e1vel ou utiliz\u00e1-la para a limpeza e higiene da sua cozinha.<\/p>\n<p>\u00c1gua sempre quente<br \/>\nOs aquecedores el\u00e9tricos permitem que voc\u00ea esquente instantaneamente a \u00e1gua no momento em que os liga. Al\u00e9m disso, s\u00e3o f\u00e1ceis de instalar e precisam de menos espa\u00e7o para serem colocados dentro de casa.<\/p>\n<p>Conforto, seguran\u00e7a e \u00e1gua quente!<\/p>\n<p>Instala\u00e7\u00e3o externa, r\u00e1pida e f\u00e1cil.<br \/>\nTampa seletora de temperatura: Liga \/ Desliga.<br \/>\nNiple de sa\u00edda de \u00e1gua rosca 1\/2&#8243; g\u00e1s.<br \/>\nN\u00e3o Acompanha Engate Flex\u00edvel.<br \/>\nTens\u00e3o (Volts): 220V.<br \/>\nPot\u00eancia Nominal (Watts): 5.400W.<br \/>\nResist\u00eancia C\u00f3digo: 023.<br \/>\nSe\u00e7\u00e3o M\u00ednima do condutor (mm): 10,0<br \/>\nDisjuntor (Amp\u00e8r): 40A<br \/>\nDist\u00e2ncia m\u00e1xima (metros): 30m (*)<br \/>\nCompat\u00edvel com dispositivo DR.<\/p>\n<p>Itens inclusos:<br \/>\n01 Aquecedor El\u00e9trico Automatico Pia, Cozinha e Banheiro 5400w 220v Fame;<br \/>\n01 Manual de Instru\u00e7\u00f5es;<\/p>\n<p>ATEN\u00c7\u00c3O<br \/>\nEnviado com nota fiscal<\/p>\n<p>SOMOS ASSIST\u00caNCIA T\u00c9CNICA AUTORIZADA FAME.<\/p>","protected":false},"excerpt":{"rendered":"<p>O Aquecedor El\u00e9trico FAME \u00e9 ideal para pias, lavat\u00f3rios de cozinhas e banheiros. Aque\u00e7a a \u00e1gua da sua casa de forma simples e r\u00e1pida, para desfrutar de um banho agrad\u00e1vel ou utiliz\u00e1-la para a limpeza e higiene da sua cozinha. \u00c1gua sempre quente Os aquecedores el\u00e9tricos permitem que voc\u00ea esquente instantaneamente a \u00e1gua no momento [&hellip;]<\/p>","protected":false},"featured_media":1207,"comment_status":"open","ping_status":"closed","template":"","meta":[],"product_brand":[],"product_cat":[21],"product_tag":[],"class_list":{"0":"post-1114","1":"product","2":"type-product","3":"status-publish","4":"has-post-thumbnail","6":"product_cat-aquecedor-eletrico","8":"first","9":"instock","10":"shipping-taxable","11":"purchasable","12":"product-type-simple"},"_links":{"self":[{"href":"https:\/\/www.acquavici.com.br\/en\/wp-json\/wp\/v2\/product\/1114","targetHints":{"allow":["GET"]}}],"collection":[{"href":"https:\/\/www.acquavici.com.br\/en\/wp-json\/wp\/v2\/product"}],"about":[{"href":"https:\/\/www.acquavici.com.br\/en\/wp-json\/wp\/v2\/types\/product"}],"replies":[{"embeddable":true,"href":"https:\/\/www.acquavici.com.br\/en\/wp-json\/wp\/v2\/comments?post=1114"}],"wp:featuredmedia":[{"embeddable":true,"href":"https:\/\/www.acquavici.com.br\/en\/wp-json\/wp\/v2\/media\/1207"}],"wp:attachment":[{"href":"https:\/\/www.acquavici.com.br\/en\/wp-json\/wp\/v2\/media?parent=1114"}],"wp:term":[{"taxonomy":"product_brand","embeddable":true,"href":"https:\/\/www.acquavici.com.br\/en\/wp-json\/wp\/v2\/product_brand?post=1114"},{"taxonomy":"product_cat","embeddable":true,"href":"https:\/\/www.acquavici.com.br\/en\/wp-json\/wp\/v2\/product_cat?post=1114"},{"taxonomy":"product_tag","embeddable":true,"href":"https:\/\/www.acquavici.com.br\/en\/wp-json\/wp\/v2\/product_tag?post=1114"}],"curies":[{"name":"wp","href":"https:\/\/api.w.org\/{rel}","templated":true}]}}