{"id":1156,"date":"2024-04-17T10:55:36","date_gmt":"2024-04-17T13:55:36","guid":{"rendered":"https:\/\/www.acquavici.com.br\/?post_type=product&#038;p=1156"},"modified":"2024-07-15T14:49:23","modified_gmt":"2024-07-15T17:49:23","slug":"torneira-com-filtro-para-parede-acquafam-fame","status":"publish","type":"product","link":"https:\/\/www.acquavici.com.br\/en\/torneira-com-filtro-para-parede-acquafam-fame\/","title":{"rendered":"TORNEIRA COM FILTRO ACQUAFAM PAREDE FAME 4235"},"content":{"rendered":"<p>Torneira com Filtro para Parede Acquafam &#8211; FAME<\/p>\n<p>Descri\u00e7\u00e3o:<br \/>\nQualidade de vida para toda a fam\u00edlia<br \/>\nA nova Torneira com Filtro AcquaFam traz toda a modernidade que a sua cozinha merece!<br \/>\n* volante f\u00e1cil, o grande diferencial da Torneira com Filtro AcquaFam est\u00e1 no custo-benef\u00edcio. Na compra do produto, voc\u00ea ganha um refil gr\u00e1tis para ter \u00e1gua pura por um ano na sua casa!<\/p>\n<p>Especifica\u00e7\u00f5es t\u00e9cnicas:<br \/>\nVida \u00fatil recomendada (refil): 1.500L<br \/>\nVaz\u00e3o m\u00e1xima recomendada: 40L\/H<br \/>\nPress\u00e3o de opera\u00e7\u00e3o: 50 kPa a 400 kPa (5 a 40mca)<br \/>\nTemperatura de opera\u00e7\u00e3o: 4\u00baC a 38\u00baC<\/p>\n<p>Itens inclusos:<br \/>\n1 Torneira com Filtro Branca Acquafam;<br \/>\n1 Refil, lembrando que a torneira j\u00e1 vem um um instalado pronto para o uso;<\/p>\n<p>ATEN\u00c7\u00c3O<br \/>\nEnviado com Nota Fiscal.<\/p>\n<p>SOMOS ASSIST\u00caNCIA T\u00c9CNICA AUTORIZADA FAME.<\/p>","protected":false},"excerpt":{"rendered":"<p>Torneira com Filtro para Parede Acquafam &#8211; FAME Descri\u00e7\u00e3o: Qualidade de vida para toda a fam\u00edlia A nova Torneira com Filtro AcquaFam traz toda a modernidade que a sua cozinha merece! * volante f\u00e1cil, o grande diferencial da Torneira com Filtro AcquaFam est\u00e1 no custo-benef\u00edcio. Na compra do produto, voc\u00ea ganha um refil gr\u00e1tis para [&hellip;]<\/p>","protected":false},"featured_media":1213,"comment_status":"open","ping_status":"closed","template":"","meta":[],"product_brand":[],"product_cat":[19],"product_tag":[],"class_list":{"0":"post-1156","1":"product","2":"type-product","3":"status-publish","4":"has-post-thumbnail","6":"product_cat-torneiras","8":"first","9":"instock","10":"shipping-taxable","11":"purchasable","12":"product-type-simple"},"_links":{"self":[{"href":"https:\/\/www.acquavici.com.br\/en\/wp-json\/wp\/v2\/product\/1156","targetHints":{"allow":["GET"]}}],"collection":[{"href":"https:\/\/www.acquavici.com.br\/en\/wp-json\/wp\/v2\/product"}],"about":[{"href":"https:\/\/www.acquavici.com.br\/en\/wp-json\/wp\/v2\/types\/product"}],"replies":[{"embeddable":true,"href":"https:\/\/www.acquavici.com.br\/en\/wp-json\/wp\/v2\/comments?post=1156"}],"wp:featuredmedia":[{"embeddable":true,"href":"https:\/\/www.acquavici.com.br\/en\/wp-json\/wp\/v2\/media\/1213"}],"wp:attachment":[{"href":"https:\/\/www.acquavici.com.br\/en\/wp-json\/wp\/v2\/media?parent=1156"}],"wp:term":[{"taxonomy":"product_brand","embeddable":true,"href":"https:\/\/www.acquavici.com.br\/en\/wp-json\/wp\/v2\/product_brand?post=1156"},{"taxonomy":"product_cat","embeddable":true,"href":"https:\/\/www.acquavici.com.br\/en\/wp-json\/wp\/v2\/product_cat?post=1156"},{"taxonomy":"product_tag","embeddable":true,"href":"https:\/\/www.acquavici.com.br\/en\/wp-json\/wp\/v2\/product_tag?post=1156"}],"curies":[{"name":"wp","href":"https:\/\/api.w.org\/{rel}","templated":true}]}}