{"id":1157,"date":"2024-04-17T10:55:36","date_gmt":"2024-04-17T13:55:36","guid":{"rendered":"https:\/\/www.acquavici.com.br\/?post_type=product&#038;p=1157"},"modified":"2024-07-15T13:00:12","modified_gmt":"2024-07-15T16:00:12","slug":"manipulo-manopla-do-registro-torneira-eletrica-elegance-fame-cod-3496","status":"publish","type":"product","link":"https:\/\/www.acquavici.com.br\/en\/manipulo-manopla-do-registro-torneira-eletrica-elegance-fame-cod-3496\/","title":{"rendered":"MAN\u00cdPULO MANOPLA REGISTRO TORNEIRA ELEGANCE FAME 3496"},"content":{"rendered":"<p>Man\u00edpulo para Torneira El\u00e9trica Elegance Fame Original.Por se tratar de pe\u00e7a de reposi\u00e7\u00e3o destinada a assist\u00eancia t\u00e9cnica, a mesma n\u00e3o acompanha embalagem com descri\u00e7\u00e3o e manual de instala\u00e7\u00e3o.Para mais informa\u00e7\u00f5es sobre o produto, acesse o site da Fame.Produto dispon\u00edvel na Bto Solu\u00e7\u00f5es!Envio imediato! Produto dispon\u00edvel na Bto Solu\u00e7\u00f5es!Envio imediato!<\/p>\n<p>Itens inclusos:<br \/>\n1 Man\u00edpulo Manopla Do Registro Torneira El\u00e9trica Elegance Fame;<\/p>\n<p>ATEN\u00c7\u00c3O<br \/>\nEnviado com Nota Fiscal.<\/p>\n<p>SOMOS ASSIST\u00caNCIA T\u00c9CNICA AUTORIZADA FAME.<\/p>","protected":false},"excerpt":{"rendered":"<p>Man\u00edpulo para Torneira El\u00e9trica Elegance Fame Original.Por se tratar de pe\u00e7a de reposi\u00e7\u00e3o destinada a assist\u00eancia t\u00e9cnica, a mesma n\u00e3o acompanha embalagem com descri\u00e7\u00e3o e manual de instala\u00e7\u00e3o.Para mais informa\u00e7\u00f5es sobre o produto, acesse o site da Fame.Produto dispon\u00edvel na Bto Solu\u00e7\u00f5es!Envio imediato! Produto dispon\u00edvel na Bto Solu\u00e7\u00f5es!Envio imediato! Itens inclusos: 1 Man\u00edpulo Manopla Do [&hellip;]<\/p>","protected":false},"featured_media":1217,"comment_status":"open","ping_status":"closed","template":"","meta":[],"product_brand":[],"product_cat":[19],"product_tag":[],"class_list":{"0":"post-1157","1":"product","2":"type-product","3":"status-publish","4":"has-post-thumbnail","6":"product_cat-torneiras","8":"first","9":"instock","10":"shipping-taxable","11":"purchasable","12":"product-type-simple"},"_links":{"self":[{"href":"https:\/\/www.acquavici.com.br\/en\/wp-json\/wp\/v2\/product\/1157","targetHints":{"allow":["GET"]}}],"collection":[{"href":"https:\/\/www.acquavici.com.br\/en\/wp-json\/wp\/v2\/product"}],"about":[{"href":"https:\/\/www.acquavici.com.br\/en\/wp-json\/wp\/v2\/types\/product"}],"replies":[{"embeddable":true,"href":"https:\/\/www.acquavici.com.br\/en\/wp-json\/wp\/v2\/comments?post=1157"}],"wp:featuredmedia":[{"embeddable":true,"href":"https:\/\/www.acquavici.com.br\/en\/wp-json\/wp\/v2\/media\/1217"}],"wp:attachment":[{"href":"https:\/\/www.acquavici.com.br\/en\/wp-json\/wp\/v2\/media?parent=1157"}],"wp:term":[{"taxonomy":"product_brand","embeddable":true,"href":"https:\/\/www.acquavici.com.br\/en\/wp-json\/wp\/v2\/product_brand?post=1157"},{"taxonomy":"product_cat","embeddable":true,"href":"https:\/\/www.acquavici.com.br\/en\/wp-json\/wp\/v2\/product_cat?post=1157"},{"taxonomy":"product_tag","embeddable":true,"href":"https:\/\/www.acquavici.com.br\/en\/wp-json\/wp\/v2\/product_tag?post=1157"}],"curies":[{"name":"wp","href":"https:\/\/api.w.org\/{rel}","templated":true}]}}