{"id":1159,"date":"2024-04-17T10:55:37","date_gmt":"2024-04-17T13:55:37","guid":{"rendered":"https:\/\/www.acquavici.com.br\/?post_type=product&#038;p=1159"},"modified":"2025-08-20T14:21:58","modified_gmt":"2025-08-20T17:21:58","slug":"anel-seletor-de-temperatura-p-torneira-elegance-fame-cod-3486","status":"publish","type":"product","link":"https:\/\/www.acquavici.com.br\/en\/anel-seletor-de-temperatura-p-torneira-elegance-fame-cod-3486\/","title":{"rendered":"ANEL SELETOR DE TEMPERARURA TORNEIRA ELEGANCE FAME 3486"},"content":{"rendered":"<p>Anel Seletor de Temperatura P\/ Torneira Elegance Fame<\/p>\n<p>****POR SE TRATAR DE PE\u00c7A DE REPOSI\u00c7\u00c3O DESTINADA A ASSIST\u00caNCIA T\u00c9CNICA, A MESMA N\u00c3O ACOMPANHA EMBALAGEM COM DESCRI\u00c7\u00c3O E MANUAL DE INSTALA\u00c7\u00c3O****<\/p>\n<p>Itens inclusos:<br \/>\n1 Anel Seletor de Temperatura P\/ Torneira Elegance Fame C\u00f3d 3486;<\/p>\n<p>ATEN\u00c7\u00c3O<br \/>\nEnviado com Nota Fiscal.<\/p>\n<p>SOMOS ASSIST\u00caNCIA T\u00c9CNICA AUTORIZADA FAME.<\/p>","protected":false},"excerpt":{"rendered":"<p>Anel Seletor de Temperatura P\/ Torneira Elegance Fame ****POR SE TRATAR DE PE\u00c7A DE REPOSI\u00c7\u00c3O DESTINADA A ASSIST\u00caNCIA T\u00c9CNICA, A MESMA N\u00c3O ACOMPANHA EMBALAGEM COM DESCRI\u00c7\u00c3O E MANUAL DE INSTALA\u00c7\u00c3O**** Itens inclusos: 1 Anel Seletor de Temperatura P\/ Torneira Elegance Fame C\u00f3d 3486; ATEN\u00c7\u00c3O Enviado com Nota Fiscal. SOMOS ASSIST\u00caNCIA T\u00c9CNICA AUTORIZADA FAME.<\/p>","protected":false},"featured_media":1219,"comment_status":"open","ping_status":"closed","template":"","meta":[],"product_brand":[],"product_cat":[21],"product_tag":[],"class_list":{"0":"post-1159","1":"product","2":"type-product","3":"status-publish","4":"has-post-thumbnail","6":"product_cat-aquecedor-eletrico","8":"first","9":"instock","10":"shipping-taxable","11":"purchasable","12":"product-type-simple"},"_links":{"self":[{"href":"https:\/\/www.acquavici.com.br\/en\/wp-json\/wp\/v2\/product\/1159","targetHints":{"allow":["GET"]}}],"collection":[{"href":"https:\/\/www.acquavici.com.br\/en\/wp-json\/wp\/v2\/product"}],"about":[{"href":"https:\/\/www.acquavici.com.br\/en\/wp-json\/wp\/v2\/types\/product"}],"replies":[{"embeddable":true,"href":"https:\/\/www.acquavici.com.br\/en\/wp-json\/wp\/v2\/comments?post=1159"}],"wp:featuredmedia":[{"embeddable":true,"href":"https:\/\/www.acquavici.com.br\/en\/wp-json\/wp\/v2\/media\/1219"}],"wp:attachment":[{"href":"https:\/\/www.acquavici.com.br\/en\/wp-json\/wp\/v2\/media?parent=1159"}],"wp:term":[{"taxonomy":"product_brand","embeddable":true,"href":"https:\/\/www.acquavici.com.br\/en\/wp-json\/wp\/v2\/product_brand?post=1159"},{"taxonomy":"product_cat","embeddable":true,"href":"https:\/\/www.acquavici.com.br\/en\/wp-json\/wp\/v2\/product_cat?post=1159"},{"taxonomy":"product_tag","embeddable":true,"href":"https:\/\/www.acquavici.com.br\/en\/wp-json\/wp\/v2\/product_tag?post=1159"}],"curies":[{"name":"wp","href":"https:\/\/api.w.org\/{rel}","templated":true}]}}