{"id":116,"date":"2024-04-17T10:46:06","date_gmt":"2024-04-17T13:46:06","guid":{"rendered":"https:\/\/www.acquavici.com.br\/?post_type=product&#038;p=116"},"modified":"2024-04-17T10:47:27","modified_gmt":"2024-04-17T13:47:27","slug":"fluxostato-chave-de-fluxo-para-pressurizador-pl20-lorenzetti-pl2003","status":"publish","type":"product","link":"https:\/\/www.acquavici.com.br\/en\/fluxostato-chave-de-fluxo-para-pressurizador-pl20-lorenzetti-pl2003\/","title":{"rendered":"Fluxostato chave de fluxo para pressurizador pl20 lorenzetti &#8211; pl2003"},"content":{"rendered":"<p>Fluxostato Chave de Fluxo para Pressurizador Pl20 Lorenzetti &#8211; Pl2003<\/p>\n<p>Ref.: Pl2003<\/p>\n<p>Serve para 110 e 220 Volts<\/p>\n<p>Detalhes do Produto: &#8211; Rosca Macho de 3\/4&#8243; &#8211; Rosca F\u00eamea de 1&#8243;<\/p>\n<p>O Produto Tem Sentido para Instala\u00e7\u00e3o<\/p>\n<p>Corrente Carga : 4a-<\/p>\n<p>Corrente de Trabalho 1,6 a<\/p>\n<p>Vaz\u00e3o Minima: 6-7l \/ Min<\/p>\n<p>OBS: A Pe\u00e7a Pode Ser na Cor Verde ou Vermelha. N\u00e3o altera em nada na sua fun\u00e7\u00e3o.<\/p>","protected":false},"excerpt":{"rendered":"<p>Ref.: Pl2003<\/p>\n<p>Serve para 110 e 220 Volts<\/p>\n<p>Detalhes do Produto: &#8211; Rosca Macho de 3\/4&#8243; &#8211; Rosca F\u00eamea de 1&#8243;<\/p>\n<p>O Produto Tem Sentido para Instala\u00e7\u00e3o<\/p>","protected":false},"featured_media":198,"comment_status":"open","ping_status":"closed","template":"","meta":[],"product_brand":[],"product_cat":[17],"product_tag":[],"class_list":{"0":"post-116","1":"product","2":"type-product","3":"status-publish","4":"has-post-thumbnail","6":"product_cat-pecas-em-geral","8":"first","9":"instock","10":"shipping-taxable","11":"purchasable","12":"product-type-simple"},"_links":{"self":[{"href":"https:\/\/www.acquavici.com.br\/en\/wp-json\/wp\/v2\/product\/116","targetHints":{"allow":["GET"]}}],"collection":[{"href":"https:\/\/www.acquavici.com.br\/en\/wp-json\/wp\/v2\/product"}],"about":[{"href":"https:\/\/www.acquavici.com.br\/en\/wp-json\/wp\/v2\/types\/product"}],"replies":[{"embeddable":true,"href":"https:\/\/www.acquavici.com.br\/en\/wp-json\/wp\/v2\/comments?post=116"}],"wp:featuredmedia":[{"embeddable":true,"href":"https:\/\/www.acquavici.com.br\/en\/wp-json\/wp\/v2\/media\/198"}],"wp:attachment":[{"href":"https:\/\/www.acquavici.com.br\/en\/wp-json\/wp\/v2\/media?parent=116"}],"wp:term":[{"taxonomy":"product_brand","embeddable":true,"href":"https:\/\/www.acquavici.com.br\/en\/wp-json\/wp\/v2\/product_brand?post=116"},{"taxonomy":"product_cat","embeddable":true,"href":"https:\/\/www.acquavici.com.br\/en\/wp-json\/wp\/v2\/product_cat?post=116"},{"taxonomy":"product_tag","embeddable":true,"href":"https:\/\/www.acquavici.com.br\/en\/wp-json\/wp\/v2\/product_tag?post=116"}],"curies":[{"name":"wp","href":"https:\/\/api.w.org\/{rel}","templated":true}]}}