{"id":1161,"date":"2024-04-17T10:55:37","date_gmt":"2024-04-17T13:55:37","guid":{"rendered":"https:\/\/www.acquavici.com.br\/?post_type=product&#038;p=1161"},"modified":"2024-04-17T10:56:01","modified_gmt":"2024-04-17T13:56:01","slug":"fita-isolante-anti-chama-fame-19mm-x-10m-classe-c-5-unidades","status":"publish","type":"product","link":"https:\/\/www.acquavici.com.br\/en\/fita-isolante-anti-chama-fame-19mm-x-10m-classe-c-5-unidades\/","title":{"rendered":"Fita Isolante Anti Chama Fame 19mm X 10m Classe C 5 Unidades"},"content":{"rendered":"<p>FITA ISOLANTE DE 19MM X 10M X 0,13MM S\u00f3 quem \u00e9 conhecida por produtos de qualidade, poderia oferecer Fitas Isolantes com essa op\u00e7\u00e3o. A Fita Isolante FAME \u00e9 feita em filme de PVC antichama, com adesivo a base de borracha sens\u00edvel \u00e0 press\u00e3o, indicada para instala\u00e7\u00f5es el\u00e9tricas de baixa tens\u00e3o. &#8211; Para uso at\u00e9 600V, \u00e0 temperatura de 90\u00b0C. &#8211; Antichama. &#8211; Com prote\u00e7\u00e3o contra raios UV.<\/p>\n<p>Itens inclusos:<br \/>\n5 Fita Isolante Anti Chama Fame 19mm X 10m Classe C;<\/p>\n<p>ATEN\u00c7\u00c3O<br \/>\nEnviado com Nota Fiscal.<\/p>\n<p>SOMOS ASSIST\u00caNCIA T\u00c9CNICA AUTORIZADA FAME.<\/p>","protected":false},"excerpt":{"rendered":"<p>FITA ISOLANTE DE 19MM X 10M X 0,13MM S\u00f3 quem \u00e9 conhecida por produtos de qualidade, poderia oferecer Fitas Isolantes com essa op\u00e7\u00e3o. A Fita Isolante FAME \u00e9 feita em filme de PVC antichama, com adesivo a base de borracha sens\u00edvel \u00e0 press\u00e3o, indicada para instala\u00e7\u00f5es el\u00e9tricas de baixa tens\u00e3o. &#8211; Para uso at\u00e9 600V, [&hellip;]<\/p>","protected":false},"featured_media":1240,"comment_status":"open","ping_status":"closed","template":"","meta":[],"product_brand":[],"product_cat":[17],"product_tag":[],"class_list":{"0":"post-1161","1":"product","2":"type-product","3":"status-publish","4":"has-post-thumbnail","6":"product_cat-pecas-em-geral","8":"first","9":"instock","10":"shipping-taxable","11":"purchasable","12":"product-type-simple"},"_links":{"self":[{"href":"https:\/\/www.acquavici.com.br\/en\/wp-json\/wp\/v2\/product\/1161","targetHints":{"allow":["GET"]}}],"collection":[{"href":"https:\/\/www.acquavici.com.br\/en\/wp-json\/wp\/v2\/product"}],"about":[{"href":"https:\/\/www.acquavici.com.br\/en\/wp-json\/wp\/v2\/types\/product"}],"replies":[{"embeddable":true,"href":"https:\/\/www.acquavici.com.br\/en\/wp-json\/wp\/v2\/comments?post=1161"}],"wp:featuredmedia":[{"embeddable":true,"href":"https:\/\/www.acquavici.com.br\/en\/wp-json\/wp\/v2\/media\/1240"}],"wp:attachment":[{"href":"https:\/\/www.acquavici.com.br\/en\/wp-json\/wp\/v2\/media?parent=1161"}],"wp:term":[{"taxonomy":"product_brand","embeddable":true,"href":"https:\/\/www.acquavici.com.br\/en\/wp-json\/wp\/v2\/product_brand?post=1161"},{"taxonomy":"product_cat","embeddable":true,"href":"https:\/\/www.acquavici.com.br\/en\/wp-json\/wp\/v2\/product_cat?post=1161"},{"taxonomy":"product_tag","embeddable":true,"href":"https:\/\/www.acquavici.com.br\/en\/wp-json\/wp\/v2\/product_tag?post=1161"}],"curies":[{"name":"wp","href":"https:\/\/api.w.org\/{rel}","templated":true}]}}