{"id":1164,"date":"2024-04-17T10:55:37","date_gmt":"2024-04-17T13:55:37","guid":{"rendered":"https:\/\/www.acquavici.com.br\/?post_type=product&#038;p=1164"},"modified":"2025-08-20T14:59:40","modified_gmt":"2025-08-20T17:59:40","slug":"chuveiro-eletrico-ducha-faminho-4t-c-cano-black-fame-220v-6800w","status":"publish","type":"product","link":"https:\/\/www.acquavici.com.br\/en\/chuveiro-eletrico-ducha-faminho-4t-c-cano-black-fame-220v-6800w\/","title":{"rendered":"DUCHA FAMINHO 4T COM CANO 220V 6.800W BLACK FAME &#8211; 4215"},"content":{"rendered":"<p>Apresentamos a Ducha Faminho Black, a escolha perfeita para quem busca qualidade e efici\u00eancia na hora do banho!<br \/>\nCom um design moderno e elegante, essa ducha oferece um banho confort\u00e1vel e revigorante, gra\u00e7as ao seu sistema de jato intenso e tecnologia de aquecimento r\u00e1pido.<br \/>\nAl\u00e9m disso, a Ducha Faminho Black \u00e9 f\u00e1cil de instalar, j\u00e1 vem completo e possui uma durabilidade excepcional, garantindo anos de uso sem preocupa\u00e7\u00f5es.<br \/>\nN\u00e3o perca mais tempo com chuveiros que n\u00e3o atendem \u00e0s suas necessidades.<br \/>\nAdquira agora mesmo a Ducha Faminho Black e sinta a diferen\u00e7a em seu banho di\u00e1rio! OBS: Para o correto funcionamento do chuveiro, principalmente em dias muito frio.<\/p>\n<p>Deve ser observado as seguintes situa\u00e7\u00f5es:<br \/>\nChuveiros 127 V &#8211; m\u00ednimo cabo 10mm, disjuntor 50A.<br \/>\nChuveiros 220 V &#8211; m\u00ednimo de cabo 6 mm, disjuntor 40A.<\/p>\n<p>Itens inclusos:<br \/>\n1 DUCHA FAMINHO 4T COM CANO 220V 6.800W BLACK FAME &#8211; 4215<\/p>\n<p>ATEN\u00c7\u00c3O<br \/>\nEnviado com Nota Fiscal.<\/p>\n<p>SOMOS ASSIST\u00caNCIA T\u00c9CNICA AUTORIZADA FAME.<\/p>","protected":false},"excerpt":{"rendered":"<p>Apresentamos a Ducha Faminho Black, a escolha perfeita para quem busca qualidade e efici\u00eancia na hora do banho! Com um design moderno e elegante, essa ducha oferece um banho confort\u00e1vel e revigorante, gra\u00e7as ao seu sistema de jato intenso e tecnologia de aquecimento r\u00e1pido. Al\u00e9m disso, a Ducha Faminho Black \u00e9 f\u00e1cil de instalar, j\u00e1 [&hellip;]<\/p>","protected":false},"featured_media":1245,"comment_status":"open","ping_status":"closed","template":"","meta":[],"product_brand":[],"product_cat":[24],"product_tag":[],"class_list":{"0":"post-1164","1":"product","2":"type-product","3":"status-publish","4":"has-post-thumbnail","6":"product_cat-duchas-chuveiros","8":"first","9":"instock","10":"shipping-taxable","11":"purchasable","12":"product-type-simple"},"_links":{"self":[{"href":"https:\/\/www.acquavici.com.br\/en\/wp-json\/wp\/v2\/product\/1164","targetHints":{"allow":["GET"]}}],"collection":[{"href":"https:\/\/www.acquavici.com.br\/en\/wp-json\/wp\/v2\/product"}],"about":[{"href":"https:\/\/www.acquavici.com.br\/en\/wp-json\/wp\/v2\/types\/product"}],"replies":[{"embeddable":true,"href":"https:\/\/www.acquavici.com.br\/en\/wp-json\/wp\/v2\/comments?post=1164"}],"wp:featuredmedia":[{"embeddable":true,"href":"https:\/\/www.acquavici.com.br\/en\/wp-json\/wp\/v2\/media\/1245"}],"wp:attachment":[{"href":"https:\/\/www.acquavici.com.br\/en\/wp-json\/wp\/v2\/media?parent=1164"}],"wp:term":[{"taxonomy":"product_brand","embeddable":true,"href":"https:\/\/www.acquavici.com.br\/en\/wp-json\/wp\/v2\/product_brand?post=1164"},{"taxonomy":"product_cat","embeddable":true,"href":"https:\/\/www.acquavici.com.br\/en\/wp-json\/wp\/v2\/product_cat?post=1164"},{"taxonomy":"product_tag","embeddable":true,"href":"https:\/\/www.acquavici.com.br\/en\/wp-json\/wp\/v2\/product_tag?post=1164"}],"curies":[{"name":"wp","href":"https:\/\/api.w.org\/{rel}","templated":true}]}}