{"id":1165,"date":"2024-04-17T10:55:37","date_gmt":"2024-04-17T13:55:37","guid":{"rendered":"https:\/\/www.acquavici.com.br\/?post_type=product&#038;p=1165"},"modified":"2025-08-08T10:22:46","modified_gmt":"2025-08-08T13:22:46","slug":"modulo-receptor-ventisol-inverter-bivolt","status":"publish","type":"product","link":"https:\/\/www.acquavici.com.br\/en\/modulo-receptor-ventisol-inverter-bivolt\/","title":{"rendered":"M\u00f3dulo Receptor Ventisol Inverter Bivolt"},"content":{"rendered":"<p>M\u00f3dulo Receptor Ventisol Inverter Bivolt<\/p>\n<p>Compat\u00edvel com os modelos : Fenix Inverter ( Somente Modelo Novo)<\/p>\n<p>Para a configura\u00e7\u00e3o do controle, voc\u00ea precisa desligar a rede. Depois liga novamente e pressiona o bot\u00e3o LIGA\/DESLIGA do controle por 3 segundos. Se n\u00e3o der certo, fa\u00e7a o procedimento novamente e na segunda vez vai dar certo.<br \/>\nOBS: Se voc\u00ea tiver mais de um ventilador do modelo Inverter no mesmo espa\u00e7o, desligue os outros da rede e s\u00f3 ligue o ventilador que voc\u00ea vai fazer a configura\u00e7\u00e3o, caso contr\u00e1rio ele far\u00e1 a sincroniza\u00e7\u00e3o do mesmo controle para todos os ventiladores.<\/p>\n<p>SOMENTE RECEPTOR, N\u00c3O ACOMPANHA CONTROLE REMOTO<\/p>\n<p>Leia a descri\u00e7\u00e3o do an\u00fancio com aten\u00e7\u00e3o antes de efetuar a sua compra.<\/p>\n<p>Por se tratar de pe\u00e7as de reposi\u00e7\u00e3o, muitas vezes a imagem \u00e9 parecida, mas, compare as medidas informadas com a pe\u00e7a que voc\u00ea possui, evitando assim, transtornos com devolu\u00e7\u00f5es.<\/p>\n<p>Em caso de qualquer d\u00favida, n\u00e3o hesite em nos perguntar, ficaremos felizes em esclarecer todas as suas d\u00favidas.<\/p>\n<p>Itens inclusos:<br \/>\n1 M\u00f3dulo Receptor Ventisol Inverter Bivolt;<\/p>\n<p>ATEN\u00c7\u00c3O<br \/>\nEnviado com Nota Fiscal.<\/p>\n<p>SOMOS ASSIST\u00caNCIA T\u00c9CNICA AUTORIZADA VENTISOL.<\/p>","protected":false},"excerpt":{"rendered":"<p>M\u00f3dulo Receptor Ventisol Inverter Bivolt Compat\u00edvel com os modelos : Fenix Inverter ( Somente Modelo Novo) Para a configura\u00e7\u00e3o do controle, voc\u00ea precisa desligar a rede. Depois liga novamente e pressiona o bot\u00e3o LIGA\/DESLIGA do controle por 3 segundos. Se n\u00e3o der certo, fa\u00e7a o procedimento novamente e na segunda vez vai dar certo. OBS: [&hellip;]<\/p>","protected":false},"featured_media":1250,"comment_status":"open","ping_status":"closed","template":"","meta":[],"product_brand":[],"product_cat":[21,20],"product_tag":[],"class_list":{"0":"post-1165","1":"product","2":"type-product","3":"status-publish","4":"has-post-thumbnail","6":"product_cat-aquecedor-eletrico","7":"product_cat-ventilador-de-teto","9":"first","10":"instock","11":"shipping-taxable","12":"purchasable","13":"product-type-simple"},"_links":{"self":[{"href":"https:\/\/www.acquavici.com.br\/en\/wp-json\/wp\/v2\/product\/1165","targetHints":{"allow":["GET"]}}],"collection":[{"href":"https:\/\/www.acquavici.com.br\/en\/wp-json\/wp\/v2\/product"}],"about":[{"href":"https:\/\/www.acquavici.com.br\/en\/wp-json\/wp\/v2\/types\/product"}],"replies":[{"embeddable":true,"href":"https:\/\/www.acquavici.com.br\/en\/wp-json\/wp\/v2\/comments?post=1165"}],"wp:featuredmedia":[{"embeddable":true,"href":"https:\/\/www.acquavici.com.br\/en\/wp-json\/wp\/v2\/media\/1250"}],"wp:attachment":[{"href":"https:\/\/www.acquavici.com.br\/en\/wp-json\/wp\/v2\/media?parent=1165"}],"wp:term":[{"taxonomy":"product_brand","embeddable":true,"href":"https:\/\/www.acquavici.com.br\/en\/wp-json\/wp\/v2\/product_brand?post=1165"},{"taxonomy":"product_cat","embeddable":true,"href":"https:\/\/www.acquavici.com.br\/en\/wp-json\/wp\/v2\/product_cat?post=1165"},{"taxonomy":"product_tag","embeddable":true,"href":"https:\/\/www.acquavici.com.br\/en\/wp-json\/wp\/v2\/product_tag?post=1165"}],"curies":[{"name":"wp","href":"https:\/\/api.w.org\/{rel}","templated":true}]}}