{"id":1168,"date":"2024-04-17T10:55:37","date_gmt":"2024-04-17T13:55:37","guid":{"rendered":"https:\/\/www.acquavici.com.br\/?post_type=product&#038;p=1168"},"modified":"2024-07-16T09:46:35","modified_gmt":"2024-07-16T12:46:35","slug":"torneira-bica-reta-para-lavatorio-cr-fame-cod-3703","status":"publish","type":"product","link":"https:\/\/www.acquavici.com.br\/en\/torneira-bica-reta-para-lavatorio-cr-fame-cod-3703\/","title":{"rendered":"TORNEIRA BICA RETA PARA LAVAT\u00d3RIO CR FAME 3703"},"content":{"rendered":"<p>Torneira Bica Reta para Lavat\u00f3rio Cromada &#8211; 3703 &#8211; FAME<\/p>\n<p>Descri\u00e7\u00e3o:<br \/>\nOp\u00e7\u00f5es para instala\u00e7\u00f5es din\u00e2micas e econ\u00f4micas.<br \/>\nA Torneira Cisne FAME\u00a0 Bica Reta para Lavat\u00f3rio, \u00e9 pr\u00e1tica e f\u00e1cil de utilizar.<br \/>\nFabricada em ABS\u00a0 polido, al\u00e9m da beleza do design, traz a qualidade dos mais de 70 anos FAME, com durabilidade a toda a prova, pois n\u00e3o oxida.<br \/>\nRegistro &#8220;Abre F\u00e1cil&#8221;: Vers\u00e1til e eficaz- Bico Quebra Jato.<\/p>\n<p>Itens inclusos:<br \/>\n1 Torneira Bica Reta para Lavat\u00f3rio CR FAME C\u00f3d 3703;<\/p>\n<p>ATEN\u00c7\u00c3O<br \/>\nEnviado com Nota Fiscal.<\/p>\n<p>SOMOS ASSIST\u00caNCIA T\u00c9CNICA AUTORIZADA FAME.<\/p>","protected":false},"excerpt":{"rendered":"<p>Torneira Bica Reta para Lavat\u00f3rio Cromada &#8211; 3703 &#8211; FAME Descri\u00e7\u00e3o: Op\u00e7\u00f5es para instala\u00e7\u00f5es din\u00e2micas e econ\u00f4micas. A Torneira Cisne FAME\u00a0 Bica Reta para Lavat\u00f3rio, \u00e9 pr\u00e1tica e f\u00e1cil de utilizar. Fabricada em ABS\u00a0 polido, al\u00e9m da beleza do design, traz a qualidade dos mais de 70 anos FAME, com durabilidade a toda a prova, [&hellip;]<\/p>","protected":false},"featured_media":1257,"comment_status":"open","ping_status":"closed","template":"","meta":[],"product_brand":[],"product_cat":[19],"product_tag":[],"class_list":{"0":"post-1168","1":"product","2":"type-product","3":"status-publish","4":"has-post-thumbnail","6":"product_cat-torneiras","8":"first","9":"instock","10":"shipping-taxable","11":"purchasable","12":"product-type-simple"},"_links":{"self":[{"href":"https:\/\/www.acquavici.com.br\/en\/wp-json\/wp\/v2\/product\/1168","targetHints":{"allow":["GET"]}}],"collection":[{"href":"https:\/\/www.acquavici.com.br\/en\/wp-json\/wp\/v2\/product"}],"about":[{"href":"https:\/\/www.acquavici.com.br\/en\/wp-json\/wp\/v2\/types\/product"}],"replies":[{"embeddable":true,"href":"https:\/\/www.acquavici.com.br\/en\/wp-json\/wp\/v2\/comments?post=1168"}],"wp:featuredmedia":[{"embeddable":true,"href":"https:\/\/www.acquavici.com.br\/en\/wp-json\/wp\/v2\/media\/1257"}],"wp:attachment":[{"href":"https:\/\/www.acquavici.com.br\/en\/wp-json\/wp\/v2\/media?parent=1168"}],"wp:term":[{"taxonomy":"product_brand","embeddable":true,"href":"https:\/\/www.acquavici.com.br\/en\/wp-json\/wp\/v2\/product_brand?post=1168"},{"taxonomy":"product_cat","embeddable":true,"href":"https:\/\/www.acquavici.com.br\/en\/wp-json\/wp\/v2\/product_cat?post=1168"},{"taxonomy":"product_tag","embeddable":true,"href":"https:\/\/www.acquavici.com.br\/en\/wp-json\/wp\/v2\/product_tag?post=1168"}],"curies":[{"name":"wp","href":"https:\/\/api.w.org\/{rel}","templated":true}]}}