{"id":1169,"date":"2024-04-17T10:55:37","date_gmt":"2024-04-17T13:55:37","guid":{"rendered":"https:\/\/www.acquavici.com.br\/?post_type=product&#038;p=1169"},"modified":"2024-07-16T09:37:19","modified_gmt":"2024-07-16T12:37:19","slug":"torneira-de-bancada-cozinha-acquafam-plastica-1-4-de-vota-br-fame","status":"publish","type":"product","link":"https:\/\/www.acquavici.com.br\/en\/torneira-de-bancada-cozinha-acquafam-plastica-1-4-de-vota-br-fame\/","title":{"rendered":"TORNEIRA ACQUAFAM PL\u00c1STICA 1\/4 BR BANCADA\/COZINHA FAME"},"content":{"rendered":"<p>Torneira Bancada Lavat\u00f3rio Acquafam Branco<\/p>\n<p>A Linha de Torneiras AcquaFam tem o melhor estilo para o seu banheiro, com\u00a0registro de 1\/4 de volta que facilita o fechamento mesmo com as m\u00e3os\u00a0molhadas.<br \/>\nQualidade de vida para toda a fam\u00edlia!<br \/>\nTraz toda a modernidade que a sua cozinha merece!<br \/>\nAl\u00e9m de op\u00e7\u00f5es de cores e volante f\u00e1cil, o grande diferencial da Torneira para lavat\u00f3rio AcquaFam est\u00e1 no custo-benef\u00edcio.<\/p>\n<p>Itens inclusos:<br \/>\n1 TORNEIRA ACQUAFAM PL\u00c1STICA 1\/4 BR BANCADA\/COZINHA FAME;<\/p>\n<p>ATEN\u00c7\u00c3O<br \/>\nEnviado com Nota Fiscal.<\/p>\n<p>SOMOS ASSIST\u00caNCIA T\u00c9CNICA AUTORIZADA FAME.<\/p>","protected":false},"excerpt":{"rendered":"<p>Torneira Bancada Lavat\u00f3rio Acquafam Branco A Linha de Torneiras AcquaFam tem o melhor estilo para o seu banheiro, com\u00a0registro de 1\/4 de volta que facilita o fechamento mesmo com as m\u00e3os\u00a0molhadas. Qualidade de vida para toda a fam\u00edlia! Traz toda a modernidade que a sua cozinha merece! Al\u00e9m de op\u00e7\u00f5es de cores e volante f\u00e1cil, [&hellip;]<\/p>","protected":false},"featured_media":1258,"comment_status":"open","ping_status":"closed","template":"","meta":[],"product_brand":[],"product_cat":[19],"product_tag":[],"class_list":{"0":"post-1169","1":"product","2":"type-product","3":"status-publish","4":"has-post-thumbnail","6":"product_cat-torneiras","8":"first","9":"instock","10":"shipping-taxable","11":"purchasable","12":"product-type-simple"},"_links":{"self":[{"href":"https:\/\/www.acquavici.com.br\/en\/wp-json\/wp\/v2\/product\/1169","targetHints":{"allow":["GET"]}}],"collection":[{"href":"https:\/\/www.acquavici.com.br\/en\/wp-json\/wp\/v2\/product"}],"about":[{"href":"https:\/\/www.acquavici.com.br\/en\/wp-json\/wp\/v2\/types\/product"}],"replies":[{"embeddable":true,"href":"https:\/\/www.acquavici.com.br\/en\/wp-json\/wp\/v2\/comments?post=1169"}],"wp:featuredmedia":[{"embeddable":true,"href":"https:\/\/www.acquavici.com.br\/en\/wp-json\/wp\/v2\/media\/1258"}],"wp:attachment":[{"href":"https:\/\/www.acquavici.com.br\/en\/wp-json\/wp\/v2\/media?parent=1169"}],"wp:term":[{"taxonomy":"product_brand","embeddable":true,"href":"https:\/\/www.acquavici.com.br\/en\/wp-json\/wp\/v2\/product_brand?post=1169"},{"taxonomy":"product_cat","embeddable":true,"href":"https:\/\/www.acquavici.com.br\/en\/wp-json\/wp\/v2\/product_cat?post=1169"},{"taxonomy":"product_tag","embeddable":true,"href":"https:\/\/www.acquavici.com.br\/en\/wp-json\/wp\/v2\/product_tag?post=1169"}],"curies":[{"name":"wp","href":"https:\/\/api.w.org\/{rel}","templated":true}]}}