{"id":1171,"date":"2024-04-17T10:55:38","date_gmt":"2024-04-17T13:55:38","guid":{"rendered":"https:\/\/www.acquavici.com.br\/?post_type=product&#038;p=1171"},"modified":"2024-07-15T11:48:14","modified_gmt":"2024-07-15T14:48:14","slug":"torneira-bica-alta-e-movel-parede-cozinha-3t-br-fame-220v-5400w","status":"publish","type":"product","link":"https:\/\/www.acquavici.com.br\/en\/torneira-bica-alta-e-movel-parede-cozinha-3t-br-fame-220v-5400w\/","title":{"rendered":"TORNEIRA BICA ALTA E M\u00d3VEL COZINHA PAREDE 3T 220V 5400W BR FAME"},"content":{"rendered":"<p>A torneira \u00e9 sem d\u00favidas o acess\u00f3rio mais utilizado dentro de uma cozinha, pois al\u00e9m de fornecer a \u00e1gua necess\u00e1ria para lavar e cozinhar os alimentos ela tamb\u00e9m \u00e9 a respons\u00e1vel por deixar tudo limpinho e brilhando ap\u00f3s cada refei\u00e7\u00e3o.<br \/>\nE para deixar a sua cozinha completa e funcional, a Fame traz a torneira el\u00e9trica de parede modelo 010.1994.2.<br \/>\nCom um design moderno, ela conta com bica m\u00f3vel, que permite o direcionamento do fluxo de \u00e1gua para as \u00e1reas desejadas.<br \/>\nDispon\u00edvel na cor branca, possui acionamento de 1\/4 volta que proporciona f\u00e1cil controle de vaz\u00e3o da \u00e1gua e man\u00edpulo multi-posicion\u00e1vel, onde voc\u00ea escolhe qual \u00e9 a melhor posi\u00e7\u00e3o para abrir ou fechar o registro.<br \/>\nSeu arejador articulado produz um jato uniforme, que al\u00e9m de trazer economia, garante maior praticidade e conforto na utiliza\u00e7\u00e3o do produto.<br \/>\nEla conta com 5400W de pot\u00eancia e 3 temperaturas: fria, morna e quente, que ajuda na hora de ferver a \u00e1gua com mais rapidez e tamb\u00e9m a desengordurar lou\u00e7as e pia com facilidade, economizando detergente, \u00e1gua e energia el\u00e9trica!<\/p>\n<p>Itens inclusos:<br \/>\n1 Torneira Bica Alta e M\u00f3vel parede\/cozinha 3T BR Fame 220v 5400w;<\/p>\n<p>ATEN\u00c7\u00c3O<br \/>\nEnviado com Nota Fiscal.<\/p>\n<p>SOMOS ASSIST\u00caNCIA T\u00c9CNICA AUTORIZADA FAME.<\/p>","protected":false},"excerpt":{"rendered":"<p>A torneira \u00e9 sem d\u00favidas o acess\u00f3rio mais utilizado dentro de uma cozinha, pois al\u00e9m de fornecer a \u00e1gua necess\u00e1ria para lavar e cozinhar os alimentos ela tamb\u00e9m \u00e9 a respons\u00e1vel por deixar tudo limpinho e brilhando ap\u00f3s cada refei\u00e7\u00e3o. E para deixar a sua cozinha completa e funcional, a Fame traz a torneira el\u00e9trica [&hellip;]<\/p>","protected":false},"featured_media":1260,"comment_status":"open","ping_status":"closed","template":"","meta":[],"product_brand":[],"product_cat":[19],"product_tag":[],"class_list":{"0":"post-1171","1":"product","2":"type-product","3":"status-publish","4":"has-post-thumbnail","6":"product_cat-torneiras","8":"first","9":"instock","10":"shipping-taxable","11":"purchasable","12":"product-type-simple"},"_links":{"self":[{"href":"https:\/\/www.acquavici.com.br\/en\/wp-json\/wp\/v2\/product\/1171","targetHints":{"allow":["GET"]}}],"collection":[{"href":"https:\/\/www.acquavici.com.br\/en\/wp-json\/wp\/v2\/product"}],"about":[{"href":"https:\/\/www.acquavici.com.br\/en\/wp-json\/wp\/v2\/types\/product"}],"replies":[{"embeddable":true,"href":"https:\/\/www.acquavici.com.br\/en\/wp-json\/wp\/v2\/comments?post=1171"}],"wp:featuredmedia":[{"embeddable":true,"href":"https:\/\/www.acquavici.com.br\/en\/wp-json\/wp\/v2\/media\/1260"}],"wp:attachment":[{"href":"https:\/\/www.acquavici.com.br\/en\/wp-json\/wp\/v2\/media?parent=1171"}],"wp:term":[{"taxonomy":"product_brand","embeddable":true,"href":"https:\/\/www.acquavici.com.br\/en\/wp-json\/wp\/v2\/product_brand?post=1171"},{"taxonomy":"product_cat","embeddable":true,"href":"https:\/\/www.acquavici.com.br\/en\/wp-json\/wp\/v2\/product_cat?post=1171"},{"taxonomy":"product_tag","embeddable":true,"href":"https:\/\/www.acquavici.com.br\/en\/wp-json\/wp\/v2\/product_tag?post=1171"}],"curies":[{"name":"wp","href":"https:\/\/api.w.org\/{rel}","templated":true}]}}