{"id":1173,"date":"2024-04-17T10:55:38","date_gmt":"2024-04-17T13:55:38","guid":{"rendered":"https:\/\/www.acquavici.com.br\/?post_type=product&#038;p=1173"},"modified":"2024-07-15T10:45:51","modified_gmt":"2024-07-15T13:45:51","slug":"torneira-elegance-4t-bica-alta-bancada-cozinha-br-fame-220v-5400w","status":"publish","type":"product","link":"https:\/\/www.acquavici.com.br\/en\/torneira-elegance-4t-bica-alta-bancada-cozinha-br-fame-220v-5400w\/","title":{"rendered":"TORNEIRA ELETRICA 4T ELEGANCE BRANCA 220V 5.400W BANCADA FAME 3988"},"content":{"rendered":"<p>A torneira el\u00e9trica \u00e9 um acess\u00f3rio extremamente \u00fatil dentro de uma cozinha, pois al\u00e9m de fornecer a \u00e1gua fria, que \u00e9 necess\u00e1ria para lavar e cozinhar os alimentos, ela tamb\u00e9m fornece \u00e1gua quente, que ajuda muito na hora de ferver a \u00e1gua com mais rapidez e tamb\u00e9m a desengordurar lou\u00e7as e a pia com facilidade na hora da limpeza, economizando detergente, \u00e1gua, g\u00e1s e deixando tudo limpinho ap\u00f3s cada refei\u00e7\u00e3o!<br \/>\nPara deixar a sua cozinha ainda mais completa e funcional, a Fame traz o modelo de bancada Elegance. Com um design moderno, ela conta com bica alta e m\u00f3vel (com giro de 180\u00b0) que permite o direcionamento do fluxo de \u00e1gua para as \u00e1reas desejadas. Dispon\u00edvel na cor branca, possui acionamento de 1\/4 de volta, que proporciona f\u00e1cil controle de vaz\u00e3o da \u00e1gua e pot\u00eancia de 5400W, com 4 temperaturas.<br \/>\nSeu arejador articulado produz um jato concentrado e uniforme que al\u00e9m de trazer economia garante maior praticidade e conforto na utiliza\u00e7\u00e3o do produto.<\/p>\n<p>Itens inclusos:<br \/>\n1 Torneira Elegance Bica Alta bancada\/cozinha BR Fame 4800W 4 Temperaturas;<\/p>\n<p>ATEN\u00c7\u00c3O<br \/>\nEnviado com Nota Fiscal.<\/p>\n<p>SOMOS ASSIST\u00caNCIA T\u00c9CNICA AUTORIZADA FAME.<\/p>","protected":false},"excerpt":{"rendered":"<p>A torneira el\u00e9trica \u00e9 um acess\u00f3rio extremamente \u00fatil dentro de uma cozinha, pois al\u00e9m de fornecer a \u00e1gua fria, que \u00e9 necess\u00e1ria para lavar e cozinhar os alimentos, ela tamb\u00e9m fornece \u00e1gua quente, que ajuda muito na hora de ferver a \u00e1gua com mais rapidez e tamb\u00e9m a desengordurar lou\u00e7as e a pia com facilidade [&hellip;]<\/p>","protected":false},"featured_media":1265,"comment_status":"open","ping_status":"closed","template":"","meta":[],"product_brand":[],"product_cat":[19],"product_tag":[],"class_list":{"0":"post-1173","1":"product","2":"type-product","3":"status-publish","4":"has-post-thumbnail","6":"product_cat-torneiras","8":"first","9":"instock","10":"shipping-taxable","11":"purchasable","12":"product-type-simple"},"_links":{"self":[{"href":"https:\/\/www.acquavici.com.br\/en\/wp-json\/wp\/v2\/product\/1173","targetHints":{"allow":["GET"]}}],"collection":[{"href":"https:\/\/www.acquavici.com.br\/en\/wp-json\/wp\/v2\/product"}],"about":[{"href":"https:\/\/www.acquavici.com.br\/en\/wp-json\/wp\/v2\/types\/product"}],"replies":[{"embeddable":true,"href":"https:\/\/www.acquavici.com.br\/en\/wp-json\/wp\/v2\/comments?post=1173"}],"wp:featuredmedia":[{"embeddable":true,"href":"https:\/\/www.acquavici.com.br\/en\/wp-json\/wp\/v2\/media\/1265"}],"wp:attachment":[{"href":"https:\/\/www.acquavici.com.br\/en\/wp-json\/wp\/v2\/media?parent=1173"}],"wp:term":[{"taxonomy":"product_brand","embeddable":true,"href":"https:\/\/www.acquavici.com.br\/en\/wp-json\/wp\/v2\/product_brand?post=1173"},{"taxonomy":"product_cat","embeddable":true,"href":"https:\/\/www.acquavici.com.br\/en\/wp-json\/wp\/v2\/product_cat?post=1173"},{"taxonomy":"product_tag","embeddable":true,"href":"https:\/\/www.acquavici.com.br\/en\/wp-json\/wp\/v2\/product_tag?post=1173"}],"curies":[{"name":"wp","href":"https:\/\/api.w.org\/{rel}","templated":true}]}}