{"id":118,"date":"2024-04-17T10:46:07","date_gmt":"2024-04-17T13:46:07","guid":{"rendered":"https:\/\/www.acquavici.com.br\/?post_type=product&#038;p=118"},"modified":"2025-07-03T08:46:34","modified_gmt":"2025-07-03T11:46:34","slug":"ducha-lorenzetti-acqua-storm-ultra-220v-7800w-preto-mod-7510060","status":"publish","type":"product","link":"https:\/\/www.acquavici.com.br\/en\/ducha-lorenzetti-acqua-storm-ultra-220v-7800w-preto-mod-7510060\/","title":{"rendered":"Ducha Lorenzetti Acqua Storm Ultra 220v 7800w Preto Mod.7510060"},"content":{"rendered":"<p>Informa\u00e7\u00f5es do Produto<br \/>\nA Ducha Acqua Storm Ultra Lorenzetti apresenta acabamento moderno e inovador com linhas quadradas, design compacto e ultrafino, &#8220;semelhante ao design de duchas frias&#8221;. Ainda conta com ducha manual com design exclusivo. Com a exclusiva Resist\u00eancia Loren Ultra, a primeira resist\u00eancia plana do mercado, de longa dura\u00e7\u00e3o. A Acqua Storm Ultra traz um banho diferenciado e inesquec\u00edvel, com Tecnologia Press Plus, que s\u00e3o jatos de alta performance mesmo com baixa press\u00e3o. Seu comando eletr\u00f4nico permite a escolha gradual e precisa da temperatura. A haste de controle de temperaturas garante a troca<br \/>\nao alcance das m\u00e3os (uso opcional). De f\u00e1cil instala\u00e7\u00e3o, em poucos passos a ducha \u00e9 instalada ou removida.<\/p>\n<p>Caracter\u00edstica:<br \/>\nMaterial: Termopl\u00e1sticos, elast\u00f4meros e ligas met\u00e1licas<br \/>\nCor: Preto<br \/>\nFormato: Quadrados<br \/>\nInstala\u00e7\u00e3o sem Cano: Sim<br \/>\nComando Eletr\u00f4nico de Temperaturas: Sim<br \/>\nPot\u00eancia: 7800w<br \/>\nVoltagem: 220v<br \/>\nDimens\u00e3o: Comprimento: 52cm Altura: 22,8 cm Largura: 21cm<\/p>\n<p>Especifica\u00e7\u00e3o:<br \/>\nMarca: Lorenzetti<\/p>","protected":false},"excerpt":{"rendered":"<p>A Ducha Acqua Storm Ultra Lorenzetti apresenta acabamento moderno e inovador com linhas quadradas, design compacto e ultrafino, &#8220;semelhante ao design de duchas frias&#8221;.<\/p>","protected":false},"featured_media":202,"comment_status":"open","ping_status":"closed","template":"","meta":[],"product_brand":[],"product_cat":[24],"product_tag":[],"class_list":{"0":"post-118","1":"product","2":"type-product","3":"status-publish","4":"has-post-thumbnail","6":"product_cat-duchas-chuveiros","8":"first","9":"instock","10":"shipping-taxable","11":"purchasable","12":"product-type-simple"},"_links":{"self":[{"href":"https:\/\/www.acquavici.com.br\/en\/wp-json\/wp\/v2\/product\/118","targetHints":{"allow":["GET"]}}],"collection":[{"href":"https:\/\/www.acquavici.com.br\/en\/wp-json\/wp\/v2\/product"}],"about":[{"href":"https:\/\/www.acquavici.com.br\/en\/wp-json\/wp\/v2\/types\/product"}],"replies":[{"embeddable":true,"href":"https:\/\/www.acquavici.com.br\/en\/wp-json\/wp\/v2\/comments?post=118"}],"wp:featuredmedia":[{"embeddable":true,"href":"https:\/\/www.acquavici.com.br\/en\/wp-json\/wp\/v2\/media\/202"}],"wp:attachment":[{"href":"https:\/\/www.acquavici.com.br\/en\/wp-json\/wp\/v2\/media?parent=118"}],"wp:term":[{"taxonomy":"product_brand","embeddable":true,"href":"https:\/\/www.acquavici.com.br\/en\/wp-json\/wp\/v2\/product_brand?post=118"},{"taxonomy":"product_cat","embeddable":true,"href":"https:\/\/www.acquavici.com.br\/en\/wp-json\/wp\/v2\/product_cat?post=118"},{"taxonomy":"product_tag","embeddable":true,"href":"https:\/\/www.acquavici.com.br\/en\/wp-json\/wp\/v2\/product_tag?post=118"}],"curies":[{"name":"wp","href":"https:\/\/api.w.org\/{rel}","templated":true}]}}