{"id":119,"date":"2024-04-17T10:46:07","date_gmt":"2024-04-17T13:46:07","guid":{"rendered":"https:\/\/www.acquavici.com.br\/?post_type=product&#038;p=119"},"modified":"2025-07-18T08:24:23","modified_gmt":"2025-07-18T11:24:23","slug":"chuveiro-lorenzetti-acqua-duo-220v-7800w","status":"publish","type":"product","link":"https:\/\/www.acquavici.com.br\/en\/chuveiro-lorenzetti-acqua-duo-220v-7800w\/","title":{"rendered":"CHUVEIRO ACQUA DUO CR 220V\/6800W LORENZETTI"},"content":{"rendered":"<p>E para dar continuidade ao grande sucesso da Linha Acqua Ultra, a Lorenzetti surpreende mais uma vez com o lan\u00e7amento do chuveiro hibrido Acqua Duo Flex que possui funcionamento inteligente com sistema autom\u00e1tico e eletr\u00f4nico de temperatura.<br \/>\nIdeal para complementar a temperatura do banho com muito mais conforto e sem desperd\u00edcio! Autom\u00e1tico e inteligente.<br \/>\nMaior economia de \u00e1gua e energia.<\/p>\n<p>TEMPERATURAS QUENTES: Economia de \u00e1gua, aquecimento instant\u00e2neo, Economia de energia e a ducha desliga automaticamente.<\/p>\n<p>TEMPERATURAS AMENAS: Economia de \u00e1gua, aquecimento instant\u00e2neo, Economia de energia e complementa a temperatura do aquecedor.<\/p>\n<p>TEMPERATURAS FRIAS: Economia de \u00e1gua, aquecimento instant\u00e2neo, Economia de energia e substitui com economia o apoio el\u00e9trico do Boiler.<\/p>\n<p>Produto desenvolvido para ser utilizado com os sistemas: Aquecimento a G\u00e1s, Aquecimento por Acumula\u00e7\u00e3o, Aquecimento Sol e Energia El\u00e9trica.<\/p>\n<p>INFORMACOES T\u00c9CNICAS:<br \/>\nSec\u00e7\u00e3o dos Condutores 4 mm\u00b2<br \/>\nDisjuntor: 32 A<br \/>\nPress\u00e3o de funcionamento: 10 a 400kPa (1 a 40 mca)<br \/>\nGrau de Prote\u00e7\u00e3o: IP 24<br \/>\nSistema de Aterramento<br \/>\nComando Eletr\u00f4nico de Temperatura<br \/>\nCompat\u00edvel com DR<br \/>\nInstala\u00e7\u00e3o sem cano<br \/>\nCompat\u00edvel com aquecimento solar<br \/>\nTensao: 220V Potencia: 6800<\/p>\n<p>Orienta\u00e7\u00e3o:<br \/>\nIndica o modo de funcionamento do produto<br \/>\nExclusiva resist\u00eancia Loren Ultra<br \/>\nLonga dura\u00e7\u00e3o em compara\u00e7\u00e3o as resist\u00eancias comuns &#8211; Eletr\u00f4nica<br \/>\nPermite a escolha gradual e precisa da temperatura -Tecnologia Press Plus<br \/>\nJatos de alta performance mesmo com baixa press\u00e3o de \u00e1gua &#8211; Jato Multidirecional<br \/>\n\u00c1gua na dire\u00e7\u00e3o desejada &#8211; Seletor para escolha do jato<br \/>\nChuveiro ou ducha &#8211; Haste de Comando<br \/>\nControle de temperatura e sele\u00e7\u00e3o do tipo de jato ao alcance das m\u00e3os &#8211; D.R.I.<br \/>\nDispositivo de Regulagem de Inclina\u00e7\u00e3o.<\/p>\n<p>Dimens\u00f5es<br \/>\nAxLxP (mm): 228x210x520<\/p>\n<p>Acompanha o produto:<br \/>\n01 Chuveiro Eletr\u00f4nico Aqua Duo Ultra CR 220v 7800w Lorenzetti;<br \/>\n01 Haste de Comando;<br \/>\n01 Mangueira com Ducha Manual;<br \/>\n01 Redutor de Press\u00e3o;<br \/>\n01 Manual de Instala\u00e7\u00e3o;<\/p>\n<p>ATEN\u00c7\u00c3O<br \/>\nEnviado com Nota Fiscal.<\/p>\n<p>SOMOS ASSIST\u00caNCIA T\u00c9CNICA AUTORIZADA LORENZETTI.<\/p>","protected":false},"excerpt":{"rendered":"<p>E para dar continuidade ao grande sucesso da Linha Acqua Ultra, a Lorenzetti surpreende mais uma vez com um produto sofisticado que possui acabamento moderno com linhas quadradas, design compacto.<\/p>","protected":false},"featured_media":212,"comment_status":"open","ping_status":"closed","template":"","meta":[],"product_brand":[],"product_cat":[24],"product_tag":[],"class_list":{"0":"post-119","1":"product","2":"type-product","3":"status-publish","4":"has-post-thumbnail","6":"product_cat-duchas-chuveiros","8":"first","9":"instock","10":"shipping-taxable","11":"purchasable","12":"product-type-simple"},"_links":{"self":[{"href":"https:\/\/www.acquavici.com.br\/en\/wp-json\/wp\/v2\/product\/119","targetHints":{"allow":["GET"]}}],"collection":[{"href":"https:\/\/www.acquavici.com.br\/en\/wp-json\/wp\/v2\/product"}],"about":[{"href":"https:\/\/www.acquavici.com.br\/en\/wp-json\/wp\/v2\/types\/product"}],"replies":[{"embeddable":true,"href":"https:\/\/www.acquavici.com.br\/en\/wp-json\/wp\/v2\/comments?post=119"}],"wp:featuredmedia":[{"embeddable":true,"href":"https:\/\/www.acquavici.com.br\/en\/wp-json\/wp\/v2\/media\/212"}],"wp:attachment":[{"href":"https:\/\/www.acquavici.com.br\/en\/wp-json\/wp\/v2\/media?parent=119"}],"wp:term":[{"taxonomy":"product_brand","embeddable":true,"href":"https:\/\/www.acquavici.com.br\/en\/wp-json\/wp\/v2\/product_brand?post=119"},{"taxonomy":"product_cat","embeddable":true,"href":"https:\/\/www.acquavici.com.br\/en\/wp-json\/wp\/v2\/product_cat?post=119"},{"taxonomy":"product_tag","embeddable":true,"href":"https:\/\/www.acquavici.com.br\/en\/wp-json\/wp\/v2\/product_tag?post=119"}],"curies":[{"name":"wp","href":"https:\/\/api.w.org\/{rel}","templated":true}]}}