{"id":121,"date":"2024-04-17T10:46:07","date_gmt":"2024-04-17T13:46:07","guid":{"rendered":"https:\/\/www.acquavici.com.br\/?post_type=product&#038;p=121"},"modified":"2025-07-01T14:06:10","modified_gmt":"2025-07-01T17:06:10","slug":"chuveiro-eletrico-lorenzetti-220v-6800w-branco-temperatura-gradual-com-chuveirinho","status":"publish","type":"product","link":"https:\/\/www.acquavici.com.br\/en\/chuveiro-eletrico-lorenzetti-220v-6800w-branco-temperatura-gradual-com-chuveirinho\/","title":{"rendered":"DUCHA LOREN SHOWER ELETR\u00d4NICO 220v 7.500w BR LORENZETTI"},"content":{"rendered":"<p>O chuveiro el\u00e9trico Ducha Shower Eletr\u00f3nica 220v da Lorenzetti \u00e9 o que voc\u00ea precisa para transformar os seus banhos em momentos de puro relaxamento e descanso! Ele possui um design moderno que deixar\u00e1 o seu banheiro ainda mais elegante.<\/p>\n<p>Caracter\u00edsticas do Produto:<br \/>\nPossui Resist\u00eancia Loren Ultra: Exclusiva resist\u00eancia de alta performance e longa dura\u00e7\u00e3o em compara\u00e7\u00e3o \u00e0s resist\u00eancias comuns.<br \/>\nDucha e Chuveiro em um s\u00f3 produto.<br \/>\nCompat\u00edvel com aquecimento solar e outros sistemas de aquecimento.<br \/>\nGrande espalhador: Maior \u00e1rea de banho.<br \/>\nF\u00e1cil troca da Resist\u00eancia<br \/>\nCompat\u00edvel com dispositivo de prote\u00e7\u00e3o DR*<\/p>\n<p>Descri\u00e7\u00e3o T\u00e9cnica:<br \/>\nPot\u00eancia: 7500W<br \/>\nVoltagem: 220V<br \/>\nFio: 6mm\u00b2<br \/>\nPress\u00e3o de Funcionamento: 10 a 400Kpa (1 a 40 M.C.A)<br \/>\nDisjuntor: 40A<br \/>\nGrau de Prote\u00e7\u00e3o: IP24<br \/>\nSistema de Aterramento: Sim<br \/>\nDist\u00e2ncia m\u00e1xima at\u00e9 o disjuntor: 35,5m<\/p>\n<p>Aten\u00e7\u00e3o: Certifique-se das especifica\u00e7\u00f5es de Tens\u00e3o e Pot\u00eancia adequadas ao local de uso. As especifica\u00e7\u00f5es deste produto est\u00e3o contidas no t\u00edtulo do an\u00fancio<\/p>\n<p>Itens inclusos:<br \/>\n1 DUCHA LOREN SHOWER ELETR\u00d4NICO 220v 7.500w BR LORENZETTI;<br \/>\n1 Chuveirinho;<br \/>\n1 Mangueira;<br \/>\n1 Suporte para Chuveirinho;<br \/>\n1 Haste;<\/p>\n<p>ATEN\u00c7\u00c3O<br \/>\nEnviado com Nota Fiscal.<\/p>\n<p>SOMOS ASSIST\u00caNCIA T\u00c9CNICA AUTORIZADA LORENZETTI.<\/p>","protected":false},"excerpt":{"rendered":"<p>Informa\u00e7\u00f5es complementares<br \/>\nMarca &#8211; Lorenzetti<br \/>\nPot\u00eancia &#8211; 6800W<\/p>","protected":false},"featured_media":217,"comment_status":"open","ping_status":"closed","template":"","meta":[],"product_brand":[],"product_cat":[24],"product_tag":[],"class_list":{"0":"post-121","1":"product","2":"type-product","3":"status-publish","4":"has-post-thumbnail","6":"product_cat-duchas-chuveiros","8":"first","9":"instock","10":"shipping-taxable","11":"purchasable","12":"product-type-simple"},"_links":{"self":[{"href":"https:\/\/www.acquavici.com.br\/en\/wp-json\/wp\/v2\/product\/121","targetHints":{"allow":["GET"]}}],"collection":[{"href":"https:\/\/www.acquavici.com.br\/en\/wp-json\/wp\/v2\/product"}],"about":[{"href":"https:\/\/www.acquavici.com.br\/en\/wp-json\/wp\/v2\/types\/product"}],"replies":[{"embeddable":true,"href":"https:\/\/www.acquavici.com.br\/en\/wp-json\/wp\/v2\/comments?post=121"}],"wp:featuredmedia":[{"embeddable":true,"href":"https:\/\/www.acquavici.com.br\/en\/wp-json\/wp\/v2\/media\/217"}],"wp:attachment":[{"href":"https:\/\/www.acquavici.com.br\/en\/wp-json\/wp\/v2\/media?parent=121"}],"wp:term":[{"taxonomy":"product_brand","embeddable":true,"href":"https:\/\/www.acquavici.com.br\/en\/wp-json\/wp\/v2\/product_brand?post=121"},{"taxonomy":"product_cat","embeddable":true,"href":"https:\/\/www.acquavici.com.br\/en\/wp-json\/wp\/v2\/product_cat?post=121"},{"taxonomy":"product_tag","embeddable":true,"href":"https:\/\/www.acquavici.com.br\/en\/wp-json\/wp\/v2\/product_tag?post=121"}],"curies":[{"name":"wp","href":"https:\/\/api.w.org\/{rel}","templated":true}]}}