{"id":1223,"date":"2024-04-17T10:55:58","date_gmt":"2024-04-17T13:55:58","guid":{"rendered":"https:\/\/www.acquavici.com.br\/?post_type=product&#038;p=1223"},"modified":"2024-07-15T11:43:28","modified_gmt":"2024-07-15T14:43:28","slug":"ducha-evidence-4t-redonda-br-fame-220v-6800w","status":"publish","type":"product","link":"https:\/\/www.acquavici.com.br\/en\/ducha-evidence-4t-redonda-br-fame-220v-6800w\/","title":{"rendered":"CHUVEIRO EVIDENCE 4 TEMPERATURA 220V 6800W FAME &#8211; 3224"},"content":{"rendered":"<p>A Ducha Evidence FAME possui quatro temperaturas para um banho com mais op\u00e7\u00f5es de conforto em todas as esta\u00e7\u00f5es do ano.<br \/>\nPossui design exclusivo, com amplo espalhador, projetado para oferecer o maior volume de \u00e1gua.<br \/>\nDesign Diferenciado.<br \/>\nSuper Espalhador de \u00e1gua.<\/p>\n<p>A Ducha Evidence, traz as seguintes inova\u00e7\u00f5es:<br \/>\nSeletor de temperaturas com exclusiva isola\u00e7\u00e3o: Maior seguran\u00e7a.<br \/>\nResist\u00eancia com exclusivo sistema de encaixe.<br \/>\nDiafragma de \u00faltima gera\u00e7\u00e3o: maior precis\u00e3o no acionamento com durabilidade ainda maior.<\/p>\n<p>Itens inclusos:<br \/>\n1 Ducha Evidence 4T Redonda BR Fame 220v 6800w;<br \/>\n1 Cano resistente de 30cm, oferecendo uma instala\u00e7\u00e3o completa.<\/p>\n<p>ATEN\u00c7\u00c3O<br \/>\nEnviado com Nota Fiscal.<\/p>\n<p>SOMOS ASSIST\u00caNCIA T\u00c9CNICA AUTORIZADA FAME.<\/p>","protected":false},"excerpt":{"rendered":"<p>A Ducha Evidence FAME possui quatro temperaturas para um banho com mais op\u00e7\u00f5es de conforto em todas as esta\u00e7\u00f5es do ano. Possui design exclusivo, com amplo espalhador, projetado para oferecer o maior volume de \u00e1gua. Design Diferenciado. Super Espalhador de \u00e1gua. A Ducha Evidence, traz as seguintes inova\u00e7\u00f5es: Seletor de temperaturas com exclusiva isola\u00e7\u00e3o: Maior [&hellip;]<\/p>","protected":false},"featured_media":1267,"comment_status":"open","ping_status":"closed","template":"","meta":[],"product_brand":[],"product_cat":[24],"product_tag":[],"class_list":{"0":"post-1223","1":"product","2":"type-product","3":"status-publish","4":"has-post-thumbnail","6":"product_cat-duchas-chuveiros","8":"first","9":"instock","10":"shipping-taxable","11":"purchasable","12":"product-type-simple"},"_links":{"self":[{"href":"https:\/\/www.acquavici.com.br\/en\/wp-json\/wp\/v2\/product\/1223","targetHints":{"allow":["GET"]}}],"collection":[{"href":"https:\/\/www.acquavici.com.br\/en\/wp-json\/wp\/v2\/product"}],"about":[{"href":"https:\/\/www.acquavici.com.br\/en\/wp-json\/wp\/v2\/types\/product"}],"replies":[{"embeddable":true,"href":"https:\/\/www.acquavici.com.br\/en\/wp-json\/wp\/v2\/comments?post=1223"}],"wp:featuredmedia":[{"embeddable":true,"href":"https:\/\/www.acquavici.com.br\/en\/wp-json\/wp\/v2\/media\/1267"}],"wp:attachment":[{"href":"https:\/\/www.acquavici.com.br\/en\/wp-json\/wp\/v2\/media?parent=1223"}],"wp:term":[{"taxonomy":"product_brand","embeddable":true,"href":"https:\/\/www.acquavici.com.br\/en\/wp-json\/wp\/v2\/product_brand?post=1223"},{"taxonomy":"product_cat","embeddable":true,"href":"https:\/\/www.acquavici.com.br\/en\/wp-json\/wp\/v2\/product_cat?post=1223"},{"taxonomy":"product_tag","embeddable":true,"href":"https:\/\/www.acquavici.com.br\/en\/wp-json\/wp\/v2\/product_tag?post=1223"}],"curies":[{"name":"wp","href":"https:\/\/api.w.org\/{rel}","templated":true}]}}