{"id":1224,"date":"2024-04-17T10:55:58","date_gmt":"2024-04-17T13:55:58","guid":{"rendered":"https:\/\/www.acquavici.com.br\/?post_type=product&#038;p=1224"},"modified":"2024-07-12T15:50:12","modified_gmt":"2024-07-12T18:50:12","slug":"ducha-granducha-jato-forte-c-pressurizador-redonda-br-fame-220v-7000w","status":"publish","type":"product","link":"https:\/\/www.acquavici.com.br\/en\/ducha-granducha-jato-forte-c-pressurizador-redonda-br-fame-220v-7000w\/","title":{"rendered":"DUCHA GRANDUCHA JATO FORTE C\/PRESSURIZADOR REDONDA  220V 7000W BR FAME"},"content":{"rendered":"<p>O banho dos sonhos, com mais press\u00e3o de \u00e1gua!<\/p>\n<p>GranDucha Jato Forte FAME \u00e9 a op\u00e7\u00e3o em aparelho de aquecimento de \u00e1gua com a qualidade FAME.<\/p>\n<p>Dotada de um design diferenciado e exclusivo sistema eletr\u00f4nico de controle de temperatura, equipada com pressurizador que amplia o fluxo e a vaz\u00e3o de \u00e1gua e um espalhador de \u00e1gua projetado para oferecer o maior volume de \u00e1gua, a GranDucha Jato Forte FAME traz a proposta de unir todos os atributos de um produto inovador para voc\u00ea e sua fam\u00edlia desfrutarem de uma experi\u00eancia \u00edmpar em um banho agrad\u00e1vel, revigorante e seguro.<\/p>\n<p>Chuveirinho Manual Quick de r\u00e1pido acionamento.<br \/>\nCom exclusiva V\u00e1lvula Desviadora: \u00c1gua somente na ducha ou no Chuveirinho Manual Quick.<br \/>\nControle Eletr\u00f4nico Multitemperaturas.<br \/>\nCompat\u00edvel com sistema de aquecimento solar.<br \/>\nJ\u00e1 vem com pressurizador! Ideal para local (resid\u00eancia) com baixa press\u00e3o de \u00e1gua!<br \/>\nAumenta o volume de \u00e1gua.<\/p>\n<p>Itens inclusos:<br \/>\n1 Ducha Granducha Jato Forte c\/Pressurizador Redonda BR Fame 220v 7000w;<br \/>\n1 Cano resistente de 30cm, oferecendo uma instala\u00e7\u00e3o completa.<\/p>\n<p>ATEN\u00c7\u00c3O<br \/>\nEnviado com Nota Fiscal.<\/p>\n<p>SOMOS ASSIST\u00caNCIA T\u00c9CNICA AUTORIZADA FAME.<\/p>","protected":false},"excerpt":{"rendered":"<p>O banho dos sonhos, com mais press\u00e3o de \u00e1gua! GranDucha Jato Forte FAME \u00e9 a op\u00e7\u00e3o em aparelho de aquecimento de \u00e1gua com a qualidade FAME. Dotada de um design diferenciado e exclusivo sistema eletr\u00f4nico de controle de temperatura, equipada com pressurizador que amplia o fluxo e a vaz\u00e3o de \u00e1gua e um espalhador de [&hellip;]<\/p>","protected":false},"featured_media":1270,"comment_status":"open","ping_status":"closed","template":"","meta":[],"product_brand":[],"product_cat":[24],"product_tag":[],"class_list":{"0":"post-1224","1":"product","2":"type-product","3":"status-publish","4":"has-post-thumbnail","6":"product_cat-duchas-chuveiros","8":"first","9":"instock","10":"shipping-taxable","11":"purchasable","12":"product-type-simple"},"_links":{"self":[{"href":"https:\/\/www.acquavici.com.br\/en\/wp-json\/wp\/v2\/product\/1224","targetHints":{"allow":["GET"]}}],"collection":[{"href":"https:\/\/www.acquavici.com.br\/en\/wp-json\/wp\/v2\/product"}],"about":[{"href":"https:\/\/www.acquavici.com.br\/en\/wp-json\/wp\/v2\/types\/product"}],"replies":[{"embeddable":true,"href":"https:\/\/www.acquavici.com.br\/en\/wp-json\/wp\/v2\/comments?post=1224"}],"wp:featuredmedia":[{"embeddable":true,"href":"https:\/\/www.acquavici.com.br\/en\/wp-json\/wp\/v2\/media\/1270"}],"wp:attachment":[{"href":"https:\/\/www.acquavici.com.br\/en\/wp-json\/wp\/v2\/media?parent=1224"}],"wp:term":[{"taxonomy":"product_brand","embeddable":true,"href":"https:\/\/www.acquavici.com.br\/en\/wp-json\/wp\/v2\/product_brand?post=1224"},{"taxonomy":"product_cat","embeddable":true,"href":"https:\/\/www.acquavici.com.br\/en\/wp-json\/wp\/v2\/product_cat?post=1224"},{"taxonomy":"product_tag","embeddable":true,"href":"https:\/\/www.acquavici.com.br\/en\/wp-json\/wp\/v2\/product_tag?post=1224"}],"curies":[{"name":"wp","href":"https:\/\/api.w.org\/{rel}","templated":true}]}}