{"id":1225,"date":"2024-04-17T10:55:59","date_gmt":"2024-04-17T13:55:59","guid":{"rendered":"https:\/\/www.acquavici.com.br\/?post_type=product&#038;p=1225"},"modified":"2024-07-12T16:14:44","modified_gmt":"2024-07-12T19:14:44","slug":"fogao-eletrico-com-2-pratos-cooktop-mesa-110v-2000w-fame","status":"publish","type":"product","link":"https:\/\/www.acquavici.com.br\/en\/fogao-eletrico-com-2-pratos-cooktop-mesa-110v-2000w-fame\/","title":{"rendered":"FOG\u00c3O EL\u00c9TRICO COM 2 PRATO 127V\/2000W FAME"},"content":{"rendered":"<p>\u00c9 um fog\u00e3o el\u00e9trico moderno , lan\u00e7amento recente da FAME , uma das maiores Ind\u00fastrias de Chuveiro e Materiais El\u00e9tricos do Brasil. Com 02 Pratos que aquece super r\u00e1pido e com gradua\u00e7\u00e3o da temperatura em 5 est\u00e1gios , \u00e9 o produto perfeito para quem procura praticidade.<\/p>\n<p>Especifica\u00e7\u00f5es T\u00e9cnicas:-<br \/>\nFog\u00e3o El\u00e9trico 02 Prato de Aquecimento.<br \/>\nVoltagem : 127V Pot\u00eancia 2000w<br \/>\nComposi\u00e7\u00e3o: Termopl\u00e1sticos Isolantes , Ferro e A\u00e7o.<br \/>\nPlugue: 2P+T 10A<br \/>\nGradua\u00e7\u00e3o de Temperatura: OFF + 5 N\u00edveis de aquecimento<br \/>\nO Prato \u00e9 confeccionado em ferro fundido , tendo assim maior ganho t\u00e9rmico.<br \/>\nPossui uma LUZ indicadora de funcionamento ( ligado: vermelho)<br \/>\nMedidas: 45cm x 21cmLimpeza e Higieniza\u00e7\u00e3o:<br \/>\nDESCONECTE O PLUG DA TOMADA!<br \/>\nCertifique-se de que esteja totalmente resfriado.<br \/>\nNunca use solventes , plahas de a\u00e7o , sapon\u00e1ceos. Apenas detergente neutro e pano levemente \u00famido.<br \/>\nLimpe-o sempre , ap\u00f3s o uso.<br \/>\nSeque completamente antes de usar novamente.<br \/>\nNunca derrame l\u00edquido sobre o aparelho ou mergulhe em \u00e1gua .<br \/>\nSe as panelas n\u00e3o estiverem limpas na utiliza\u00e7\u00e3o do Fog\u00e3o El\u00e9trico FAME , poder\u00e1 ocorrer descolora\u00e7\u00e3o ou manchas pelo cozimento.<br \/>\nN\u00e3o \u00e9 recomendado o uso de utens\u00edlios para cozimento muito menores que o di\u00e2metro da chapa de aquecimento deste produto.<br \/>\nPanelas e ca\u00e7arolas n\u00e3o devem se projetar para fora da \u00e1rea da chapa de aquecimento.<br \/>\nN\u00e3o deixe o Fog\u00e3o ligado sem nenhuma panela.<br \/>\nSe n\u00e3o for utilizar , desconecte da tomada.<\/p>\n<p>Itens inclusos:<br \/>\n1 FOG\u00c3O EL\u00c9TRICO COM 2 PRATO 127V\/2000W FAME<\/p>\n<p>ATEN\u00c7\u00c3O<br \/>\nEnviado com Nota Fiscal.<\/p>\n<p>SOMOS ASSIST\u00caNCIA T\u00c9CNICA AUTORIZADA FAME.<\/p>","protected":false},"excerpt":{"rendered":"<p>\u00c9 um fog\u00e3o el\u00e9trico moderno , lan\u00e7amento recente da FAME , uma das maiores Ind\u00fastrias de Chuveiro e Materiais El\u00e9tricos do Brasil. Com 02 Pratos que aquece super r\u00e1pido e com gradua\u00e7\u00e3o da temperatura em 5 est\u00e1gios , \u00e9 o produto perfeito para quem procura praticidade. Especifica\u00e7\u00f5es T\u00e9cnicas:- Fog\u00e3o El\u00e9trico 02 Prato de Aquecimento. Voltagem [&hellip;]<\/p>","protected":false},"featured_media":1273,"comment_status":"open","ping_status":"closed","template":"","meta":[],"product_brand":[],"product_cat":[21],"product_tag":[],"class_list":{"0":"post-1225","1":"product","2":"type-product","3":"status-publish","4":"has-post-thumbnail","6":"product_cat-aquecedor-eletrico","8":"first","9":"instock","10":"shipping-taxable","11":"purchasable","12":"product-type-simple"},"_links":{"self":[{"href":"https:\/\/www.acquavici.com.br\/en\/wp-json\/wp\/v2\/product\/1225","targetHints":{"allow":["GET"]}}],"collection":[{"href":"https:\/\/www.acquavici.com.br\/en\/wp-json\/wp\/v2\/product"}],"about":[{"href":"https:\/\/www.acquavici.com.br\/en\/wp-json\/wp\/v2\/types\/product"}],"replies":[{"embeddable":true,"href":"https:\/\/www.acquavici.com.br\/en\/wp-json\/wp\/v2\/comments?post=1225"}],"wp:featuredmedia":[{"embeddable":true,"href":"https:\/\/www.acquavici.com.br\/en\/wp-json\/wp\/v2\/media\/1273"}],"wp:attachment":[{"href":"https:\/\/www.acquavici.com.br\/en\/wp-json\/wp\/v2\/media?parent=1225"}],"wp:term":[{"taxonomy":"product_brand","embeddable":true,"href":"https:\/\/www.acquavici.com.br\/en\/wp-json\/wp\/v2\/product_brand?post=1225"},{"taxonomy":"product_cat","embeddable":true,"href":"https:\/\/www.acquavici.com.br\/en\/wp-json\/wp\/v2\/product_cat?post=1225"},{"taxonomy":"product_tag","embeddable":true,"href":"https:\/\/www.acquavici.com.br\/en\/wp-json\/wp\/v2\/product_tag?post=1225"}],"curies":[{"name":"wp","href":"https:\/\/api.w.org\/{rel}","templated":true}]}}