{"id":1226,"date":"2024-04-17T10:55:59","date_gmt":"2024-04-17T13:55:59","guid":{"rendered":"https:\/\/www.acquavici.com.br\/?post_type=product&#038;p=1226"},"modified":"2024-07-12T16:14:56","modified_gmt":"2024-07-12T19:14:56","slug":"fogao-eletrico-com-1-prato-cooktop-mesa-110v-1000w-fame","status":"publish","type":"product","link":"https:\/\/www.acquavici.com.br\/en\/fogao-eletrico-com-1-prato-cooktop-mesa-110v-1000w-fame\/","title":{"rendered":"FOG\u00c3O EL\u00c9TRICO COM 1 PRATO 127V\/1000W FAME"},"content":{"rendered":"<p>O fog\u00e3o el\u00e9trico um prato de aquecimento \u00e9 compacto e eficiente, facilitando o uso em espa\u00e7os pequenos, ideal para colocar em cima da mesa.<br \/>\nCont\u00e9m 1 boca e 5 n\u00edveis de temperatura e sua pot\u00eancia \u00e9 de 1.000w.<br \/>\nE ainda \u00e9 resistente a corros\u00e3o e alta durabilidade e f\u00e1cil de limpar.<br \/>\n\u00e9 ideal para levar em viagens por ser compacto e el\u00e9trico, basta ligar na tomada e utilizar.<br \/>\nPermite a utiliza\u00e7\u00e3o com todos os tipos de panelas e ainda possui 5 n\u00edveis de temperatura, para um perfeito preparo de suas receitas em qualquer lugar.<br \/>\nVantagens: Cabo flex\u00edvel;<br \/>\nprato de aquecimento 155mm;<br \/>\nPlugue 2p + t 20a\/250v;<br \/>\nControle de temperatura de 0 a 5;<br \/>\nLuz indicadora de funcionamento;<br \/>\nPrato em ferro fundido;<br \/>\nIdeal para espa\u00e7os pequenos;<br \/>\nPr\u00e1tico, compacto e funcional;<br \/>\nEl\u00e9trico: dispensa o uso de g\u00e1s;<br \/>\nAlta performance e durabilidade.<br \/>\nComposi\u00e7\u00e3o: termopl\u00e1sticos isolantes, ferro e a\u00e7o;<br \/>\nTens\u00e3o: 127v<br \/>\nPot\u00eancia: 1.000w<br \/>\nFrequ\u00eancia: 60hz<\/p>\n<p>DESCONECTE O PLUG DA TOMADA!<br \/>\nCertifique-se de que esteja totalmente resfriado.<br \/>\nNunca use solventes , plahas de a\u00e7o , sapon\u00e1ceos. Apenas detergente neutro e pano levemente \u00famido.<br \/>\nLimpe-o sempre , ap\u00f3s o uso.<br \/>\nSeque completamente antes de usar novamente.<br \/>\nNunca derrame l\u00edquido sobre o aparelho ou mergulhe em \u00e1gua .<br \/>\nSe as panelas n\u00e3o estiverem limpas na utiliza\u00e7\u00e3o do Fog\u00e3o El\u00e9trico FAME , poder\u00e1 ocorrer descolora\u00e7\u00e3o ou manchas pelo cozimento.<br \/>\nN\u00e3o \u00e9 recomendado o uso de utens\u00edlios para cozimento muito menores que o di\u00e2metro da chapa de aquecimento deste produto.<br \/>\nPanelas e ca\u00e7arolas n\u00e3o devem se projetar para fora da \u00e1rea da chapa de aquecimento.<br \/>\nN\u00e3o deixe o Fog\u00e3o ligado sem nenhuma panela.<br \/>\nSe n\u00e3o for utilizar , desconecte da tomada.<\/p>\n<p>Itens inclusos:<br \/>\n1 FOG\u00c3O EL\u00c9TRICO COM 1 PRATO 127V\/1000W FAME<\/p>\n<p>ATEN\u00c7\u00c3O<br \/>\nEnviado com Nota Fiscal.<\/p>\n<p>SOMOS ASSIST\u00caNCIA T\u00c9CNICA AUTORIZADA FAME.<\/p>","protected":false},"excerpt":{"rendered":"<p>O fog\u00e3o el\u00e9trico um prato de aquecimento \u00e9 compacto e eficiente, facilitando o uso em espa\u00e7os pequenos, ideal para colocar em cima da mesa. Cont\u00e9m 1 boca e 5 n\u00edveis de temperatura e sua pot\u00eancia \u00e9 de 1.000w. E ainda \u00e9 resistente a corros\u00e3o e alta durabilidade e f\u00e1cil de limpar. \u00e9 ideal para levar [&hellip;]<\/p>","protected":false},"featured_media":1274,"comment_status":"open","ping_status":"closed","template":"","meta":[],"product_brand":[],"product_cat":[21],"product_tag":[],"class_list":{"0":"post-1226","1":"product","2":"type-product","3":"status-publish","4":"has-post-thumbnail","6":"product_cat-aquecedor-eletrico","8":"first","9":"instock","10":"shipping-taxable","11":"purchasable","12":"product-type-simple"},"_links":{"self":[{"href":"https:\/\/www.acquavici.com.br\/en\/wp-json\/wp\/v2\/product\/1226","targetHints":{"allow":["GET"]}}],"collection":[{"href":"https:\/\/www.acquavici.com.br\/en\/wp-json\/wp\/v2\/product"}],"about":[{"href":"https:\/\/www.acquavici.com.br\/en\/wp-json\/wp\/v2\/types\/product"}],"replies":[{"embeddable":true,"href":"https:\/\/www.acquavici.com.br\/en\/wp-json\/wp\/v2\/comments?post=1226"}],"wp:featuredmedia":[{"embeddable":true,"href":"https:\/\/www.acquavici.com.br\/en\/wp-json\/wp\/v2\/media\/1274"}],"wp:attachment":[{"href":"https:\/\/www.acquavici.com.br\/en\/wp-json\/wp\/v2\/media?parent=1226"}],"wp:term":[{"taxonomy":"product_brand","embeddable":true,"href":"https:\/\/www.acquavici.com.br\/en\/wp-json\/wp\/v2\/product_brand?post=1226"},{"taxonomy":"product_cat","embeddable":true,"href":"https:\/\/www.acquavici.com.br\/en\/wp-json\/wp\/v2\/product_cat?post=1226"},{"taxonomy":"product_tag","embeddable":true,"href":"https:\/\/www.acquavici.com.br\/en\/wp-json\/wp\/v2\/product_tag?post=1226"}],"curies":[{"name":"wp","href":"https:\/\/api.w.org\/{rel}","templated":true}]}}