{"id":1227,"date":"2024-04-17T10:55:59","date_gmt":"2024-04-17T13:55:59","guid":{"rendered":"https:\/\/www.acquavici.com.br\/?post_type=product&#038;p=1227"},"modified":"2024-04-17T10:56:21","modified_gmt":"2024-04-17T13:56:21","slug":"modulo-receptor-ventilador-de-teto-aliseu-retratil","status":"publish","type":"product","link":"https:\/\/www.acquavici.com.br\/en\/modulo-receptor-ventilador-de-teto-aliseu-retratil\/","title":{"rendered":"M\u00f3dulo Receptor Ventilador De Teto Aliseu Retr\u00e1til"},"content":{"rendered":"<p>ACESS\u00d3RIO PARA O VENTILADOR DE TETO ALISEU RETR\u00c1TIL<\/p>\n<p>M\u00d3DULO RECEPTOR RETR\u00c1TIL, CONFORME FOTOS .<\/p>\n<p>O Aliseu Retr\u00e1til \u00e9 um dos lan\u00e7amentos da Aliseu que traz a beleza da decora\u00e7\u00e3o com a efici\u00eancia da ventila\u00e7\u00e3o. Com p\u00e1s retr\u00e1teis que ficam escondidas quando n\u00e3o est\u00e3o em funcionamento, o Aliseu Retr\u00e1til tamb\u00e9m funciona como uma linda lumin\u00e1ria LED de 3 tonalidades .<\/p>\n<p>Itens inclusos:<br \/>\n1 M\u00f3dulo Receptor Ventilador De Teto Aliseu Retr\u00e1til;<\/p>\n<p>ATEN\u00c7\u00c3O<br \/>\nEnviado com Nota Fiscal.<\/p>\n<p>SOMOS ASSIST\u00caNCIA T\u00c9CNICA AUTORIZADA ALISEU.<\/p>","protected":false},"excerpt":{"rendered":"<p>ACESS\u00d3RIO PARA O VENTILADOR DE TETO ALISEU RETR\u00c1TIL M\u00d3DULO RECEPTOR RETR\u00c1TIL, CONFORME FOTOS . O Aliseu Retr\u00e1til \u00e9 um dos lan\u00e7amentos da Aliseu que traz a beleza da decora\u00e7\u00e3o com a efici\u00eancia da ventila\u00e7\u00e3o. Com p\u00e1s retr\u00e1teis que ficam escondidas quando n\u00e3o est\u00e3o em funcionamento, o Aliseu Retr\u00e1til tamb\u00e9m funciona como uma linda lumin\u00e1ria LED [&hellip;]<\/p>","protected":false},"featured_media":1277,"comment_status":"open","ping_status":"closed","template":"","meta":[],"product_brand":[],"product_cat":[20],"product_tag":[],"class_list":{"0":"post-1227","1":"product","2":"type-product","3":"status-publish","4":"has-post-thumbnail","6":"product_cat-ventilador-de-teto","8":"first","9":"instock","10":"shipping-taxable","11":"purchasable","12":"product-type-simple"},"_links":{"self":[{"href":"https:\/\/www.acquavici.com.br\/en\/wp-json\/wp\/v2\/product\/1227","targetHints":{"allow":["GET"]}}],"collection":[{"href":"https:\/\/www.acquavici.com.br\/en\/wp-json\/wp\/v2\/product"}],"about":[{"href":"https:\/\/www.acquavici.com.br\/en\/wp-json\/wp\/v2\/types\/product"}],"replies":[{"embeddable":true,"href":"https:\/\/www.acquavici.com.br\/en\/wp-json\/wp\/v2\/comments?post=1227"}],"wp:featuredmedia":[{"embeddable":true,"href":"https:\/\/www.acquavici.com.br\/en\/wp-json\/wp\/v2\/media\/1277"}],"wp:attachment":[{"href":"https:\/\/www.acquavici.com.br\/en\/wp-json\/wp\/v2\/media?parent=1227"}],"wp:term":[{"taxonomy":"product_brand","embeddable":true,"href":"https:\/\/www.acquavici.com.br\/en\/wp-json\/wp\/v2\/product_brand?post=1227"},{"taxonomy":"product_cat","embeddable":true,"href":"https:\/\/www.acquavici.com.br\/en\/wp-json\/wp\/v2\/product_cat?post=1227"},{"taxonomy":"product_tag","embeddable":true,"href":"https:\/\/www.acquavici.com.br\/en\/wp-json\/wp\/v2\/product_tag?post=1227"}],"curies":[{"name":"wp","href":"https:\/\/api.w.org\/{rel}","templated":true}]}}