{"id":1228,"date":"2024-04-17T10:55:59","date_gmt":"2024-04-17T13:55:59","guid":{"rendered":"https:\/\/www.acquavici.com.br\/?post_type=product&#038;p=1228"},"modified":"2024-07-15T13:04:59","modified_gmt":"2024-07-15T16:04:59","slug":"purificador-de-agua-fame-acquafam-branco","status":"publish","type":"product","link":"https:\/\/www.acquavici.com.br\/en\/purificador-de-agua-fame-acquafam-branco\/","title":{"rendered":"PURIFICADOR DE \u00c1GUA ACQUAFAM BRANCO FAME"},"content":{"rendered":"<p>Mais um lan\u00e7amento FAME, o Purificador de \u00c1gua AcquaFam elimina part\u00edculas de sujeira, reduzindo o n\u00edvel de cloro presente na \u00e1gua.<br \/>\nUm produto compacto e pr\u00e1tico.<br \/>\n\u00c9 ideal para a cozinha e ambientes comerciais, levando \u00e1gua mais pura para voc\u00ea.<\/p>\n<p>Efici\u00eancia de redu\u00e7\u00e3o de cloro livre: Sim<br \/>\nEfici\u00eancia de reten\u00e7\u00e3o de part\u00edculas: Classe C<br \/>\nControle de n\u00edvel biol\u00f3gico: Sim<br \/>\nVolume interno para ensaio de extra\u00edveis: 0,500L<br \/>\nVida \u00fatil recomendada (refil): 1.500L<br \/>\nVaz\u00e3o m\u00e1xima recomendada (refil): 40L\/H<br \/>\nPress\u00e3o de opera\u00e7\u00e3o: 50 kPa a 392 kPa (5 a 40 mca)<br \/>\nTemperatura de opera\u00e7\u00e3o: 10\u00baC a 40\u00baC<br \/>\nGarantia do purificador: 12 meses.<\/p>\n<p>O purificador de \u00e1gua AcquaFam significa muita mais economia! Representa aproximadamente 135 gal\u00f5es de \u00e1gua de 20 litros.<\/p>\n<p>Recomenda-se a troca do refil a cada seis meses ou quando houver diminui\u00e7\u00e3o do fluxo de \u00e1gua.<\/p>\n<p>Ref.: 4128 e 4129<br \/>\nMarca.: Fame<\/p>\n<p>Itens inclusos:<br \/>\n1 Purificador de \u00c1gua Fame Acquafam Branco;<br \/>\n1 Manual de Instru\u00e7\u00f5es;<\/p>\n<p>ATEN\u00c7\u00c3O<br \/>\nEnviado com Nota Fiscal.<\/p>\n<p>SOMOS ASSIST\u00caNCIA T\u00c9CNICA AUTORIZADA FAME.<\/p>","protected":false},"excerpt":{"rendered":"<p>Mais um lan\u00e7amento FAME, o Purificador de \u00c1gua AcquaFam elimina part\u00edculas de sujeira, reduzindo o n\u00edvel de cloro presente na \u00e1gua. Um produto compacto e pr\u00e1tico. \u00c9 ideal para a cozinha e ambientes comerciais, levando \u00e1gua mais pura para voc\u00ea. Efici\u00eancia de redu\u00e7\u00e3o de cloro livre: Sim Efici\u00eancia de reten\u00e7\u00e3o de part\u00edculas: Classe C Controle [&hellip;]<\/p>","protected":false},"featured_media":1298,"comment_status":"open","ping_status":"closed","template":"","meta":[],"product_brand":[],"product_cat":[21],"product_tag":[],"class_list":{"0":"post-1228","1":"product","2":"type-product","3":"status-publish","4":"has-post-thumbnail","6":"product_cat-aquecedor-eletrico","8":"first","9":"instock","10":"shipping-taxable","11":"purchasable","12":"product-type-simple"},"_links":{"self":[{"href":"https:\/\/www.acquavici.com.br\/en\/wp-json\/wp\/v2\/product\/1228","targetHints":{"allow":["GET"]}}],"collection":[{"href":"https:\/\/www.acquavici.com.br\/en\/wp-json\/wp\/v2\/product"}],"about":[{"href":"https:\/\/www.acquavici.com.br\/en\/wp-json\/wp\/v2\/types\/product"}],"replies":[{"embeddable":true,"href":"https:\/\/www.acquavici.com.br\/en\/wp-json\/wp\/v2\/comments?post=1228"}],"wp:featuredmedia":[{"embeddable":true,"href":"https:\/\/www.acquavici.com.br\/en\/wp-json\/wp\/v2\/media\/1298"}],"wp:attachment":[{"href":"https:\/\/www.acquavici.com.br\/en\/wp-json\/wp\/v2\/media?parent=1228"}],"wp:term":[{"taxonomy":"product_brand","embeddable":true,"href":"https:\/\/www.acquavici.com.br\/en\/wp-json\/wp\/v2\/product_brand?post=1228"},{"taxonomy":"product_cat","embeddable":true,"href":"https:\/\/www.acquavici.com.br\/en\/wp-json\/wp\/v2\/product_cat?post=1228"},{"taxonomy":"product_tag","embeddable":true,"href":"https:\/\/www.acquavici.com.br\/en\/wp-json\/wp\/v2\/product_tag?post=1228"}],"curies":[{"name":"wp","href":"https:\/\/api.w.org\/{rel}","templated":true}]}}