{"id":1233,"date":"2024-04-17T10:55:59","date_gmt":"2024-04-17T13:55:59","guid":{"rendered":"https:\/\/www.acquavici.com.br\/?post_type=product&#038;p=1233"},"modified":"2024-04-17T10:56:33","modified_gmt":"2024-04-17T13:56:33","slug":"lampada-bulbo-led-yt-100-240v-cla60-9w-6500k-demi","status":"publish","type":"product","link":"https:\/\/www.acquavici.com.br\/en\/lampada-bulbo-led-yt-100-240v-cla60-9w-6500k-demi\/","title":{"rendered":"Lampada bulbo led yt 100-240v cla60 9w 6500k &#8211; DEMI"},"content":{"rendered":"<p>Lampada bulbo led yt 100-240v cla60 9w 6500k &#8211; DEMI 10162<\/p>\n<p>L\u00e2mpadas em formato bulbo, para qualquer lumin\u00e1ria com soquete E27. Certificadas pelo INMETRO.<\/p>\n<p>Caracter\u00edsticas Gerais do Produto:<\/p>\n<p>Modelo: 10162<br \/>\nMarca: Demi<br \/>\nCor: Branca<br \/>\nEfici\u00eancia Luminosa: 90lm\/W<br \/>\nComposi\u00e7\u00e3o: Policarbonato<br \/>\nTens\u00e3o: Bivolt<br \/>\nEspecifica\u00e7\u00f5es: Economia de at\u00e9 85% de energia.<br \/>\nPot\u00eancia: 9W<br \/>\nFluxo Luminoso: 810lm<br \/>\nFrequ\u00eancia: 50\/60Hz<br \/>\nAngula\u00e7\u00e3o: \u00c2ngulo de abertura: 200%<\/p>\n<p>Itens inclusos:<br \/>\n1 Lampada bulbo led yt 100-240v cla60 9w 6500k &#8211; DEMI;<br \/>\n1 Manual de Instru\u00e7\u00f5es;<\/p>\n<p>ATEN\u00c7\u00c3O<br \/>\nEnviado com Nota Fiscal.<\/p>","protected":false},"excerpt":{"rendered":"<p>Lampada bulbo led yt 100-240v cla60 9w 6500k &#8211; DEMI 10162 L\u00e2mpadas em formato bulbo, para qualquer lumin\u00e1ria com soquete E27. Certificadas pelo INMETRO. Caracter\u00edsticas Gerais do Produto: Modelo: 10162 Marca: Demi Cor: Branca Efici\u00eancia Luminosa: 90lm\/W Composi\u00e7\u00e3o: Policarbonato Tens\u00e3o: Bivolt Especifica\u00e7\u00f5es: Economia de at\u00e9 85% de energia. Pot\u00eancia: 9W Fluxo Luminoso: 810lm Frequ\u00eancia: 50\/60Hz [&hellip;]<\/p>","protected":false},"featured_media":1321,"comment_status":"open","ping_status":"closed","template":"","meta":[],"product_brand":[],"product_cat":[17,20],"product_tag":[],"class_list":{"0":"post-1233","1":"product","2":"type-product","3":"status-publish","4":"has-post-thumbnail","6":"product_cat-pecas-em-geral","7":"product_cat-ventilador-de-teto","9":"first","10":"instock","11":"shipping-taxable","12":"purchasable","13":"product-type-simple"},"_links":{"self":[{"href":"https:\/\/www.acquavici.com.br\/en\/wp-json\/wp\/v2\/product\/1233","targetHints":{"allow":["GET"]}}],"collection":[{"href":"https:\/\/www.acquavici.com.br\/en\/wp-json\/wp\/v2\/product"}],"about":[{"href":"https:\/\/www.acquavici.com.br\/en\/wp-json\/wp\/v2\/types\/product"}],"replies":[{"embeddable":true,"href":"https:\/\/www.acquavici.com.br\/en\/wp-json\/wp\/v2\/comments?post=1233"}],"wp:featuredmedia":[{"embeddable":true,"href":"https:\/\/www.acquavici.com.br\/en\/wp-json\/wp\/v2\/media\/1321"}],"wp:attachment":[{"href":"https:\/\/www.acquavici.com.br\/en\/wp-json\/wp\/v2\/media?parent=1233"}],"wp:term":[{"taxonomy":"product_brand","embeddable":true,"href":"https:\/\/www.acquavici.com.br\/en\/wp-json\/wp\/v2\/product_brand?post=1233"},{"taxonomy":"product_cat","embeddable":true,"href":"https:\/\/www.acquavici.com.br\/en\/wp-json\/wp\/v2\/product_cat?post=1233"},{"taxonomy":"product_tag","embeddable":true,"href":"https:\/\/www.acquavici.com.br\/en\/wp-json\/wp\/v2\/product_tag?post=1233"}],"curies":[{"name":"wp","href":"https:\/\/api.w.org\/{rel}","templated":true}]}}