{"id":1236,"date":"2024-04-17T10:55:59","date_gmt":"2024-04-17T13:55:59","guid":{"rendered":"https:\/\/www.acquavici.com.br\/?post_type=product&#038;p=1236"},"modified":"2025-08-18T10:48:27","modified_gmt":"2025-08-18T13:48:27","slug":"controle-remoto-para-ventilador-de-teto-ventisol-original","status":"publish","type":"product","link":"https:\/\/www.acquavici.com.br\/en\/controle-remoto-para-ventilador-de-teto-ventisol-original\/","title":{"rendered":"Controle Remoto Para Ventilador De Teto Ventisol &#8211; Original"},"content":{"rendered":"<p>ATEN\u00c7\u00c3O!!! O controle n\u00e3o funciona sem o RECEPTOR!!! Esse controle serve apenas para fins de reposi\u00e7\u00e3o, ou seja, voc\u00ea j\u00e1 utiliza controle no seu ventilador e por algum motivo precisa trocar ou adicionar um controle. Se voc\u00ea utiliza a chave na parede,significa que o ventilador n\u00e3o possui o receptor e nesse caso, somente o controle n\u00e3o ir\u00e1 funcionar.<\/p>\n<p>N\u00c3O ACOMPANHA O RECEPTOR.<\/p>\n<p>SE O SEU VENTILADOR N\u00c3O POSSUIR O RECEPTOR INSTALADO NO MOTOR, O CONTROLE N\u00c3O FUNCIONA!<\/p>\n<p>N\u00e3o funciona no Ventilador Fenix Inverter<br \/>\nKit composto por 1 controle, 1 suporte de parede, 2 pilhas e parafusos.<br \/>\nCor branca<\/p>","protected":false},"excerpt":{"rendered":"<p>ATEN\u00c7\u00c3O!!! O controle n\u00e3o funciona sem o RECEPTOR!!! Esse controle serve apenas para fins de reposi\u00e7\u00e3o, ou seja, voc\u00ea j\u00e1 utiliza controle no seu ventilador e por algum motivo precisa trocar ou adicionar um controle. Se voc\u00ea utiliza a chave na parede,significa que o ventilador n\u00e3o possui o receptor e nesse caso, somente o controle [&hellip;]<\/p>","protected":false},"featured_media":1332,"comment_status":"open","ping_status":"closed","template":"","meta":[],"product_brand":[],"product_cat":[20],"product_tag":[],"class_list":{"0":"post-1236","1":"product","2":"type-product","3":"status-publish","4":"has-post-thumbnail","6":"product_cat-ventilador-de-teto","8":"first","9":"instock","10":"shipping-taxable","11":"purchasable","12":"product-type-simple"},"_links":{"self":[{"href":"https:\/\/www.acquavici.com.br\/en\/wp-json\/wp\/v2\/product\/1236","targetHints":{"allow":["GET"]}}],"collection":[{"href":"https:\/\/www.acquavici.com.br\/en\/wp-json\/wp\/v2\/product"}],"about":[{"href":"https:\/\/www.acquavici.com.br\/en\/wp-json\/wp\/v2\/types\/product"}],"replies":[{"embeddable":true,"href":"https:\/\/www.acquavici.com.br\/en\/wp-json\/wp\/v2\/comments?post=1236"}],"wp:featuredmedia":[{"embeddable":true,"href":"https:\/\/www.acquavici.com.br\/en\/wp-json\/wp\/v2\/media\/1332"}],"wp:attachment":[{"href":"https:\/\/www.acquavici.com.br\/en\/wp-json\/wp\/v2\/media?parent=1236"}],"wp:term":[{"taxonomy":"product_brand","embeddable":true,"href":"https:\/\/www.acquavici.com.br\/en\/wp-json\/wp\/v2\/product_brand?post=1236"},{"taxonomy":"product_cat","embeddable":true,"href":"https:\/\/www.acquavici.com.br\/en\/wp-json\/wp\/v2\/product_cat?post=1236"},{"taxonomy":"product_tag","embeddable":true,"href":"https:\/\/www.acquavici.com.br\/en\/wp-json\/wp\/v2\/product_tag?post=1236"}],"curies":[{"name":"wp","href":"https:\/\/api.w.org\/{rel}","templated":true}]}}