{"id":1237,"date":"2024-04-17T10:55:59","date_gmt":"2024-04-17T13:55:59","guid":{"rendered":"https:\/\/www.acquavici.com.br\/?post_type=product&#038;p=1237"},"modified":"2025-06-17T13:16:58","modified_gmt":"2025-06-17T16:16:58","slug":"torneira-eletrica-versatil-3-temperaturas-br-lorenzetti-5500w-220v","status":"publish","type":"product","link":"https:\/\/www.acquavici.com.br\/en\/torneira-eletrica-versatil-3-temperaturas-br-lorenzetti-5500w-220v\/","title":{"rendered":"TORNEIRA EL\u00c9TRICA VERS\u00c1TIL 3T BR 220V 5500W LORENZETTI"},"content":{"rendered":"<p>A torneira el\u00e9trica Vers\u00e1til da Lorenzetti tem design moderno, al\u00e9m de ser pr\u00e1tica e eficiente.Indicada para cozinha, tem fixa\u00e7\u00e3o na parede, acionamento por monocomando e sua bica alta e m\u00f3vel tem arejador articul\u00e1vel que, permite um jato suave e uniforme.<\/p>\n<p>O registro 1\/4 de volta com pastilha cer\u00e2mica garante mais seguran\u00e7a e facilidade durante seu manuseio.<\/p>\n<p>\u00c9 dotada da mais alta tecnologia em sistema para aquecimento de \u00e1gua e oferece 3 temperaturas diferentes: fria, morna e quente, o que facilita a remo\u00e7\u00e3o da sujeira e da gordura.<\/p>\n<p>Itens inclusos:<br \/>\n1 Torneira El\u00e9trica 3 Temperaturas BR Lorenzetti 5500w 220v;<br \/>\n1 Manual de Instru\u00e7\u00f5es;<\/p>\n<p>ATEN\u00c7\u00c3O<br \/>\nEnviado com Nota Fiscal.<\/p>\n<p>SOMOS ASSIST\u00caNCIA T\u00c9CNICA AUTORIZADA LORENZETTI.<\/p>","protected":false},"excerpt":{"rendered":"<p>A torneira el\u00e9trica Vers\u00e1til da Lorenzetti tem design moderno, al\u00e9m de ser pr\u00e1tica e eficiente.Indicada para cozinha, tem fixa\u00e7\u00e3o na parede, acionamento por monocomando e sua bica alta e m\u00f3vel tem arejador articul\u00e1vel que, permite um jato suave e uniforme. O registro 1\/4 de volta com pastilha cer\u00e2mica garante mais seguran\u00e7a e facilidade durante seu [&hellip;]<\/p>","protected":false},"featured_media":1336,"comment_status":"open","ping_status":"closed","template":"","meta":[],"product_brand":[],"product_cat":[19],"product_tag":[],"class_list":{"0":"post-1237","1":"product","2":"type-product","3":"status-publish","4":"has-post-thumbnail","6":"product_cat-torneiras","8":"first","9":"instock","10":"shipping-taxable","11":"purchasable","12":"product-type-simple"},"_links":{"self":[{"href":"https:\/\/www.acquavici.com.br\/en\/wp-json\/wp\/v2\/product\/1237","targetHints":{"allow":["GET"]}}],"collection":[{"href":"https:\/\/www.acquavici.com.br\/en\/wp-json\/wp\/v2\/product"}],"about":[{"href":"https:\/\/www.acquavici.com.br\/en\/wp-json\/wp\/v2\/types\/product"}],"replies":[{"embeddable":true,"href":"https:\/\/www.acquavici.com.br\/en\/wp-json\/wp\/v2\/comments?post=1237"}],"wp:featuredmedia":[{"embeddable":true,"href":"https:\/\/www.acquavici.com.br\/en\/wp-json\/wp\/v2\/media\/1336"}],"wp:attachment":[{"href":"https:\/\/www.acquavici.com.br\/en\/wp-json\/wp\/v2\/media?parent=1237"}],"wp:term":[{"taxonomy":"product_brand","embeddable":true,"href":"https:\/\/www.acquavici.com.br\/en\/wp-json\/wp\/v2\/product_brand?post=1237"},{"taxonomy":"product_cat","embeddable":true,"href":"https:\/\/www.acquavici.com.br\/en\/wp-json\/wp\/v2\/product_cat?post=1237"},{"taxonomy":"product_tag","embeddable":true,"href":"https:\/\/www.acquavici.com.br\/en\/wp-json\/wp\/v2\/product_tag?post=1237"}],"curies":[{"name":"wp","href":"https:\/\/api.w.org\/{rel}","templated":true}]}}