{"id":1238,"date":"2024-04-17T10:56:00","date_gmt":"2024-04-17T13:56:00","guid":{"rendered":"https:\/\/www.acquavici.com.br\/?post_type=product&#038;p=1238"},"modified":"2024-07-12T10:03:36","modified_gmt":"2024-07-12T13:03:36","slug":"torneira-eletrica-loren-easy-mesa-4t-br-lorenzetti-220v-5500w","status":"publish","type":"product","link":"https:\/\/www.acquavici.com.br\/en\/torneira-eletrica-loren-easy-mesa-4t-br-lorenzetti-220v-5500w\/","title":{"rendered":"TORNEIRA ELETRONICA LOREN EASY MESA 220V 5.500W LORENZETTI"},"content":{"rendered":"<p>A Torneira indispens\u00e1vel no dia a dia.<\/p>\n<p>Pr\u00e1tica de usar e econ\u00f4mica, reduz substancialmente o uso de \u00e1gua e detergente para eliminar a gordura e lavar a lou\u00e7a, tornando a tarefa muito mais f\u00e1cil e r\u00e1pida.<\/p>\n<p>Possui a melhor rela\u00e7\u00e3o custo x benef\u00edcio do mercado, com bica alta, 04 temperaturas, registro 1\u20444 de volta e troca de resist\u00eancia de f\u00e1cil acesso.<\/p>\n<p>Possui bica alta e m\u00f3vel, que facilita sua utiliza\u00e7\u00e3o no dia-a-dia.<\/p>\n<p>4 Temperaturas Mais \u00e1gua quente na sua cozinha.<\/p>\n<p>Pr\u00e1tico Registro 1\/4 de volta com pastilha cer\u00e2mica.<\/p>\n<p>Seguran\u00e7a e facilidade no manuseio.<\/p>\n<p>Itens inclusos:<br \/>\n1 TORNEIRA ELETRONICA LOREN EASY MESA 220V 5.500W LORENZETTI;<br \/>\n1 Manual de Instru\u00e7\u00f5es;<\/p>\n<p>ATEN\u00c7\u00c3O<br \/>\nEnviado com Nota Fiscal.<\/p>\n<p>SOMOS ASSIST\u00caNCIA T\u00c9CNICA AUTORIZADA LORENZETTI.<\/p>","protected":false},"excerpt":{"rendered":"<p>A Torneira indispens\u00e1vel no dia a dia. Pr\u00e1tica de usar e econ\u00f4mica, reduz substancialmente o uso de \u00e1gua e detergente para eliminar a gordura e lavar a lou\u00e7a, tornando a tarefa muito mais f\u00e1cil e r\u00e1pida. Possui a melhor rela\u00e7\u00e3o custo x benef\u00edcio do mercado, com bica alta, 04 temperaturas, registro 1\u20444 de volta e [&hellip;]<\/p>","protected":false},"featured_media":1340,"comment_status":"open","ping_status":"closed","template":"","meta":[],"product_brand":[],"product_cat":[19],"product_tag":[],"class_list":{"0":"post-1238","1":"product","2":"type-product","3":"status-publish","4":"has-post-thumbnail","6":"product_cat-torneiras","8":"first","9":"instock","10":"shipping-taxable","11":"purchasable","12":"product-type-simple"},"_links":{"self":[{"href":"https:\/\/www.acquavici.com.br\/en\/wp-json\/wp\/v2\/product\/1238","targetHints":{"allow":["GET"]}}],"collection":[{"href":"https:\/\/www.acquavici.com.br\/en\/wp-json\/wp\/v2\/product"}],"about":[{"href":"https:\/\/www.acquavici.com.br\/en\/wp-json\/wp\/v2\/types\/product"}],"replies":[{"embeddable":true,"href":"https:\/\/www.acquavici.com.br\/en\/wp-json\/wp\/v2\/comments?post=1238"}],"wp:featuredmedia":[{"embeddable":true,"href":"https:\/\/www.acquavici.com.br\/en\/wp-json\/wp\/v2\/media\/1340"}],"wp:attachment":[{"href":"https:\/\/www.acquavici.com.br\/en\/wp-json\/wp\/v2\/media?parent=1238"}],"wp:term":[{"taxonomy":"product_brand","embeddable":true,"href":"https:\/\/www.acquavici.com.br\/en\/wp-json\/wp\/v2\/product_brand?post=1238"},{"taxonomy":"product_cat","embeddable":true,"href":"https:\/\/www.acquavici.com.br\/en\/wp-json\/wp\/v2\/product_cat?post=1238"},{"taxonomy":"product_tag","embeddable":true,"href":"https:\/\/www.acquavici.com.br\/en\/wp-json\/wp\/v2\/product_tag?post=1238"}],"curies":[{"name":"wp","href":"https:\/\/api.w.org\/{rel}","templated":true}]}}