{"id":126,"date":"2024-04-17T10:46:07","date_gmt":"2024-04-17T13:46:07","guid":{"rendered":"https:\/\/www.acquavici.com.br\/?post_type=product&#038;p=126"},"modified":"2025-08-15T11:32:05","modified_gmt":"2025-08-15T14:32:05","slug":"resistencia-para-aquecedor-central-cardal-12-000w-220v-re-134-2","status":"publish","type":"product","link":"https:\/\/www.acquavici.com.br\/en\/resistencia-para-aquecedor-central-cardal-12-000w-220v-re-134-2\/","title":{"rendered":"Resist\u00eancia Para Aquecedor Central Cardal 12.000W 220V RE-134\/2"},"content":{"rendered":"<p>Resist\u00eancia Para Aquecedor Central Cardal 12.000W 220V RE-134\/2<\/p>\n<p>Descri\u00e7\u00e3o:<br \/>\nMarca: Cardal<br \/>\nModelo: Resist\u00eancia<br \/>\nC\u00f3digo: RE-134\/2<\/p>\n<p>Caracter\u00edsticas:<br \/>\nPot\u00eancia: 12.000 W<br \/>\nTens\u00e3o: 220 V<br \/>\nTipo de resist\u00eancia: Climatizada<br \/>\nInforma\u00e7\u00f5es t\u00e9cnicas:<br \/>\nFia\u00e7\u00e3o M\u00ednima: 16 mm\u00b2<br \/>\nDisjuntor: 63 A<\/p>\n<p>Compatibilidade:<br \/>\nAquecedor Central Flex Digital (AQ-256\/2)<\/p>\n<p>Itens inclusos:<br \/>\n1 Resist\u00eancia Para Aquecedor Central Cardal 12.000W 220V RE-134\/2;<br \/>\n1 Manual de Instru\u00e7\u00f5es;<\/p>\n<p>ATEN\u00c7\u00c3O<br \/>\nEnviado com Nota Fiscal<\/p>\n<p>SOMOS ASSIST\u00caNCIA T\u00c9CNICA AUTORIZADA CARDAL.<\/p>","protected":false},"excerpt":{"rendered":"<p>Descri\u00e7\u00e3o:<br \/>\nMarca: Cardal<br \/>\nModelo: Resist\u00eancia<br \/>\nC\u00f3digo: RE-134\/2<br \/>\nCaracter\u00edsticas:<br \/>\nPot\u00eancia: 12.000 W<br \/>\nTens\u00e3o: 220 V<\/p>","protected":false},"featured_media":233,"comment_status":"open","ping_status":"closed","template":"","meta":[],"product_brand":[],"product_cat":[17],"product_tag":[],"class_list":{"0":"post-126","1":"product","2":"type-product","3":"status-publish","4":"has-post-thumbnail","6":"product_cat-pecas-em-geral","8":"first","9":"instock","10":"shipping-taxable","11":"purchasable","12":"product-type-simple"},"_links":{"self":[{"href":"https:\/\/www.acquavici.com.br\/en\/wp-json\/wp\/v2\/product\/126","targetHints":{"allow":["GET"]}}],"collection":[{"href":"https:\/\/www.acquavici.com.br\/en\/wp-json\/wp\/v2\/product"}],"about":[{"href":"https:\/\/www.acquavici.com.br\/en\/wp-json\/wp\/v2\/types\/product"}],"replies":[{"embeddable":true,"href":"https:\/\/www.acquavici.com.br\/en\/wp-json\/wp\/v2\/comments?post=126"}],"wp:featuredmedia":[{"embeddable":true,"href":"https:\/\/www.acquavici.com.br\/en\/wp-json\/wp\/v2\/media\/233"}],"wp:attachment":[{"href":"https:\/\/www.acquavici.com.br\/en\/wp-json\/wp\/v2\/media?parent=126"}],"wp:term":[{"taxonomy":"product_brand","embeddable":true,"href":"https:\/\/www.acquavici.com.br\/en\/wp-json\/wp\/v2\/product_brand?post=126"},{"taxonomy":"product_cat","embeddable":true,"href":"https:\/\/www.acquavici.com.br\/en\/wp-json\/wp\/v2\/product_cat?post=126"},{"taxonomy":"product_tag","embeddable":true,"href":"https:\/\/www.acquavici.com.br\/en\/wp-json\/wp\/v2\/product_tag?post=126"}],"curies":[{"name":"wp","href":"https:\/\/api.w.org\/{rel}","templated":true}]}}