{"id":1281,"date":"2024-04-17T10:56:23","date_gmt":"2024-04-17T13:56:23","guid":{"rendered":"https:\/\/www.acquavici.com.br\/?post_type=product&#038;p=1281"},"modified":"2024-07-11T10:00:20","modified_gmt":"2024-07-11T13:00:20","slug":"aquecedor-de-agua-maxi-aquecedor-ultra-lorenzetti-220v-5500w","status":"publish","type":"product","link":"https:\/\/www.acquavici.com.br\/en\/aquecedor-de-agua-maxi-aquecedor-ultra-lorenzetti-220v-5500w\/","title":{"rendered":"AQUECEDOR MAXI ULTRA 220V 5500W LORENZETTI"},"content":{"rendered":"<p>Se voc\u00ea quer ter sempre \u00e1gua quentinha em casa, precisa conhecer o aquecedor de \u00e1gua el\u00e9trico Maxi Aquecedor Ultra da Lorenzetti.<br \/>\nCompacto e vers\u00e1til, ele oferece aquecimento instant\u00e2neo, sem desperd\u00edcio de \u00e1gua e energia.<br \/>\nSua instala\u00e7\u00e3o \u00e9 pr\u00e1tica e dispensa reformas na cozinha ou banheiro, como a troca de lavat\u00f3rio, da torneira ou do misturador, pois \u00e9 facilmente adapt\u00e1vel.<br \/>\nO produto ainda conta com a exclusiva Resist\u00eancia Loren Ultra, que garante alta performance e longa dura\u00e7\u00e3o.<br \/>\nCom vaz\u00e3o de 5L\/min, alta tecnologia, o Maxi Aquecedor Lorenzetti pode atender resid\u00eancias com baixa press\u00e3o at\u00e9 20mca (metros de coluna de \u00e1gua).<br \/>\nCompat\u00edvel com o dispositivo diferencial residual D.R., assegura 100% de seguran\u00e7a no uso.<\/p>\n<p>Itens inclusos:<br \/>\n1 Aquecedor de \u00c1gua Maxi Aquecedor Ultra Lorenzetti 220v 5500w;<br \/>\n1 Manual de Instru\u00e7\u00f5es;<\/p>\n<p>ATEN\u00c7\u00c3O<br \/>\nEnviado com Nota Fiscal.<\/p>\n<p>SOMOS ASSIST\u00caNCIA T\u00c9CNICA AUTORIZADA LORENZETTI.<\/p>","protected":false},"excerpt":{"rendered":"<p>Se voc\u00ea quer ter sempre \u00e1gua quentinha em casa, precisa conhecer o aquecedor de \u00e1gua el\u00e9trico Maxi Aquecedor Ultra da Lorenzetti. Compacto e vers\u00e1til, ele oferece aquecimento instant\u00e2neo, sem desperd\u00edcio de \u00e1gua e energia. Sua instala\u00e7\u00e3o \u00e9 pr\u00e1tica e dispensa reformas na cozinha ou banheiro, como a troca de lavat\u00f3rio, da torneira ou do misturador, [&hellip;]<\/p>","protected":false},"featured_media":1350,"comment_status":"open","ping_status":"closed","template":"","meta":[],"product_brand":[],"product_cat":[21],"product_tag":[],"class_list":{"0":"post-1281","1":"product","2":"type-product","3":"status-publish","4":"has-post-thumbnail","6":"product_cat-aquecedor-eletrico","8":"first","9":"instock","10":"shipping-taxable","11":"purchasable","12":"product-type-simple"},"_links":{"self":[{"href":"https:\/\/www.acquavici.com.br\/en\/wp-json\/wp\/v2\/product\/1281","targetHints":{"allow":["GET"]}}],"collection":[{"href":"https:\/\/www.acquavici.com.br\/en\/wp-json\/wp\/v2\/product"}],"about":[{"href":"https:\/\/www.acquavici.com.br\/en\/wp-json\/wp\/v2\/types\/product"}],"replies":[{"embeddable":true,"href":"https:\/\/www.acquavici.com.br\/en\/wp-json\/wp\/v2\/comments?post=1281"}],"wp:featuredmedia":[{"embeddable":true,"href":"https:\/\/www.acquavici.com.br\/en\/wp-json\/wp\/v2\/media\/1350"}],"wp:attachment":[{"href":"https:\/\/www.acquavici.com.br\/en\/wp-json\/wp\/v2\/media?parent=1281"}],"wp:term":[{"taxonomy":"product_brand","embeddable":true,"href":"https:\/\/www.acquavici.com.br\/en\/wp-json\/wp\/v2\/product_brand?post=1281"},{"taxonomy":"product_cat","embeddable":true,"href":"https:\/\/www.acquavici.com.br\/en\/wp-json\/wp\/v2\/product_cat?post=1281"},{"taxonomy":"product_tag","embeddable":true,"href":"https:\/\/www.acquavici.com.br\/en\/wp-json\/wp\/v2\/product_tag?post=1281"}],"curies":[{"name":"wp","href":"https:\/\/api.w.org\/{rel}","templated":true}]}}