{"id":1282,"date":"2024-04-17T10:56:23","date_gmt":"2024-04-17T13:56:23","guid":{"rendered":"https:\/\/www.acquavici.com.br\/?post_type=product&#038;p=1282"},"modified":"2025-08-21T11:21:13","modified_gmt":"2025-08-21T14:21:13","slug":"ducha-top-jet-turbo-multitemperaturas-lorenzetti-220v-7500w","status":"publish","type":"product","link":"https:\/\/www.acquavici.com.br\/en\/ducha-top-jet-turbo-multitemperaturas-lorenzetti-220v-7500w\/","title":{"rendered":"DUCHA TOP JET TURBO MULTITEMPERATURA 220V 7.500W LORENZETTI"},"content":{"rendered":"<p>A ducha Top Jet da Lorenzetti traz o m\u00e1ximo conforto e o prazer de um banho das famosas e conhecidas duchas de parede, a Top Jet Turbo conta com um grande espalhador e maior \u00e1rea de banho para um jato incr\u00edvel.<br \/>\nA vers\u00e3o Turbo tem como objetivo aumentar a press\u00e3o de \u00e1gua no banho por meio de pressurizador acoplado \u00e0 ducha.<br \/>\nO modelo \u00e9 indicado para locais como casas t\u00e9rreas, sobrados e apartamentos de coberturas que geralmente possuem pouca press\u00e3o de \u00e1gua.<br \/>\nOs pressurizadores s\u00e3o a solu\u00e7\u00e3o mais econ\u00f4mica para problemas de press\u00e3o e volume de \u00e1gua.<br \/>\nA Top Jet Turbo possui um bot\u00e3o liga\/desliga do turbo, ou seja, a utiliza\u00e7\u00e3o desta fun\u00e7\u00e3o \u00e9 opcional.<\/p>\n<p>Itens inclusos:<br \/>\n1 Ducha Top Jet Turbo Multitemperaturas Lorenzetti 220v 7500w;<br \/>\n1 Manual de Instru\u00e7\u00f5es;<\/p>\n<p>ATEN\u00c7\u00c3O<br \/>\nEnviado com Nota Fiscal.<\/p>\n<p>SOMOS ASSIST\u00caNCIA T\u00c9CNICA AUTORIZADA LORENZETTI.<\/p>","protected":false},"excerpt":{"rendered":"<p>A ducha Top Jet da Lorenzetti traz o m\u00e1ximo conforto e o prazer de um banho das famosas e conhecidas duchas de parede, a Top Jet Turbo conta com um grande espalhador e maior \u00e1rea de banho para um jato incr\u00edvel. A vers\u00e3o Turbo tem como objetivo aumentar a press\u00e3o de \u00e1gua no banho por [&hellip;]<\/p>","protected":false},"featured_media":1370,"comment_status":"open","ping_status":"closed","template":"","meta":[],"product_brand":[],"product_cat":[24],"product_tag":[],"class_list":{"0":"post-1282","1":"product","2":"type-product","3":"status-publish","4":"has-post-thumbnail","6":"product_cat-duchas-chuveiros","8":"first","9":"instock","10":"shipping-taxable","11":"purchasable","12":"product-type-simple"},"_links":{"self":[{"href":"https:\/\/www.acquavici.com.br\/en\/wp-json\/wp\/v2\/product\/1282","targetHints":{"allow":["GET"]}}],"collection":[{"href":"https:\/\/www.acquavici.com.br\/en\/wp-json\/wp\/v2\/product"}],"about":[{"href":"https:\/\/www.acquavici.com.br\/en\/wp-json\/wp\/v2\/types\/product"}],"replies":[{"embeddable":true,"href":"https:\/\/www.acquavici.com.br\/en\/wp-json\/wp\/v2\/comments?post=1282"}],"wp:featuredmedia":[{"embeddable":true,"href":"https:\/\/www.acquavici.com.br\/en\/wp-json\/wp\/v2\/media\/1370"}],"wp:attachment":[{"href":"https:\/\/www.acquavici.com.br\/en\/wp-json\/wp\/v2\/media?parent=1282"}],"wp:term":[{"taxonomy":"product_brand","embeddable":true,"href":"https:\/\/www.acquavici.com.br\/en\/wp-json\/wp\/v2\/product_brand?post=1282"},{"taxonomy":"product_cat","embeddable":true,"href":"https:\/\/www.acquavici.com.br\/en\/wp-json\/wp\/v2\/product_cat?post=1282"},{"taxonomy":"product_tag","embeddable":true,"href":"https:\/\/www.acquavici.com.br\/en\/wp-json\/wp\/v2\/product_tag?post=1282"}],"curies":[{"name":"wp","href":"https:\/\/api.w.org\/{rel}","templated":true}]}}