{"id":1283,"date":"2024-04-17T10:56:23","date_gmt":"2024-04-17T13:56:23","guid":{"rendered":"https:\/\/www.acquavici.com.br\/?post_type=product&#038;p=1283"},"modified":"2024-04-17T10:56:49","modified_gmt":"2024-04-17T13:56:49","slug":"torneira-eletronica-essence-br-cr-lorenzetti-parede-220v-550w","status":"publish","type":"product","link":"https:\/\/www.acquavici.com.br\/en\/torneira-eletronica-essence-br-cr-lorenzetti-parede-220v-550w\/","title":{"rendered":"Torneira Eletr\u00f4nica Essence Br\/Cr Lorenzetti Parede 220v 550w"},"content":{"rendered":"<p>A Torneira El\u00e9trica De Parede Essence Br\/Cr 220v Lorenzetti Parede \u00e9 a escolha perfeita para a sua cozinha.<\/p>\n<p>Com design moderno e elegante, ela traz praticidade e conforto para o seu dia a dia.<\/p>\n<p>Feita com materiais de alta qualidade, como alum\u00ednio, cromo e termopl\u00e1sticos, garante durabilidade e resist\u00eancia.<\/p>\n<p>Seu modelo m\u00f3vel permite ajustar a dire\u00e7\u00e3o do jato de \u00e1gua, facilitando o uso.<\/p>\n<p>Com pot\u00eancia de 5500W, ela proporciona \u00e1gua quente de forma r\u00e1pida e eficiente.<\/p>\n<p>Instale na parede e desfrute de uma torneira que une funcionalidade e estilo.<\/p>\n<p>Itens inclusos:<br \/>\n1 Torneira Eletr\u00f4nica Essence Br\/Cr Lorenzetti Parede 220v 550w;<br \/>\n1 Manual de Instru\u00e7\u00f5es;<\/p>\n<p>ATEN\u00c7\u00c3O<br \/>\nEnviado com Nota Fiscal.<\/p>\n<p>SOMOS ASSIST\u00caNCIA T\u00c9CNICA AUTORIZADA LORENZETTI.<\/p>","protected":false},"excerpt":{"rendered":"<p>A Torneira El\u00e9trica De Parede Essence Br\/Cr 220v Lorenzetti Parede \u00e9 a escolha perfeita para a sua cozinha. Com design moderno e elegante, ela traz praticidade e conforto para o seu dia a dia. Feita com materiais de alta qualidade, como alum\u00ednio, cromo e termopl\u00e1sticos, garante durabilidade e resist\u00eancia. Seu modelo m\u00f3vel permite ajustar a [&hellip;]<\/p>","protected":false},"featured_media":1373,"comment_status":"open","ping_status":"closed","template":"","meta":[],"product_brand":[],"product_cat":[19],"product_tag":[],"class_list":{"0":"post-1283","1":"product","2":"type-product","3":"status-publish","4":"has-post-thumbnail","6":"product_cat-torneiras","8":"first","9":"instock","10":"shipping-taxable","11":"purchasable","12":"product-type-simple"},"_links":{"self":[{"href":"https:\/\/www.acquavici.com.br\/en\/wp-json\/wp\/v2\/product\/1283","targetHints":{"allow":["GET"]}}],"collection":[{"href":"https:\/\/www.acquavici.com.br\/en\/wp-json\/wp\/v2\/product"}],"about":[{"href":"https:\/\/www.acquavici.com.br\/en\/wp-json\/wp\/v2\/types\/product"}],"replies":[{"embeddable":true,"href":"https:\/\/www.acquavici.com.br\/en\/wp-json\/wp\/v2\/comments?post=1283"}],"wp:featuredmedia":[{"embeddable":true,"href":"https:\/\/www.acquavici.com.br\/en\/wp-json\/wp\/v2\/media\/1373"}],"wp:attachment":[{"href":"https:\/\/www.acquavici.com.br\/en\/wp-json\/wp\/v2\/media?parent=1283"}],"wp:term":[{"taxonomy":"product_brand","embeddable":true,"href":"https:\/\/www.acquavici.com.br\/en\/wp-json\/wp\/v2\/product_brand?post=1283"},{"taxonomy":"product_cat","embeddable":true,"href":"https:\/\/www.acquavici.com.br\/en\/wp-json\/wp\/v2\/product_cat?post=1283"},{"taxonomy":"product_tag","embeddable":true,"href":"https:\/\/www.acquavici.com.br\/en\/wp-json\/wp\/v2\/product_tag?post=1283"}],"curies":[{"name":"wp","href":"https:\/\/api.w.org\/{rel}","templated":true}]}}