{"id":1284,"date":"2024-04-17T10:56:23","date_gmt":"2024-04-17T13:56:23","guid":{"rendered":"https:\/\/www.acquavici.com.br\/?post_type=product&#038;p=1284"},"modified":"2024-04-17T10:56:50","modified_gmt":"2024-04-17T13:56:50","slug":"resistencia-chuveiro-e-torneira-cardal-suprema-compacta-220v-5500w-re093","status":"publish","type":"product","link":"https:\/\/www.acquavici.com.br\/en\/resistencia-chuveiro-e-torneira-cardal-suprema-compacta-220v-5500w-re093\/","title":{"rendered":"Resist\u00eancia Chuveiro e Torneira Cardal Suprema\/Compacta 220v 5500w &#8211; RE093"},"content":{"rendered":"<p>Resist\u00eancia Chuveiro e Torneira Cardal Suprema\/Compacta 220v 5500w &#8211; RE093<\/p>\n<p>Resist\u00eancia compat\u00edvel com:<br \/>\nDucha Suprema<br \/>\nDucha Compacta<br \/>\nDucha Suprema Plus<br \/>\nTorneira Suprema<\/p>\n<p>Especifica\u00e7\u00f5es T\u00e9cnicas:<br \/>\nPotencia: 5500w<br \/>\nVoltagem: 220v<br \/>\nQuantas Temperaturas: 3T<\/p>\n<p>Itens inclusos:<br \/>\n1 Resist\u00eancia Chuveiro e Torneira Cardal Suprema\/Compacta 220v 5500w &#8211; RE093;<br \/>\n1 Manual de Instru\u00e7\u00f5es;<\/p>\n<p>ATEN\u00c7\u00c3O<br \/>\nEnviado com Nota Fiscal.<\/p>\n<p>SOMOS ASSIST\u00caNCIA T\u00c9CNICA AUTORIZADA CARDAL.<\/p>","protected":false},"excerpt":{"rendered":"<p>Resist\u00eancia Chuveiro e Torneira Cardal Suprema\/Compacta 220v 5500w &#8211; RE093 Resist\u00eancia compat\u00edvel com: Ducha Suprema Ducha Compacta Ducha Suprema Plus Torneira Suprema Especifica\u00e7\u00f5es T\u00e9cnicas: Potencia: 5500w Voltagem: 220v Quantas Temperaturas: 3T Itens inclusos: 1 Resist\u00eancia Chuveiro e Torneira Cardal Suprema\/Compacta 220v 5500w &#8211; RE093; 1 Manual de Instru\u00e7\u00f5es; ATEN\u00c7\u00c3O Enviado com Nota Fiscal. SOMOS ASSIST\u00caNCIA [&hellip;]<\/p>","protected":false},"featured_media":1380,"comment_status":"open","ping_status":"closed","template":"","meta":[],"product_brand":[],"product_cat":[21],"product_tag":[],"class_list":{"0":"post-1284","1":"product","2":"type-product","3":"status-publish","4":"has-post-thumbnail","6":"product_cat-aquecedor-eletrico","8":"first","9":"instock","10":"shipping-taxable","11":"purchasable","12":"product-type-simple"},"_links":{"self":[{"href":"https:\/\/www.acquavici.com.br\/en\/wp-json\/wp\/v2\/product\/1284","targetHints":{"allow":["GET"]}}],"collection":[{"href":"https:\/\/www.acquavici.com.br\/en\/wp-json\/wp\/v2\/product"}],"about":[{"href":"https:\/\/www.acquavici.com.br\/en\/wp-json\/wp\/v2\/types\/product"}],"replies":[{"embeddable":true,"href":"https:\/\/www.acquavici.com.br\/en\/wp-json\/wp\/v2\/comments?post=1284"}],"wp:featuredmedia":[{"embeddable":true,"href":"https:\/\/www.acquavici.com.br\/en\/wp-json\/wp\/v2\/media\/1380"}],"wp:attachment":[{"href":"https:\/\/www.acquavici.com.br\/en\/wp-json\/wp\/v2\/media?parent=1284"}],"wp:term":[{"taxonomy":"product_brand","embeddable":true,"href":"https:\/\/www.acquavici.com.br\/en\/wp-json\/wp\/v2\/product_brand?post=1284"},{"taxonomy":"product_cat","embeddable":true,"href":"https:\/\/www.acquavici.com.br\/en\/wp-json\/wp\/v2\/product_cat?post=1284"},{"taxonomy":"product_tag","embeddable":true,"href":"https:\/\/www.acquavici.com.br\/en\/wp-json\/wp\/v2\/product_tag?post=1284"}],"curies":[{"name":"wp","href":"https:\/\/api.w.org\/{rel}","templated":true}]}}