{"id":1289,"date":"2024-04-17T10:56:24","date_gmt":"2024-04-17T13:56:24","guid":{"rendered":"https:\/\/www.acquavici.com.br\/?post_type=product&#038;p=1289"},"modified":"2024-07-15T10:34:35","modified_gmt":"2024-07-15T13:34:35","slug":"resistencia-p-torneira-elegance-4t-fame-127v-4800w","status":"publish","type":"product","link":"https:\/\/www.acquavici.com.br\/en\/resistencia-p-torneira-elegance-4t-fame-127v-4800w\/","title":{"rendered":"RESISTENCIA TORNEIRA ELEGANCE 4T 127V 4800W 3411"},"content":{"rendered":"<p>\u00c9 muito ruim quando estamos tomando aquele nosso banho quentinho logo pela manh\u00e3 ou usando a torneira com aquecedor para lavar a lou\u00e7a depois da janta, em um dia muito gelado e de repente a resist\u00eancia queima, n\u00e3o \u00e9 mesmo? Para n\u00e3o passarmos por essas situa\u00e7\u00f5es indesejadas, principalmente nos dias mais frios do ano, o ideal \u00e9 sempre ter uma resist\u00eancia reserva em casa.<\/p>\n<p>As Resist\u00eancias FAME original para os aparelhos de Aquecimento de \u00c1gua FAME s\u00e3o dur\u00e1veis, seguras e econ\u00f4micas, trazendo seguran\u00e7a no momento da substitui\u00e7\u00e3o e conforto na hora da utiliza\u00e7\u00e3o.<\/p>\n<p>Marca: Fame<br \/>\nmodelo 016.3411.1<br \/>\nVoltagem 127V<br \/>\nPot\u00eancia: 4800W<\/p>\n<p>Resist\u00eancia para:<br \/>\nTorneira Elegance 4T<\/p>\n<p>Itens inclusos:<br \/>\n1 Resist\u00eancia;<br \/>\n1 Manual de Instru\u00e7\u00f5es;<\/p>\n<p>ATEN\u00c7\u00c3O<br \/>\nEnviado com Nota Fiscal<\/p>\n<p>SOMOS ASSIST\u00caNCIA T\u00c9CNICA AUTORIZADA FAME.<\/p>","protected":false},"excerpt":{"rendered":"<p>\u00c9 muito ruim quando estamos tomando aquele nosso banho quentinho logo pela manh\u00e3 ou usando a torneira com aquecedor para lavar a lou\u00e7a depois da janta, em um dia muito gelado e de repente a resist\u00eancia queima, n\u00e3o \u00e9 mesmo? Para n\u00e3o passarmos por essas situa\u00e7\u00f5es indesejadas, principalmente nos dias mais frios do ano, o [&hellip;]<\/p>","protected":false},"featured_media":1392,"comment_status":"open","ping_status":"closed","template":"","meta":[],"product_brand":[],"product_cat":[19],"product_tag":[],"class_list":{"0":"post-1289","1":"product","2":"type-product","3":"status-publish","4":"has-post-thumbnail","6":"product_cat-torneiras","8":"first","9":"instock","10":"shipping-taxable","11":"purchasable","12":"product-type-simple"},"_links":{"self":[{"href":"https:\/\/www.acquavici.com.br\/en\/wp-json\/wp\/v2\/product\/1289","targetHints":{"allow":["GET"]}}],"collection":[{"href":"https:\/\/www.acquavici.com.br\/en\/wp-json\/wp\/v2\/product"}],"about":[{"href":"https:\/\/www.acquavici.com.br\/en\/wp-json\/wp\/v2\/types\/product"}],"replies":[{"embeddable":true,"href":"https:\/\/www.acquavici.com.br\/en\/wp-json\/wp\/v2\/comments?post=1289"}],"wp:featuredmedia":[{"embeddable":true,"href":"https:\/\/www.acquavici.com.br\/en\/wp-json\/wp\/v2\/media\/1392"}],"wp:attachment":[{"href":"https:\/\/www.acquavici.com.br\/en\/wp-json\/wp\/v2\/media?parent=1289"}],"wp:term":[{"taxonomy":"product_brand","embeddable":true,"href":"https:\/\/www.acquavici.com.br\/en\/wp-json\/wp\/v2\/product_brand?post=1289"},{"taxonomy":"product_cat","embeddable":true,"href":"https:\/\/www.acquavici.com.br\/en\/wp-json\/wp\/v2\/product_cat?post=1289"},{"taxonomy":"product_tag","embeddable":true,"href":"https:\/\/www.acquavici.com.br\/en\/wp-json\/wp\/v2\/product_tag?post=1289"}],"curies":[{"name":"wp","href":"https:\/\/api.w.org\/{rel}","templated":true}]}}