{"id":1295,"date":"2024-04-17T10:56:24","date_gmt":"2024-04-17T13:56:24","guid":{"rendered":"https:\/\/www.acquavici.com.br\/?post_type=product&#038;p=1295"},"modified":"2024-07-11T13:28:16","modified_gmt":"2024-07-11T16:28:16","slug":"resistencia-ducha-jet-tradicao-lorenducha-lorenzetti-220v-5700w-055-n","status":"publish","type":"product","link":"https:\/\/www.acquavici.com.br\/en\/resistencia-ducha-jet-tradicao-lorenducha-lorenzetti-220v-5700w-055-n\/","title":{"rendered":"RESISTENCIA DUCHA JET, TRADI\u00c7AO, LORENDUCHA 220V 5700W LORENZETTI 055 N"},"content":{"rendered":"<p>Resistencia Ducha Jet, Tradi\u00e7\u00e3o, Lorenducha Lorenzetti 220v 5700w 055 N<\/p>\n<p>Descri\u00e7\u00e3o do produto: Cada produto e desenvolvido com fia\u00e7\u00e3o interna para suportar uma determinada Voltagem e Potencia.<br \/>\nNunca coloque uma resist\u00eancia que tenha caracter\u00edsticas diferentes do padr\u00e3o desenvolvido para seu produto.<\/p>\n<p>Detalhes do produto:<br \/>\nC\u00f3digo de referencia: 055 N<br \/>\nVoltagem: 220V<br \/>\nPot\u00eancia: 5700W<br \/>\nComponentes: Ligas de cobre e a\u00e7o.<\/p>\n<p>Compat\u00edvel com os modelos:<br \/>\nLorenDucha<br \/>\nTradi\u00e7\u00e3o<br \/>\nJet Set 4<br \/>\nJet Multitemperaturas<\/p>\n<p>Aten\u00e7\u00e3o: Antes de efetuar a troca da resist\u00eancia, leia o manual de instru\u00e7\u00f5es, fornecido junto da resist\u00eancia nova e siga as recomenda\u00e7\u00f5es espec\u00edficas para o seu produto.<\/p>\n<p>Itens inclusos:<br \/>\n01 Resistencia Ducha Jet, Tradi\u00e7\u00e3o, Lorenducha Lorenzetti 220v 5700w 055 N;<br \/>\n01 Manual de Instru\u00e7\u00f5es;<\/p>\n<p>ATEN\u00c7\u00c3O<br \/>\nEnviado com Nota Fiscal.<\/p>\n<p>SOMOS ASSIST\u00caNCIA T\u00c9CNICA AUTORIZADA LORENZETTI.<\/p>","protected":false},"excerpt":{"rendered":"<p>Resistencia Ducha Jet, Tradi\u00e7\u00e3o, Lorenducha Lorenzetti 220v 5700w 055 N Descri\u00e7\u00e3o do produto: Cada produto e desenvolvido com fia\u00e7\u00e3o interna para suportar uma determinada Voltagem e Potencia. Nunca coloque uma resist\u00eancia que tenha caracter\u00edsticas diferentes do padr\u00e3o desenvolvido para seu produto. Detalhes do produto: C\u00f3digo de referencia: 055 N Voltagem: 220V Pot\u00eancia: 5700W Componentes: Ligas [&hellip;]<\/p>","protected":false},"featured_media":1403,"comment_status":"open","ping_status":"closed","template":"","meta":[],"product_brand":[],"product_cat":[24],"product_tag":[],"class_list":{"0":"post-1295","1":"product","2":"type-product","3":"status-publish","4":"has-post-thumbnail","6":"product_cat-duchas-chuveiros","8":"first","9":"instock","10":"shipping-taxable","11":"purchasable","12":"product-type-simple"},"_links":{"self":[{"href":"https:\/\/www.acquavici.com.br\/en\/wp-json\/wp\/v2\/product\/1295","targetHints":{"allow":["GET"]}}],"collection":[{"href":"https:\/\/www.acquavici.com.br\/en\/wp-json\/wp\/v2\/product"}],"about":[{"href":"https:\/\/www.acquavici.com.br\/en\/wp-json\/wp\/v2\/types\/product"}],"replies":[{"embeddable":true,"href":"https:\/\/www.acquavici.com.br\/en\/wp-json\/wp\/v2\/comments?post=1295"}],"wp:featuredmedia":[{"embeddable":true,"href":"https:\/\/www.acquavici.com.br\/en\/wp-json\/wp\/v2\/media\/1403"}],"wp:attachment":[{"href":"https:\/\/www.acquavici.com.br\/en\/wp-json\/wp\/v2\/media?parent=1295"}],"wp:term":[{"taxonomy":"product_brand","embeddable":true,"href":"https:\/\/www.acquavici.com.br\/en\/wp-json\/wp\/v2\/product_brand?post=1295"},{"taxonomy":"product_cat","embeddable":true,"href":"https:\/\/www.acquavici.com.br\/en\/wp-json\/wp\/v2\/product_cat?post=1295"},{"taxonomy":"product_tag","embeddable":true,"href":"https:\/\/www.acquavici.com.br\/en\/wp-json\/wp\/v2\/product_tag?post=1295"}],"curies":[{"name":"wp","href":"https:\/\/api.w.org\/{rel}","templated":true}]}}