{"id":1297,"date":"2024-04-17T10:56:24","date_gmt":"2024-04-17T13:56:24","guid":{"rendered":"https:\/\/www.acquavici.com.br\/?post_type=product&#038;p=1297"},"modified":"2024-04-17T10:57:00","modified_gmt":"2024-04-17T13:57:00","slug":"resistencia-maxi-bella-relax-jet-set-lorenzetti-220v-3200w-055-r","status":"publish","type":"product","link":"https:\/\/www.acquavici.com.br\/en\/resistencia-maxi-bella-relax-jet-set-lorenzetti-220v-3200w-055-r\/","title":{"rendered":"Resist\u00eancia Maxi, Bella, Relax, Jet Set Lorenzetti 220v 3200w 055 R"},"content":{"rendered":"<p>Resist\u00eancia Maxi, Bella, Relax, Jet Set Lorenzetti 220v 3200w 055 R<\/p>\n<p>Descri\u00e7\u00e3o do produto: Cada produto e desenvolvido com fia\u00e7\u00e3o interna para suportar uma determinada Voltagem e Potencia.<br \/>\nNunca coloque uma resist\u00eancia que tenha caracter\u00edsticas diferentes do padr\u00e3o desenvolvido para seu produto.<\/p>\n<p>Detalhes do produto:<br \/>\nC\u00f3digo de referencia: 055 R<br \/>\nVoltagem: 220V<br \/>\nPot\u00eancia: 3200W<br \/>\nComponentes: Ligas de cobre e a\u00e7o.<\/p>\n<p>Compat\u00edvel com os modelos:<br \/>\nMaxi Ducha<br \/>\nMaxi Banho<br \/>\nBig Banho<br \/>\nBella Ducha<br \/>\nBello Banho<\/p>\n<p>Aten\u00e7\u00e3o: Antes de efetuar a troca da resist\u00eancia, leia o manual de instru\u00e7\u00f5es, fornecido junto da resist\u00eancia nova e siga as recomenda\u00e7\u00f5es espec\u00edficas para o seu produto.<\/p>\n<p>Itens inclusos:<br \/>\n01 Resist\u00eancia Maxi, Bella, Relax, Jet Set Lorenzetti 220v 3200w 055 R;<br \/>\n01 Manual de Instru\u00e7\u00f5es;<\/p>\n<p>ATEN\u00c7\u00c3O<br \/>\nEnviado com Nota Fiscal.<\/p>\n<p>SOMOS ASSIST\u00caNCIA T\u00c9CNICA AUTORIZADA LORENZETTI.<\/p>","protected":false},"excerpt":{"rendered":"<p>Resist\u00eancia Maxi, Bella, Relax, Jet Set Lorenzetti 220v 3200w 055 R Descri\u00e7\u00e3o do produto: Cada produto e desenvolvido com fia\u00e7\u00e3o interna para suportar uma determinada Voltagem e Potencia. Nunca coloque uma resist\u00eancia que tenha caracter\u00edsticas diferentes do padr\u00e3o desenvolvido para seu produto. Detalhes do produto: C\u00f3digo de referencia: 055 R Voltagem: 220V Pot\u00eancia: 3200W Componentes: [&hellip;]<\/p>","protected":false},"featured_media":1408,"comment_status":"open","ping_status":"closed","template":"","meta":[],"product_brand":[],"product_cat":[24],"product_tag":[],"class_list":{"0":"post-1297","1":"product","2":"type-product","3":"status-publish","4":"has-post-thumbnail","6":"product_cat-duchas-chuveiros","8":"first","9":"instock","10":"shipping-taxable","11":"purchasable","12":"product-type-simple"},"_links":{"self":[{"href":"https:\/\/www.acquavici.com.br\/en\/wp-json\/wp\/v2\/product\/1297","targetHints":{"allow":["GET"]}}],"collection":[{"href":"https:\/\/www.acquavici.com.br\/en\/wp-json\/wp\/v2\/product"}],"about":[{"href":"https:\/\/www.acquavici.com.br\/en\/wp-json\/wp\/v2\/types\/product"}],"replies":[{"embeddable":true,"href":"https:\/\/www.acquavici.com.br\/en\/wp-json\/wp\/v2\/comments?post=1297"}],"wp:featuredmedia":[{"embeddable":true,"href":"https:\/\/www.acquavici.com.br\/en\/wp-json\/wp\/v2\/media\/1408"}],"wp:attachment":[{"href":"https:\/\/www.acquavici.com.br\/en\/wp-json\/wp\/v2\/media?parent=1297"}],"wp:term":[{"taxonomy":"product_brand","embeddable":true,"href":"https:\/\/www.acquavici.com.br\/en\/wp-json\/wp\/v2\/product_brand?post=1297"},{"taxonomy":"product_cat","embeddable":true,"href":"https:\/\/www.acquavici.com.br\/en\/wp-json\/wp\/v2\/product_cat?post=1297"},{"taxonomy":"product_tag","embeddable":true,"href":"https:\/\/www.acquavici.com.br\/en\/wp-json\/wp\/v2\/product_tag?post=1297"}],"curies":[{"name":"wp","href":"https:\/\/api.w.org\/{rel}","templated":true}]}}