{"id":1361,"date":"2024-04-17T10:56:46","date_gmt":"2024-04-17T13:56:46","guid":{"rendered":"https:\/\/www.acquavici.com.br\/?post_type=product&#038;p=1361"},"modified":"2024-04-17T10:57:06","modified_gmt":"2024-04-17T13:57:06","slug":"prensa-canopla-soho-cr-fabrimar-ref-04282","status":"publish","type":"product","link":"https:\/\/www.acquavici.com.br\/en\/prensa-canopla-soho-cr-fabrimar-ref-04282\/","title":{"rendered":"Prensa Canopla Soho Cr Fabrimar REF 04282"},"content":{"rendered":"<p>Prensa Canopla Original P\/Acabamentos de Registro Fabrimar.<\/p>\n<p>Modelos:<br \/>\nSoho<br \/>\nZeta<br \/>\nFolk (Modelo antigo) Favor atentar para semelhan\u00e7a!!!<\/p>\n<p>Itens inclusos:<br \/>\n01 Prensa Canopla Soho Cr Fabrimar REF 04282;<br \/>\n01 Manual de Instru\u00e7\u00f5es;<\/p>\n<p>ATEN\u00c7\u00c3O<br \/>\nEnviado com Nota Fiscal.<\/p>\n<p>&nbsp;<\/p>","protected":false},"excerpt":{"rendered":"<p>Prensa Canopla Original P\/Acabamentos de Registro Fabrimar. Modelos: Soho Zeta Folk (Modelo antigo) Favor atentar para semelhan\u00e7a!!! Itens inclusos: 01 Prensa Canopla Soho Cr Fabrimar REF 04282; 01 Manual de Instru\u00e7\u00f5es; ATEN\u00c7\u00c3O Enviado com Nota Fiscal. &nbsp;<\/p>","protected":false},"featured_media":1421,"comment_status":"open","ping_status":"closed","template":"","meta":[],"product_brand":[],"product_cat":[17],"product_tag":[],"class_list":{"0":"post-1361","1":"product","2":"type-product","3":"status-publish","4":"has-post-thumbnail","6":"product_cat-pecas-em-geral","8":"first","9":"instock","10":"shipping-taxable","11":"purchasable","12":"product-type-simple"},"_links":{"self":[{"href":"https:\/\/www.acquavici.com.br\/en\/wp-json\/wp\/v2\/product\/1361","targetHints":{"allow":["GET"]}}],"collection":[{"href":"https:\/\/www.acquavici.com.br\/en\/wp-json\/wp\/v2\/product"}],"about":[{"href":"https:\/\/www.acquavici.com.br\/en\/wp-json\/wp\/v2\/types\/product"}],"replies":[{"embeddable":true,"href":"https:\/\/www.acquavici.com.br\/en\/wp-json\/wp\/v2\/comments?post=1361"}],"wp:featuredmedia":[{"embeddable":true,"href":"https:\/\/www.acquavici.com.br\/en\/wp-json\/wp\/v2\/media\/1421"}],"wp:attachment":[{"href":"https:\/\/www.acquavici.com.br\/en\/wp-json\/wp\/v2\/media?parent=1361"}],"wp:term":[{"taxonomy":"product_brand","embeddable":true,"href":"https:\/\/www.acquavici.com.br\/en\/wp-json\/wp\/v2\/product_brand?post=1361"},{"taxonomy":"product_cat","embeddable":true,"href":"https:\/\/www.acquavici.com.br\/en\/wp-json\/wp\/v2\/product_cat?post=1361"},{"taxonomy":"product_tag","embeddable":true,"href":"https:\/\/www.acquavici.com.br\/en\/wp-json\/wp\/v2\/product_tag?post=1361"}],"curies":[{"name":"wp","href":"https:\/\/api.w.org\/{rel}","templated":true}]}}