{"id":1362,"date":"2024-04-17T10:56:46","date_gmt":"2024-04-17T13:56:46","guid":{"rendered":"https:\/\/www.acquavici.com.br\/?post_type=product&#038;p=1362"},"modified":"2024-04-17T10:57:06","modified_gmt":"2024-04-17T13:57:06","slug":"reparo-cilindro-torneira-mictorio-aut-biopress-fabrimar-ref-04876","status":"publish","type":"product","link":"https:\/\/www.acquavici.com.br\/en\/reparo-cilindro-torneira-mictorio-aut-biopress-fabrimar-ref-04876\/","title":{"rendered":"Reparo Cilindro Torneira Mictorio Aut. Biopress Fabrimar REF 04876"},"content":{"rendered":"<p>Reparo Cilindro Torneira Mictorio Autom\u00e1tico Biopress Fabrimar REF 04876<\/p>\n<p>Modelos:<br \/>\nREF 04876<\/p>\n<p>Itens inclusos:<br \/>\n01 Reparo Cilindro Torneira Mictorio Autom\u00e1tico Biopress Fabrimar REF 04876;<br \/>\n01 Manual de Instru\u00e7\u00f5es;<\/p>\n<p>ATEN\u00c7\u00c3O<br \/>\nEnviado com Nota Fiscal.<\/p>\n<p>&nbsp;<\/p>","protected":false},"excerpt":{"rendered":"<p>Reparo Cilindro Torneira Mictorio Autom\u00e1tico Biopress Fabrimar REF 04876 Modelos: REF 04876 Itens inclusos: 01 Reparo Cilindro Torneira Mictorio Autom\u00e1tico Biopress Fabrimar REF 04876; 01 Manual de Instru\u00e7\u00f5es; ATEN\u00c7\u00c3O Enviado com Nota Fiscal. &nbsp;<\/p>","protected":false},"featured_media":1424,"comment_status":"open","ping_status":"closed","template":"","meta":[],"product_brand":[],"product_cat":[17],"product_tag":[],"class_list":{"0":"post-1362","1":"product","2":"type-product","3":"status-publish","4":"has-post-thumbnail","6":"product_cat-pecas-em-geral","8":"first","9":"instock","10":"shipping-taxable","11":"purchasable","12":"product-type-simple"},"_links":{"self":[{"href":"https:\/\/www.acquavici.com.br\/en\/wp-json\/wp\/v2\/product\/1362","targetHints":{"allow":["GET"]}}],"collection":[{"href":"https:\/\/www.acquavici.com.br\/en\/wp-json\/wp\/v2\/product"}],"about":[{"href":"https:\/\/www.acquavici.com.br\/en\/wp-json\/wp\/v2\/types\/product"}],"replies":[{"embeddable":true,"href":"https:\/\/www.acquavici.com.br\/en\/wp-json\/wp\/v2\/comments?post=1362"}],"wp:featuredmedia":[{"embeddable":true,"href":"https:\/\/www.acquavici.com.br\/en\/wp-json\/wp\/v2\/media\/1424"}],"wp:attachment":[{"href":"https:\/\/www.acquavici.com.br\/en\/wp-json\/wp\/v2\/media?parent=1362"}],"wp:term":[{"taxonomy":"product_brand","embeddable":true,"href":"https:\/\/www.acquavici.com.br\/en\/wp-json\/wp\/v2\/product_brand?post=1362"},{"taxonomy":"product_cat","embeddable":true,"href":"https:\/\/www.acquavici.com.br\/en\/wp-json\/wp\/v2\/product_cat?post=1362"},{"taxonomy":"product_tag","embeddable":true,"href":"https:\/\/www.acquavici.com.br\/en\/wp-json\/wp\/v2\/product_tag?post=1362"}],"curies":[{"name":"wp","href":"https:\/\/api.w.org\/{rel}","templated":true}]}}