{"id":1363,"date":"2024-04-17T10:56:46","date_gmt":"2024-04-17T13:56:46","guid":{"rendered":"https:\/\/www.acquavici.com.br\/?post_type=product&#038;p=1363"},"modified":"2025-05-22T11:18:17","modified_gmt":"2025-05-22T14:18:17","slug":"kit-identificacao-temperatura-monocomando-fabrimar-ref-06214","status":"publish","type":"product","link":"https:\/\/www.acquavici.com.br\/en\/kit-identificacao-temperatura-monocomando-fabrimar-ref-06214\/","title":{"rendered":"Kit Identifica\u00e7\u00e3o Temperatura Monocomando Fabrimar REF 06214"},"content":{"rendered":"<p>Kit Identifica\u00e7\u00e3o Temperatura Monocomando Fabrimar REF 06214<\/p>\n<p>Modelos:<br \/>\nREF 06214<\/p>\n<p>Itens inclusos:<br \/>\n01 Kit Identifica\u00e7\u00e3o Temperatura Monocomando Fabrimar REF 06214;<br \/>\n01 Manual de Instru\u00e7\u00f5es;<\/p>\n<p>ATEN\u00c7\u00c3O<br \/>\nEnviado com Nota Fiscal.<\/p>\n<p>&nbsp;<\/p>","protected":false},"excerpt":{"rendered":"<p>Kit Identifica\u00e7\u00e3o Temperatura Monocomando Fabrimar REF 06214 Modelos: REF 06214 Itens inclusos: 01 Kit Identifica\u00e7\u00e3o Temperatura Monocomando Fabrimar REF 06214; 01 Manual de Instru\u00e7\u00f5es; ATEN\u00c7\u00c3O Enviado com Nota Fiscal. &nbsp;<\/p>","protected":false},"featured_media":1425,"comment_status":"open","ping_status":"closed","template":"","meta":[],"product_brand":[],"product_cat":[17],"product_tag":[],"class_list":{"0":"post-1363","1":"product","2":"type-product","3":"status-publish","4":"has-post-thumbnail","6":"product_cat-pecas-em-geral","8":"first","9":"onbackorder","10":"shipping-taxable","11":"purchasable","12":"product-type-simple"},"_links":{"self":[{"href":"https:\/\/www.acquavici.com.br\/en\/wp-json\/wp\/v2\/product\/1363","targetHints":{"allow":["GET"]}}],"collection":[{"href":"https:\/\/www.acquavici.com.br\/en\/wp-json\/wp\/v2\/product"}],"about":[{"href":"https:\/\/www.acquavici.com.br\/en\/wp-json\/wp\/v2\/types\/product"}],"replies":[{"embeddable":true,"href":"https:\/\/www.acquavici.com.br\/en\/wp-json\/wp\/v2\/comments?post=1363"}],"wp:featuredmedia":[{"embeddable":true,"href":"https:\/\/www.acquavici.com.br\/en\/wp-json\/wp\/v2\/media\/1425"}],"wp:attachment":[{"href":"https:\/\/www.acquavici.com.br\/en\/wp-json\/wp\/v2\/media?parent=1363"}],"wp:term":[{"taxonomy":"product_brand","embeddable":true,"href":"https:\/\/www.acquavici.com.br\/en\/wp-json\/wp\/v2\/product_brand?post=1363"},{"taxonomy":"product_cat","embeddable":true,"href":"https:\/\/www.acquavici.com.br\/en\/wp-json\/wp\/v2\/product_cat?post=1363"},{"taxonomy":"product_tag","embeddable":true,"href":"https:\/\/www.acquavici.com.br\/en\/wp-json\/wp\/v2\/product_tag?post=1363"}],"curies":[{"name":"wp","href":"https:\/\/api.w.org\/{rel}","templated":true}]}}