{"id":1364,"date":"2024-04-17T10:56:46","date_gmt":"2024-04-17T13:56:46","guid":{"rendered":"https:\/\/www.acquavici.com.br\/?post_type=product&#038;p=1364"},"modified":"2024-04-17T10:57:13","modified_gmt":"2024-04-17T13:57:13","slug":"acabamento-valvula-flux-cromado-fabrimar-ref-06609","status":"publish","type":"product","link":"https:\/\/www.acquavici.com.br\/en\/acabamento-valvula-flux-cromado-fabrimar-ref-06609\/","title":{"rendered":"Acabamento V\u00e1lvula Flux Cromado Fabrimar REF 06609"},"content":{"rendered":"<p>Acabamento V\u00e1lvula Flux Cromado Fabrimar REF 06609 \u00e9 fabricado em lat\u00e3o com acabamento cromado.<\/p>\n<p>Tem:<br \/>\n12 cm de altura.<br \/>\n5,6 cm de comprimento.<br \/>\nProduto de alta durabilidade e maior resist\u00eancia \u00e0 corros\u00e3o.<\/p>\n<p>Acabamento V\u00e1lvula Flux Cromado Fabrimar REF 06609<\/p>\n<p>Modelos:<br \/>\nREF 06609<\/p>\n<p>Itens inclusos:<br \/>\n01 Acabamento V\u00e1lvula Flux Cromado Fabrimar REF 06609;<br \/>\n01 Manual de Instru\u00e7\u00f5es;<\/p>\n<p>ATEN\u00c7\u00c3O<br \/>\nEnviado com Nota Fiscal.<\/p>\n<p>&nbsp;<\/p>","protected":false},"excerpt":{"rendered":"<p>Acabamento V\u00e1lvula Flux Cromado Fabrimar REF 06609 \u00e9 fabricado em lat\u00e3o com acabamento cromado. Tem: 12 cm de altura. 5,6 cm de comprimento. Produto de alta durabilidade e maior resist\u00eancia \u00e0 corros\u00e3o. Acabamento V\u00e1lvula Flux Cromado Fabrimar REF 06609 Modelos: REF 06609 Itens inclusos: 01 Acabamento V\u00e1lvula Flux Cromado Fabrimar REF 06609; 01 Manual de [&hellip;]<\/p>","protected":false},"featured_media":1451,"comment_status":"open","ping_status":"closed","template":"","meta":[],"product_brand":[],"product_cat":[17],"product_tag":[],"class_list":{"0":"post-1364","1":"product","2":"type-product","3":"status-publish","4":"has-post-thumbnail","6":"product_cat-pecas-em-geral","8":"first","9":"instock","10":"shipping-taxable","11":"purchasable","12":"product-type-simple"},"_links":{"self":[{"href":"https:\/\/www.acquavici.com.br\/en\/wp-json\/wp\/v2\/product\/1364","targetHints":{"allow":["GET"]}}],"collection":[{"href":"https:\/\/www.acquavici.com.br\/en\/wp-json\/wp\/v2\/product"}],"about":[{"href":"https:\/\/www.acquavici.com.br\/en\/wp-json\/wp\/v2\/types\/product"}],"replies":[{"embeddable":true,"href":"https:\/\/www.acquavici.com.br\/en\/wp-json\/wp\/v2\/comments?post=1364"}],"wp:featuredmedia":[{"embeddable":true,"href":"https:\/\/www.acquavici.com.br\/en\/wp-json\/wp\/v2\/media\/1451"}],"wp:attachment":[{"href":"https:\/\/www.acquavici.com.br\/en\/wp-json\/wp\/v2\/media?parent=1364"}],"wp:term":[{"taxonomy":"product_brand","embeddable":true,"href":"https:\/\/www.acquavici.com.br\/en\/wp-json\/wp\/v2\/product_brand?post=1364"},{"taxonomy":"product_cat","embeddable":true,"href":"https:\/\/www.acquavici.com.br\/en\/wp-json\/wp\/v2\/product_cat?post=1364"},{"taxonomy":"product_tag","embeddable":true,"href":"https:\/\/www.acquavici.com.br\/en\/wp-json\/wp\/v2\/product_tag?post=1364"}],"curies":[{"name":"wp","href":"https:\/\/api.w.org\/{rel}","templated":true}]}}