{"id":1365,"date":"2024-04-17T10:56:46","date_gmt":"2024-04-17T13:56:46","guid":{"rendered":"https:\/\/www.acquavici.com.br\/?post_type=product&#038;p=1365"},"modified":"2024-04-17T10:57:14","modified_gmt":"2024-04-17T13:57:14","slug":"plafon-lustre-p-ventilador-de-teto-fharo-ventisol","status":"publish","type":"product","link":"https:\/\/www.acquavici.com.br\/en\/plafon-lustre-p-ventilador-de-teto-fharo-ventisol\/","title":{"rendered":"Plafon Lustre P\/ Ventilador De Teto Fharo Ventisol"},"content":{"rendered":"<p>Plafon Lustre P\/ Ventilador De Teto Fharo Ventisol<\/p>\n<p>Lumin\u00e1ria em Alum\u00ednio e Globo em acr\u00edlico fosco<br \/>\nSuporte para duas l\u00e2mpadas E27<\/p>\n<p>Dimens\u00f5es :<br \/>\nDi\u00e2metro do suporte do Globo: 24cm<br \/>\nAltura: 9cm<\/p>\n<p>Compat\u00edvel com outros modelos de Ventilador, desde que a fixa\u00e7\u00e3o tamb\u00e9m seja por niple.<\/p>\n<p>N\u00e3o acompanha o suporte do Globo.<\/p>\n<p>Itens inclusos:<br \/>\n1 Plafon Lustre P\/ Ventilador De Teto Fharo Ventisol;<\/p>\n<p>ATEN\u00c7\u00c3O<br \/>\nEnviado com Nota Fiscal.<\/p>\n<p>SOMOS ASSIST\u00caNCIA T\u00c9CNICA AUTORIZADA VENTISOL.<\/p>","protected":false},"excerpt":{"rendered":"<p>Plafon Lustre P\/ Ventilador De Teto Fharo Ventisol Lumin\u00e1ria em Alum\u00ednio e Globo em acr\u00edlico fosco Suporte para duas l\u00e2mpadas E27 Dimens\u00f5es : Di\u00e2metro do suporte do Globo: 24cm Altura: 9cm Compat\u00edvel com outros modelos de Ventilador, desde que a fixa\u00e7\u00e3o tamb\u00e9m seja por niple. N\u00e3o acompanha o suporte do Globo. Itens inclusos: 1 Plafon [&hellip;]<\/p>","protected":false},"featured_media":1454,"comment_status":"open","ping_status":"closed","template":"","meta":[],"product_brand":[],"product_cat":[20],"product_tag":[],"class_list":{"0":"post-1365","1":"product","2":"type-product","3":"status-publish","4":"has-post-thumbnail","6":"product_cat-ventilador-de-teto","8":"first","9":"instock","10":"shipping-taxable","11":"purchasable","12":"product-type-simple"},"_links":{"self":[{"href":"https:\/\/www.acquavici.com.br\/en\/wp-json\/wp\/v2\/product\/1365","targetHints":{"allow":["GET"]}}],"collection":[{"href":"https:\/\/www.acquavici.com.br\/en\/wp-json\/wp\/v2\/product"}],"about":[{"href":"https:\/\/www.acquavici.com.br\/en\/wp-json\/wp\/v2\/types\/product"}],"replies":[{"embeddable":true,"href":"https:\/\/www.acquavici.com.br\/en\/wp-json\/wp\/v2\/comments?post=1365"}],"wp:featuredmedia":[{"embeddable":true,"href":"https:\/\/www.acquavici.com.br\/en\/wp-json\/wp\/v2\/media\/1454"}],"wp:attachment":[{"href":"https:\/\/www.acquavici.com.br\/en\/wp-json\/wp\/v2\/media?parent=1365"}],"wp:term":[{"taxonomy":"product_brand","embeddable":true,"href":"https:\/\/www.acquavici.com.br\/en\/wp-json\/wp\/v2\/product_brand?post=1365"},{"taxonomy":"product_cat","embeddable":true,"href":"https:\/\/www.acquavici.com.br\/en\/wp-json\/wp\/v2\/product_cat?post=1365"},{"taxonomy":"product_tag","embeddable":true,"href":"https:\/\/www.acquavici.com.br\/en\/wp-json\/wp\/v2\/product_tag?post=1365"}],"curies":[{"name":"wp","href":"https:\/\/api.w.org\/{rel}","templated":true}]}}